{"id":4081,"date":"2023-06-19T16:02:30","date_gmt":"2023-06-19T14:02:30","guid":{"rendered":"https:\/\/www.elpromaelectronics.com\/przelaczniki\/"},"modified":"2024-01-30T09:41:56","modified_gmt":"2024-01-30T08:41:56","slug":"przelaczniki","status":"publish","type":"page","link":"https:\/\/www.elpromaelectronics.com\/pl\/przelaczniki\/","title":{"rendered":"Prze\u0142\u0105czniki"},"content":{"rendered":"<h2>NOWOCZESNE PRZE\u0141\u0104CZNIKI<\/h2>\n<p>Oferujemy wiele rodzaj\u00f3w prze\u0142\u0105cznik\u00f3w, w tym prze\u0142\u0105czniki ko\u0142yskowe, wy\u0142\u0105czniki automatyczne, prze\u0142\u0105czniki dwustabilne, mikroprze\u0142\u0105czniki, prze\u0142\u0105czniki taktowe, prze\u0142\u0105czniki obrotowe, prze\u0142\u0105czniki ko\u0142yskowe i klawiatury. Charakteryzuj\u0105 si\u0119 one wysok\u0105 jako\u015bci\u0105 i klas\u0105 szczelno\u015bci. Zalet\u0105 jest mo\u017cliwo\u015b\u0107 wyboru r\u00f3\u017cnych rozmiar\u00f3w i kolor\u00f3w czapek.<\/p>\n<p>\t\t\t\t\t\t\t\t\t\t\t\t\t<img fetchpriority=\"high\" decoding=\"async\" width=\"396\" height=\"248\" src=\"https:\/\/www.elpromaelectronics.com\/wp-content\/uploads\/2023\/06\/demo-switches21-1.jpg\" alt=\"\" srcset=\"https:\/\/www.elpromaelectronics.com\/wp-content\/uploads\/2023\/06\/demo-switches21-1.jpg 396w, https:\/\/www.elpromaelectronics.com\/wp-content\/uploads\/2023\/06\/demo-switches21-1-300x188.jpg 300w\" sizes=\"(max-width: 396px) 100vw, 396px\" \/>\t\t\t\t\t\t\t\t\t\t\t\t\t<\/p>\n<p>Oferujemy szerok\u0105 gam\u0119 prze\u0142\u0105cznik\u00f3w. Nasze produkty s\u0105 przeznaczone do szerokiej gamy zastosowa\u0144. Dzi\u0119ki zastosowaniu modu\u0142owego podej\u015bcia do monta\u017cu prze\u0142\u0105cznik\u00f3w, u\u017cytkownik zyskuje wyj\u0105tkow\u0105 elastyczno\u015b\u0107 w wyborze funkcji.<\/p>\n","protected":false},"excerpt":{"rendered":"<p>NOWOCZESNE PRZE\u0141\u0104CZNIKI Oferujemy wiele rodzaj\u00f3w prze\u0142\u0105cznik\u00f3w, w tym prze\u0142\u0105czniki ko\u0142yskowe, wy\u0142\u0105czniki automatyczne, prze\u0142\u0105czniki dwustabilne, mikroprze\u0142\u0105czniki, prze\u0142\u0105czniki taktowe, prze\u0142\u0105czniki obrotowe, prze\u0142\u0105czniki ko\u0142yskowe i klawiatury. Charakteryzuj\u0105 si\u0119 one wysok\u0105 jako\u015bci\u0105 i klas\u0105 szczelno\u015bci. Zalet\u0105 jest mo\u017cliwo\u015b\u0107 wyboru r\u00f3\u017cnych rozmiar\u00f3w i kolor\u00f3w czapek. Oferujemy szerok\u0105 gam\u0119 prze\u0142\u0105cznik\u00f3w. Nasze produkty s\u0105 przeznaczone do szerokiej gamy zastosowa\u0144. Dzi\u0119ki zastosowaniu modu\u0142owego podej\u015bcia do monta\u017cu prze\u0142\u0105cznik\u00f3w, u\u017cytkownik\u2026<\/p>\n","protected":false},"author":1,"featured_media":0,"parent":0,"menu_order":0,"comment_status":"closed","ping_status":"closed","template":"elementor_header_footer","meta":{"_acf_changed":false,"_themeisle_gutenberg_block_has_review":false,"footnotes":""},"class_list":["post-4081","page","type-page","status-publish","hentry"],"acf":[],"yoast_head":"<!-- This site is optimized with the Yoast SEO Premium plugin v23.0 (Yoast SEO v24.5) - https:\/\/yoast.com\/wordpress\/plugins\/seo\/ -->\n<title>Prze\u0142\u0105czniki - Elproma<\/title>\n<meta name=\"robots\" content=\"index, follow, max-snippet:-1, max-image-preview:large, max-video-preview:-1\" \/>\n<link rel=\"canonical\" href=\"https:\/\/www.elpromaelectronics.com\/pl\/przelaczniki\/\" \/>\n<meta property=\"og:locale\" content=\"pl_PL\" \/>\n<meta property=\"og:type\" content=\"article\" \/>\n<meta property=\"og:title\" content=\"Prze\u0142\u0105czniki\" \/>\n<meta property=\"og:description\" content=\"NOWOCZESNE PRZE\u0141\u0104CZNIKI Oferujemy wiele rodzaj\u00f3w prze\u0142\u0105cznik\u00f3w, w tym prze\u0142\u0105czniki ko\u0142yskowe, wy\u0142\u0105czniki automatyczne, prze\u0142\u0105czniki dwustabilne, mikroprze\u0142\u0105czniki, prze\u0142\u0105czniki taktowe, prze\u0142\u0105czniki obrotowe, prze\u0142\u0105czniki ko\u0142yskowe i klawiatury. Charakteryzuj\u0105 si\u0119 one wysok\u0105 jako\u015bci\u0105 i klas\u0105 szczelno\u015bci. Zalet\u0105 jest mo\u017cliwo\u015b\u0107 wyboru r\u00f3\u017cnych rozmiar\u00f3w i kolor\u00f3w czapek. Oferujemy szerok\u0105 gam\u0119 prze\u0142\u0105cznik\u00f3w. Nasze produkty s\u0105 przeznaczone do szerokiej gamy zastosowa\u0144. Dzi\u0119ki zastosowaniu modu\u0142owego podej\u015bcia do monta\u017cu prze\u0142\u0105cznik\u00f3w, u\u017cytkownik\u2026\" \/>\n<meta property=\"og:url\" content=\"https:\/\/www.elpromaelectronics.com\/pl\/przelaczniki\/\" \/>\n<meta property=\"og:site_name\" content=\"Elproma\" \/>\n<meta property=\"article:modified_time\" content=\"2024-01-30T08:41:56+00:00\" \/>\n<meta property=\"og:image\" content=\"https:\/\/www.elpromaelectronics.com\/wp-content\/uploads\/2023\/06\/demo-switches21-1.jpg\" \/>\n<meta name=\"twitter:card\" content=\"summary_large_image\" \/>\n<script type=\"application\/ld+json\" class=\"yoast-schema-graph\">{\"@context\":\"https:\/\/schema.org\",\"@graph\":[{\"@type\":\"WebPage\",\"@id\":\"https:\/\/www.elpromaelectronics.com\/pl\/przelaczniki\/\",\"url\":\"https:\/\/www.elpromaelectronics.com\/pl\/przelaczniki\/\",\"name\":\"Prze\u0142\u0105czniki - Elproma\",\"isPartOf\":{\"@id\":\"https:\/\/www.elpromaelectronics.com\/pl\/#website\"},\"primaryImageOfPage\":{\"@id\":\"https:\/\/www.elpromaelectronics.com\/pl\/przelaczniki\/#primaryimage\"},\"image\":{\"@id\":\"https:\/\/www.elpromaelectronics.com\/pl\/przelaczniki\/#primaryimage\"},\"thumbnailUrl\":\"https:\/\/www.elpromaelectronics.com\/wp-content\/uploads\/2023\/06\/demo-switches21-1.jpg\",\"datePublished\":\"2023-06-19T14:02:30+00:00\",\"dateModified\":\"2024-01-30T08:41:56+00:00\",\"breadcrumb\":{\"@id\":\"https:\/\/www.elpromaelectronics.com\/pl\/przelaczniki\/#breadcrumb\"},\"inLanguage\":\"pl-PL\",\"potentialAction\":[{\"@type\":\"ReadAction\",\"target\":[\"https:\/\/www.elpromaelectronics.com\/pl\/przelaczniki\/\"]}]},{\"@type\":\"ImageObject\",\"inLanguage\":\"pl-PL\",\"@id\":\"https:\/\/www.elpromaelectronics.com\/pl\/przelaczniki\/#primaryimage\",\"url\":\"https:\/\/www.elpromaelectronics.com\/wp-content\/uploads\/2023\/06\/demo-switches21-1.jpg\",\"contentUrl\":\"https:\/\/www.elpromaelectronics.com\/wp-content\/uploads\/2023\/06\/demo-switches21-1.jpg\"},{\"@type\":\"BreadcrumbList\",\"@id\":\"https:\/\/www.elpromaelectronics.com\/pl\/przelaczniki\/#breadcrumb\",\"itemListElement\":[{\"@type\":\"ListItem\",\"position\":1,\"name\":\"Home\",\"item\":\"https:\/\/www.elpromaelectronics.com\/pl\/\"},{\"@type\":\"ListItem\",\"position\":2,\"name\":\"Prze\u0142\u0105czniki\"}]},{\"@type\":\"WebSite\",\"@id\":\"https:\/\/www.elpromaelectronics.com\/pl\/#website\",\"url\":\"https:\/\/www.elpromaelectronics.com\/pl\/\",\"name\":\"Elproma\",\"description\":\"\",\"publisher\":{\"@id\":\"https:\/\/www.elpromaelectronics.com\/pl\/#organization\"},\"potentialAction\":[{\"@type\":\"SearchAction\",\"target\":{\"@type\":\"EntryPoint\",\"urlTemplate\":\"https:\/\/www.elpromaelectronics.com\/pl\/?s={search_term_string}\"},\"query-input\":{\"@type\":\"PropertyValueSpecification\",\"valueRequired\":true,\"valueName\":\"search_term_string\"}}],\"inLanguage\":\"pl-PL\"},{\"@type\":\"Organization\",\"@id\":\"https:\/\/www.elpromaelectronics.com\/pl\/#organization\",\"name\":\"Elproma Elektronika Sp. z o.o.\",\"url\":\"https:\/\/www.elpromaelectronics.com\/pl\/\",\"logo\":{\"@type\":\"ImageObject\",\"inLanguage\":\"pl-PL\",\"@id\":\"https:\/\/www.elpromaelectronics.com\/pl\/#\/schema\/logo\/image\/\",\"url\":\"https:\/\/www.elpromaelectronics.com\/wp-content\/uploads\/2021\/09\/Elproma_logo.jpg\",\"contentUrl\":\"https:\/\/www.elpromaelectronics.com\/wp-content\/uploads\/2021\/09\/Elproma_logo.jpg\",\"width\":1024,\"height\":229,\"caption\":\"Elproma Elektronika Sp. z o.o.\"},\"image\":{\"@id\":\"https:\/\/www.elpromaelectronics.com\/pl\/#\/schema\/logo\/image\/\"},\"sameAs\":[\"https:\/\/www.linkedin.com\/company\/elproma-electronics\/\"]}]}<\/script>\n<!-- \/ Yoast SEO Premium plugin. -->","yoast_head_json":{"title":"Prze\u0142\u0105czniki - Elproma","robots":{"index":"index","follow":"follow","max-snippet":"max-snippet:-1","max-image-preview":"max-image-preview:large","max-video-preview":"max-video-preview:-1"},"canonical":"https:\/\/www.elpromaelectronics.com\/pl\/przelaczniki\/","og_locale":"pl_PL","og_type":"article","og_title":"Prze\u0142\u0105czniki","og_description":"NOWOCZESNE PRZE\u0141\u0104CZNIKI Oferujemy wiele rodzaj\u00f3w prze\u0142\u0105cznik\u00f3w, w tym prze\u0142\u0105czniki ko\u0142yskowe, wy\u0142\u0105czniki automatyczne, prze\u0142\u0105czniki dwustabilne, mikroprze\u0142\u0105czniki, prze\u0142\u0105czniki taktowe, prze\u0142\u0105czniki obrotowe, prze\u0142\u0105czniki ko\u0142yskowe i klawiatury. Charakteryzuj\u0105 si\u0119 one wysok\u0105 jako\u015bci\u0105 i klas\u0105 szczelno\u015bci. Zalet\u0105 jest mo\u017cliwo\u015b\u0107 wyboru r\u00f3\u017cnych rozmiar\u00f3w i kolor\u00f3w czapek. Oferujemy szerok\u0105 gam\u0119 prze\u0142\u0105cznik\u00f3w. Nasze produkty s\u0105 przeznaczone do szerokiej gamy zastosowa\u0144. Dzi\u0119ki zastosowaniu modu\u0142owego podej\u015bcia do monta\u017cu prze\u0142\u0105cznik\u00f3w, u\u017cytkownik\u2026","og_url":"https:\/\/www.elpromaelectronics.com\/pl\/przelaczniki\/","og_site_name":"Elproma","article_modified_time":"2024-01-30T08:41:56+00:00","og_image":[{"url":"https:\/\/www.elpromaelectronics.com\/wp-content\/uploads\/2023\/06\/demo-switches21-1.jpg","type":"","width":"","height":""}],"twitter_card":"summary_large_image","schema":{"@context":"https:\/\/schema.org","@graph":[{"@type":"WebPage","@id":"https:\/\/www.elpromaelectronics.com\/pl\/przelaczniki\/","url":"https:\/\/www.elpromaelectronics.com\/pl\/przelaczniki\/","name":"Prze\u0142\u0105czniki - Elproma","isPartOf":{"@id":"https:\/\/www.elpromaelectronics.com\/pl\/#website"},"primaryImageOfPage":{"@id":"https:\/\/www.elpromaelectronics.com\/pl\/przelaczniki\/#primaryimage"},"image":{"@id":"https:\/\/www.elpromaelectronics.com\/pl\/przelaczniki\/#primaryimage"},"thumbnailUrl":"https:\/\/www.elpromaelectronics.com\/wp-content\/uploads\/2023\/06\/demo-switches21-1.jpg","datePublished":"2023-06-19T14:02:30+00:00","dateModified":"2024-01-30T08:41:56+00:00","breadcrumb":{"@id":"https:\/\/www.elpromaelectronics.com\/pl\/przelaczniki\/#breadcrumb"},"inLanguage":"pl-PL","potentialAction":[{"@type":"ReadAction","target":["https:\/\/www.elpromaelectronics.com\/pl\/przelaczniki\/"]}]},{"@type":"ImageObject","inLanguage":"pl-PL","@id":"https:\/\/www.elpromaelectronics.com\/pl\/przelaczniki\/#primaryimage","url":"https:\/\/www.elpromaelectronics.com\/wp-content\/uploads\/2023\/06\/demo-switches21-1.jpg","contentUrl":"https:\/\/www.elpromaelectronics.com\/wp-content\/uploads\/2023\/06\/demo-switches21-1.jpg"},{"@type":"BreadcrumbList","@id":"https:\/\/www.elpromaelectronics.com\/pl\/przelaczniki\/#breadcrumb","itemListElement":[{"@type":"ListItem","position":1,"name":"Home","item":"https:\/\/www.elpromaelectronics.com\/pl\/"},{"@type":"ListItem","position":2,"name":"Prze\u0142\u0105czniki"}]},{"@type":"WebSite","@id":"https:\/\/www.elpromaelectronics.com\/pl\/#website","url":"https:\/\/www.elpromaelectronics.com\/pl\/","name":"Elproma","description":"","publisher":{"@id":"https:\/\/www.elpromaelectronics.com\/pl\/#organization"},"potentialAction":[{"@type":"SearchAction","target":{"@type":"EntryPoint","urlTemplate":"https:\/\/www.elpromaelectronics.com\/pl\/?s={search_term_string}"},"query-input":{"@type":"PropertyValueSpecification","valueRequired":true,"valueName":"search_term_string"}}],"inLanguage":"pl-PL"},{"@type":"Organization","@id":"https:\/\/www.elpromaelectronics.com\/pl\/#organization","name":"Elproma Elektronika Sp. z o.o.","url":"https:\/\/www.elpromaelectronics.com\/pl\/","logo":{"@type":"ImageObject","inLanguage":"pl-PL","@id":"https:\/\/www.elpromaelectronics.com\/pl\/#\/schema\/logo\/image\/","url":"https:\/\/www.elpromaelectronics.com\/wp-content\/uploads\/2021\/09\/Elproma_logo.jpg","contentUrl":"https:\/\/www.elpromaelectronics.com\/wp-content\/uploads\/2021\/09\/Elproma_logo.jpg","width":1024,"height":229,"caption":"Elproma Elektronika Sp. z o.o."},"image":{"@id":"https:\/\/www.elpromaelectronics.com\/pl\/#\/schema\/logo\/image\/"},"sameAs":["https:\/\/www.linkedin.com\/company\/elproma-electronics\/"]}]}},"_links":{"self":[{"href":"https:\/\/www.elpromaelectronics.com\/pl\/wp-json\/wp\/v2\/pages\/4081","targetHints":{"allow":["GET"]}}],"collection":[{"href":"https:\/\/www.elpromaelectronics.com\/pl\/wp-json\/wp\/v2\/pages"}],"about":[{"href":"https:\/\/www.elpromaelectronics.com\/pl\/wp-json\/wp\/v2\/types\/page"}],"author":[{"embeddable":true,"href":"https:\/\/www.elpromaelectronics.com\/pl\/wp-json\/wp\/v2\/users\/1"}],"replies":[{"embeddable":true,"href":"https:\/\/www.elpromaelectronics.com\/pl\/wp-json\/wp\/v2\/comments?post=4081"}],"version-history":[{"count":4,"href":"https:\/\/www.elpromaelectronics.com\/pl\/wp-json\/wp\/v2\/pages\/4081\/revisions"}],"predecessor-version":[{"id":4100,"href":"https:\/\/www.elpromaelectronics.com\/pl\/wp-json\/wp\/v2\/pages\/4081\/revisions\/4100"}],"wp:attachment":[{"href":"https:\/\/www.elpromaelectronics.com\/pl\/wp-json\/wp\/v2\/media?parent=4081"}],"curies":[{"name":"wp","href":"https:\/\/api.w.org\/{rel}","templated":true}]}}