{"id":5220,"date":"2024-06-26T11:24:47","date_gmt":"2024-06-26T09:24:47","guid":{"rendered":"https:\/\/www.elpromaelectronics.com\/fosrem-od-nieba-poprzez-ziemie-az-do-podziemnych-zastosowan\/"},"modified":"2025-01-21T13:03:41","modified_gmt":"2025-01-21T12:03:41","slug":"fosrem-od-nieba-poprzez-ziemie-az-do-podziemnych-zastosowan","status":"publish","type":"page","link":"https:\/\/www.elpromaelectronics.com\/pl\/fosrem-od-nieba-poprzez-ziemie-az-do-podziemnych-zastosowan\/","title":{"rendered":"Projekt FOSREM"},"content":{"rendered":"<p><font face=\"Aptos\" size=\"4\"><\/p>\n<p align=\"justify\">ELPROMA ELEKTRONIKA Sp\u00f3\u0142ka z o.o. w Konsorcjum z Politechnik\u0105 \u0141\u00f3dzk\u0105 zrealizowa\u0142a projekt pt.<br \/><center><br \/>\n<b>\u201eFOSREM \u2013 od nieba poprzez ziemi\u0119 a\u017c do podziemnych zastosowa\u0144\u201d,<\/b><\/center><br \/>\nkt\u00f3ry wsp\u00f3\u0142finansowany by\u0142 ze \u015brodk\u00f3w Unii Europejskiej w ramach Programu Operacyjnego Inteligentny Rozw\u00f3j 2014-2020.<\/p>\n<p align=\"justify\">\nG\u0142\u00f3wnym celem projektu by\u0142o Opracowanie innowacyjnego, autonomicznego rozwi\u0105zania \u2013 systemu \u015bwiat\u0142owodowego sejsmografu rotacyjnego spe\u0142niaj\u0105cego wymagania sejsmologii rotacyjnej. Proponowany system, oparty na 3-osiowych czujnikach umo\u017cliwia bezpo\u015brednie, ci\u0105g\u0142e monitorowanie ruch\u00f3w rotacyjnych o ekstremalnej amplitudzie co jest kluczowe w badaniach in\u017cynieryjnych (monitorowanie zdarze\u0144 g\u00f3rniczych, ruch\u00f3w drgaj\u0105cych wysokich budowli) oraz w badaniach podstawowych (badania aspekt\u00f3w trz\u0119sie\u0144 Ziemi naturalnych i sztucznych).<br \/>\nFOSREM \u2013 innowacyjny, autonomiczny system monitorowania zdarze\u0144 g\u00f3rniczych i innych zjawisk sejsmicznych. Przedmiotem projektu by\u0142o opracowanie oraz przygotowanie do produkcji unikatowego (w skali ponadkrajowej), systemu \u015bwiat\u0142owodowego sejsmografu rotacyjnego 3-osiowego FOSREM-3D (Fiber Optic Seismograph for Rotational Events Monitoring). Kluczow\u0105 innowacj\u0105 jest tu bezpo\u015bredni i autonomiczny monitoring drga\u0144 rotacyjnych. System ten znajduje zastosowanie do bada\u0144 ruch\u00f3w obrotowych wyst\u0119puj\u0105cych w naukach podstawowych (sejsmologia: szerokopasmowa, s\u0142abych oraz silnych wstrz\u0105s\u00f3w, fizyka trz\u0119sie\u0144 Ziemi, sejsmotektonika, geodezja, badania fal grawitacyjnych) jak i w naukach in\u017cynieryjno-technicznych (wytrzyma\u0142o\u015b\u0107 skr\u0119tna: budynk\u00f3w, tam, elektrowni wiatrowych, odporno\u015b\u0107 budowli na drgania skr\u0119tne, ruchy g\u00f3rotwor\u00f3w).<\/p>\n<p align=\"justify\">\nProgram Operacyjny Inteligentny Rozw\u00f3j 2014-2020<br \/>\nO\u015b priorytetowa: Wsparcie prowadzenia prac B+R przez przedsi\u0119biorstwo<br \/>\nDzia\u0142anie: Projekty B+R przedsi\u0119biorstw<br \/>\nPoddzia\u0142anie: Badania przemys\u0142owe i prace rozwojowe realizowane przez przedsi\u0119biorstwa<\/p>\n<p>Numer umowy o dofinansowanie: POIR.01.01.01-00-1553\/20<br \/>\nWarto\u015b\u0107 projektu: 9 388 550,01 PLN<br \/>\nDofinansowanie: 7 672 790,01 PLN<br \/>\nOkres realizacji:1.04-2021 &#8211; 31.12.2023<\/p>\n<p>Wi\u0119cej szczeg\u00f3\u0142\u00f3w &#8211; przejd\u017a na <b><a href=\"https:\/\/www.elpromaelectronics.com\/product\/fosrem-2\/\">Produkty\/PHOTONIC SOLUTIONS\/FOSREM<\/a><\/b><br \/>\n<\/font><\/p>\n<style>\/*! elementor - v3.23.0 - 15-07-2024 *\/\n.elementor-widget-image{text-align:center}.elementor-widget-image a{display:inline-block}.elementor-widget-image a img[src$=\".svg\"]{width:48px}.elementor-widget-image img{vertical-align:middle;display:inline-block}<\/style>\n<p>\t\t\t\t\t\t\t\t\t\t<img fetchpriority=\"high\" decoding=\"async\" width=\"1024\" height=\"61\" src=\"https:\/\/www.elpromaelectronics.com\/wp-content\/uploads\/2024\/06\/2fos-1024x61.png\" alt=\"\" srcset=\"https:\/\/www.elpromaelectronics.com\/wp-content\/uploads\/2024\/06\/2fos-1024x61.png 1024w, https:\/\/www.elpromaelectronics.com\/wp-content\/uploads\/2024\/06\/2fos-300x18.png 300w, https:\/\/www.elpromaelectronics.com\/wp-content\/uploads\/2024\/06\/2fos-768x45.png 768w, https:\/\/www.elpromaelectronics.com\/wp-content\/uploads\/2024\/06\/2fos-700x41.png 700w, https:\/\/www.elpromaelectronics.com\/wp-content\/uploads\/2024\/06\/2fos-1000x59.png 1000w, https:\/\/www.elpromaelectronics.com\/wp-content\/uploads\/2024\/06\/2fos.png 1386w\" sizes=\"(max-width: 1024px) 100vw, 1024px\" \/><\/p>\n","protected":false},"excerpt":{"rendered":"<p>ELPROMA ELEKTRONIKA Sp\u00f3\u0142ka z o.o. w Konsorcjum z Politechnik\u0105 \u0141\u00f3dzk\u0105 zrealizowa\u0142a projekt pt. \u201eFOSREM \u2013 od nieba poprzez ziemi\u0119 a\u017c do podziemnych zastosowa\u0144\u201d, kt\u00f3ry wsp\u00f3\u0142finansowany by\u0142 ze \u015brodk\u00f3w Unii Europejskiej w ramach Programu Operacyjnego Inteligentny Rozw\u00f3j 2014-2020. G\u0142\u00f3wnym celem projektu by\u0142o Opracowanie innowacyjnego, autonomicznego rozwi\u0105zania \u2013 systemu \u015bwiat\u0142owodowego sejsmografu rotacyjnego spe\u0142niaj\u0105cego wymagania sejsmologii rotacyjnej. Proponowany system, oparty na 3-osiowych czujnikach\u2026<\/p>\n","protected":false},"author":4,"featured_media":0,"parent":0,"menu_order":0,"comment_status":"closed","ping_status":"closed","template":"","meta":{"_acf_changed":false,"_themeisle_gutenberg_block_has_review":false,"footnotes":""},"class_list":["post-5220","page","type-page","status-publish","hentry"],"acf":[],"yoast_head":"<!-- This site is optimized with the Yoast SEO Premium plugin v23.0 (Yoast SEO v24.5) - https:\/\/yoast.com\/wordpress\/plugins\/seo\/ -->\n<title>Projekt FOSREM - Elproma<\/title>\n<meta name=\"robots\" content=\"index, follow, max-snippet:-1, max-image-preview:large, max-video-preview:-1\" \/>\n<link rel=\"canonical\" href=\"https:\/\/www.elpromaelectronics.com\/pl\/fosrem-od-nieba-poprzez-ziemie-az-do-podziemnych-zastosowan\/\" \/>\n<meta property=\"og:locale\" content=\"pl_PL\" \/>\n<meta property=\"og:type\" content=\"article\" \/>\n<meta property=\"og:title\" content=\"Projekt FOSREM\" \/>\n<meta property=\"og:description\" content=\"ELPROMA ELEKTRONIKA Sp\u00f3\u0142ka z o.o. w Konsorcjum z Politechnik\u0105 \u0141\u00f3dzk\u0105 zrealizowa\u0142a projekt pt. \u201eFOSREM \u2013 od nieba poprzez ziemi\u0119 a\u017c do podziemnych zastosowa\u0144\u201d, kt\u00f3ry wsp\u00f3\u0142finansowany by\u0142 ze \u015brodk\u00f3w Unii Europejskiej w ramach Programu Operacyjnego Inteligentny Rozw\u00f3j 2014-2020. G\u0142\u00f3wnym celem projektu by\u0142o Opracowanie innowacyjnego, autonomicznego rozwi\u0105zania \u2013 systemu \u015bwiat\u0142owodowego sejsmografu rotacyjnego spe\u0142niaj\u0105cego wymagania sejsmologii rotacyjnej. Proponowany system, oparty na 3-osiowych czujnikach\u2026\" \/>\n<meta property=\"og:url\" content=\"https:\/\/www.elpromaelectronics.com\/pl\/fosrem-od-nieba-poprzez-ziemie-az-do-podziemnych-zastosowan\/\" \/>\n<meta property=\"og:site_name\" content=\"Elproma\" \/>\n<meta property=\"article:modified_time\" content=\"2025-01-21T12:03:41+00:00\" \/>\n<meta property=\"og:image\" content=\"https:\/\/www.elpromaelectronics.com\/wp-content\/uploads\/2024\/06\/2fos-1024x61.png\" \/>\n<meta name=\"twitter:card\" content=\"summary_large_image\" \/>\n<meta name=\"twitter:label1\" content=\"Szacowany czas czytania\" \/>\n\t<meta name=\"twitter:data1\" content=\"2 minuty\" \/>\n<script type=\"application\/ld+json\" class=\"yoast-schema-graph\">{\"@context\":\"https:\/\/schema.org\",\"@graph\":[{\"@type\":\"WebPage\",\"@id\":\"https:\/\/www.elpromaelectronics.com\/pl\/fosrem-od-nieba-poprzez-ziemie-az-do-podziemnych-zastosowan\/\",\"url\":\"https:\/\/www.elpromaelectronics.com\/pl\/fosrem-od-nieba-poprzez-ziemie-az-do-podziemnych-zastosowan\/\",\"name\":\"Projekt FOSREM - Elproma\",\"isPartOf\":{\"@id\":\"https:\/\/www.elpromaelectronics.com\/pl\/#website\"},\"primaryImageOfPage\":{\"@id\":\"https:\/\/www.elpromaelectronics.com\/pl\/fosrem-od-nieba-poprzez-ziemie-az-do-podziemnych-zastosowan\/#primaryimage\"},\"image\":{\"@id\":\"https:\/\/www.elpromaelectronics.com\/pl\/fosrem-od-nieba-poprzez-ziemie-az-do-podziemnych-zastosowan\/#primaryimage\"},\"thumbnailUrl\":\"https:\/\/www.elpromaelectronics.com\/wp-content\/uploads\/2024\/06\/2fos-1024x61.png\",\"datePublished\":\"2024-06-26T09:24:47+00:00\",\"dateModified\":\"2025-01-21T12:03:41+00:00\",\"breadcrumb\":{\"@id\":\"https:\/\/www.elpromaelectronics.com\/pl\/fosrem-od-nieba-poprzez-ziemie-az-do-podziemnych-zastosowan\/#breadcrumb\"},\"inLanguage\":\"pl-PL\",\"potentialAction\":[{\"@type\":\"ReadAction\",\"target\":[\"https:\/\/www.elpromaelectronics.com\/pl\/fosrem-od-nieba-poprzez-ziemie-az-do-podziemnych-zastosowan\/\"]}]},{\"@type\":\"ImageObject\",\"inLanguage\":\"pl-PL\",\"@id\":\"https:\/\/www.elpromaelectronics.com\/pl\/fosrem-od-nieba-poprzez-ziemie-az-do-podziemnych-zastosowan\/#primaryimage\",\"url\":\"https:\/\/www.elpromaelectronics.com\/wp-content\/uploads\/2024\/06\/2fos-1024x61.png\",\"contentUrl\":\"https:\/\/www.elpromaelectronics.com\/wp-content\/uploads\/2024\/06\/2fos-1024x61.png\"},{\"@type\":\"BreadcrumbList\",\"@id\":\"https:\/\/www.elpromaelectronics.com\/pl\/fosrem-od-nieba-poprzez-ziemie-az-do-podziemnych-zastosowan\/#breadcrumb\",\"itemListElement\":[{\"@type\":\"ListItem\",\"position\":1,\"name\":\"Home\",\"item\":\"https:\/\/www.elpromaelectronics.com\/pl\/\"},{\"@type\":\"ListItem\",\"position\":2,\"name\":\"Projekt FOSREM\"}]},{\"@type\":\"WebSite\",\"@id\":\"https:\/\/www.elpromaelectronics.com\/pl\/#website\",\"url\":\"https:\/\/www.elpromaelectronics.com\/pl\/\",\"name\":\"Elproma\",\"description\":\"\",\"publisher\":{\"@id\":\"https:\/\/www.elpromaelectronics.com\/pl\/#organization\"},\"potentialAction\":[{\"@type\":\"SearchAction\",\"target\":{\"@type\":\"EntryPoint\",\"urlTemplate\":\"https:\/\/www.elpromaelectronics.com\/pl\/?s={search_term_string}\"},\"query-input\":{\"@type\":\"PropertyValueSpecification\",\"valueRequired\":true,\"valueName\":\"search_term_string\"}}],\"inLanguage\":\"pl-PL\"},{\"@type\":\"Organization\",\"@id\":\"https:\/\/www.elpromaelectronics.com\/pl\/#organization\",\"name\":\"Elproma Elektronika Sp. z o.o.\",\"url\":\"https:\/\/www.elpromaelectronics.com\/pl\/\",\"logo\":{\"@type\":\"ImageObject\",\"inLanguage\":\"pl-PL\",\"@id\":\"https:\/\/www.elpromaelectronics.com\/pl\/#\/schema\/logo\/image\/\",\"url\":\"https:\/\/www.elpromaelectronics.com\/wp-content\/uploads\/2021\/09\/Elproma_logo.jpg\",\"contentUrl\":\"https:\/\/www.elpromaelectronics.com\/wp-content\/uploads\/2021\/09\/Elproma_logo.jpg\",\"width\":1024,\"height\":229,\"caption\":\"Elproma Elektronika Sp. z o.o.\"},\"image\":{\"@id\":\"https:\/\/www.elpromaelectronics.com\/pl\/#\/schema\/logo\/image\/\"},\"sameAs\":[\"https:\/\/www.linkedin.com\/company\/elproma-electronics\/\"]}]}<\/script>\n<!-- \/ Yoast SEO Premium plugin. -->","yoast_head_json":{"title":"Projekt FOSREM - Elproma","robots":{"index":"index","follow":"follow","max-snippet":"max-snippet:-1","max-image-preview":"max-image-preview:large","max-video-preview":"max-video-preview:-1"},"canonical":"https:\/\/www.elpromaelectronics.com\/pl\/fosrem-od-nieba-poprzez-ziemie-az-do-podziemnych-zastosowan\/","og_locale":"pl_PL","og_type":"article","og_title":"Projekt FOSREM","og_description":"ELPROMA ELEKTRONIKA Sp\u00f3\u0142ka z o.o. w Konsorcjum z Politechnik\u0105 \u0141\u00f3dzk\u0105 zrealizowa\u0142a projekt pt. \u201eFOSREM \u2013 od nieba poprzez ziemi\u0119 a\u017c do podziemnych zastosowa\u0144\u201d, kt\u00f3ry wsp\u00f3\u0142finansowany by\u0142 ze \u015brodk\u00f3w Unii Europejskiej w ramach Programu Operacyjnego Inteligentny Rozw\u00f3j 2014-2020. G\u0142\u00f3wnym celem projektu by\u0142o Opracowanie innowacyjnego, autonomicznego rozwi\u0105zania \u2013 systemu \u015bwiat\u0142owodowego sejsmografu rotacyjnego spe\u0142niaj\u0105cego wymagania sejsmologii rotacyjnej. Proponowany system, oparty na 3-osiowych czujnikach\u2026","og_url":"https:\/\/www.elpromaelectronics.com\/pl\/fosrem-od-nieba-poprzez-ziemie-az-do-podziemnych-zastosowan\/","og_site_name":"Elproma","article_modified_time":"2025-01-21T12:03:41+00:00","og_image":[{"url":"https:\/\/www.elpromaelectronics.com\/wp-content\/uploads\/2024\/06\/2fos-1024x61.png","type":"","width":"","height":""}],"twitter_card":"summary_large_image","twitter_misc":{"Szacowany czas czytania":"2 minuty"},"schema":{"@context":"https:\/\/schema.org","@graph":[{"@type":"WebPage","@id":"https:\/\/www.elpromaelectronics.com\/pl\/fosrem-od-nieba-poprzez-ziemie-az-do-podziemnych-zastosowan\/","url":"https:\/\/www.elpromaelectronics.com\/pl\/fosrem-od-nieba-poprzez-ziemie-az-do-podziemnych-zastosowan\/","name":"Projekt FOSREM - Elproma","isPartOf":{"@id":"https:\/\/www.elpromaelectronics.com\/pl\/#website"},"primaryImageOfPage":{"@id":"https:\/\/www.elpromaelectronics.com\/pl\/fosrem-od-nieba-poprzez-ziemie-az-do-podziemnych-zastosowan\/#primaryimage"},"image":{"@id":"https:\/\/www.elpromaelectronics.com\/pl\/fosrem-od-nieba-poprzez-ziemie-az-do-podziemnych-zastosowan\/#primaryimage"},"thumbnailUrl":"https:\/\/www.elpromaelectronics.com\/wp-content\/uploads\/2024\/06\/2fos-1024x61.png","datePublished":"2024-06-26T09:24:47+00:00","dateModified":"2025-01-21T12:03:41+00:00","breadcrumb":{"@id":"https:\/\/www.elpromaelectronics.com\/pl\/fosrem-od-nieba-poprzez-ziemie-az-do-podziemnych-zastosowan\/#breadcrumb"},"inLanguage":"pl-PL","potentialAction":[{"@type":"ReadAction","target":["https:\/\/www.elpromaelectronics.com\/pl\/fosrem-od-nieba-poprzez-ziemie-az-do-podziemnych-zastosowan\/"]}]},{"@type":"ImageObject","inLanguage":"pl-PL","@id":"https:\/\/www.elpromaelectronics.com\/pl\/fosrem-od-nieba-poprzez-ziemie-az-do-podziemnych-zastosowan\/#primaryimage","url":"https:\/\/www.elpromaelectronics.com\/wp-content\/uploads\/2024\/06\/2fos-1024x61.png","contentUrl":"https:\/\/www.elpromaelectronics.com\/wp-content\/uploads\/2024\/06\/2fos-1024x61.png"},{"@type":"BreadcrumbList","@id":"https:\/\/www.elpromaelectronics.com\/pl\/fosrem-od-nieba-poprzez-ziemie-az-do-podziemnych-zastosowan\/#breadcrumb","itemListElement":[{"@type":"ListItem","position":1,"name":"Home","item":"https:\/\/www.elpromaelectronics.com\/pl\/"},{"@type":"ListItem","position":2,"name":"Projekt FOSREM"}]},{"@type":"WebSite","@id":"https:\/\/www.elpromaelectronics.com\/pl\/#website","url":"https:\/\/www.elpromaelectronics.com\/pl\/","name":"Elproma","description":"","publisher":{"@id":"https:\/\/www.elpromaelectronics.com\/pl\/#organization"},"potentialAction":[{"@type":"SearchAction","target":{"@type":"EntryPoint","urlTemplate":"https:\/\/www.elpromaelectronics.com\/pl\/?s={search_term_string}"},"query-input":{"@type":"PropertyValueSpecification","valueRequired":true,"valueName":"search_term_string"}}],"inLanguage":"pl-PL"},{"@type":"Organization","@id":"https:\/\/www.elpromaelectronics.com\/pl\/#organization","name":"Elproma Elektronika Sp. z o.o.","url":"https:\/\/www.elpromaelectronics.com\/pl\/","logo":{"@type":"ImageObject","inLanguage":"pl-PL","@id":"https:\/\/www.elpromaelectronics.com\/pl\/#\/schema\/logo\/image\/","url":"https:\/\/www.elpromaelectronics.com\/wp-content\/uploads\/2021\/09\/Elproma_logo.jpg","contentUrl":"https:\/\/www.elpromaelectronics.com\/wp-content\/uploads\/2021\/09\/Elproma_logo.jpg","width":1024,"height":229,"caption":"Elproma Elektronika Sp. z o.o."},"image":{"@id":"https:\/\/www.elpromaelectronics.com\/pl\/#\/schema\/logo\/image\/"},"sameAs":["https:\/\/www.linkedin.com\/company\/elproma-electronics\/"]}]}},"_links":{"self":[{"href":"https:\/\/www.elpromaelectronics.com\/pl\/wp-json\/wp\/v2\/pages\/5220","targetHints":{"allow":["GET"]}}],"collection":[{"href":"https:\/\/www.elpromaelectronics.com\/pl\/wp-json\/wp\/v2\/pages"}],"about":[{"href":"https:\/\/www.elpromaelectronics.com\/pl\/wp-json\/wp\/v2\/types\/page"}],"author":[{"embeddable":true,"href":"https:\/\/www.elpromaelectronics.com\/pl\/wp-json\/wp\/v2\/users\/4"}],"replies":[{"embeddable":true,"href":"https:\/\/www.elpromaelectronics.com\/pl\/wp-json\/wp\/v2\/comments?post=5220"}],"version-history":[{"count":26,"href":"https:\/\/www.elpromaelectronics.com\/pl\/wp-json\/wp\/v2\/pages\/5220\/revisions"}],"predecessor-version":[{"id":5776,"href":"https:\/\/www.elpromaelectronics.com\/pl\/wp-json\/wp\/v2\/pages\/5220\/revisions\/5776"}],"wp:attachment":[{"href":"https:\/\/www.elpromaelectronics.com\/pl\/wp-json\/wp\/v2\/media?parent=5220"}],"curies":[{"name":"wp","href":"https:\/\/api.w.org\/{rel}","templated":true}]}}