{"id":5225,"date":"2024-06-26T10:15:06","date_gmt":"2024-06-26T08:15:06","guid":{"rendered":"https:\/\/www.elpromaelectronics.com\/macierz-czujnikow-swiatlowodowych-do-mapowania-skretnych-drgan-mechanicznych-w-obiektach-skupionych-i-rozleglych-fom-mem-fiber-optic-matrix-for-mechanical-events-mapping\/"},"modified":"2025-01-21T13:11:35","modified_gmt":"2025-01-21T12:11:35","slug":"macierz-czujnikow-swiatlowodowych-do-mapowania-skretnych-drgan-mechanicznych-w-obiektach-skupionych-i-rozleglych-fom-mem-fiber-optic-matrix-for-mechanical-events-mapping","status":"publish","type":"page","link":"https:\/\/www.elpromaelectronics.com\/pl\/macierz-czujnikow-swiatlowodowych-do-mapowania-skretnych-drgan-mechanicznych-w-obiektach-skupionych-i-rozleglych-fom-mem-fiber-optic-matrix-for-mechanical-events-mapping\/","title":{"rendered":"Projekt FOM-MEM"},"content":{"rendered":"<p align=\"justify\"><font size=\"3\" family=\"Aptos\"><br \/>\nELPROMA ELEKTRONIKA Sp z o.o. realizuje w ramach Programu Fundusze Europejskie dla Nowoczesnej Gospodarki projekt badawczy pt.<b><br \/><center><br \/>\n\u201eMacierz czujnik\u00f3w \u015bwiat\u0142owodowych do mapowania skr\u0119tnych drga\u0144 mechanicznych w obiektach skupionych i rozleg\u0142ych \u2013 FOM-MEM (Fiber-Optic Matrix for Mechanical Events Mapping)\u201d<\/center><br \/><\/b><\/p>\n<p align=\"justify\">Przedmiotem projektu jest opracowanie unikalnego w globalnej skali systemu roz\u0142o\u017conych czujnik\u00f3w punktowych umo\u017cliwiaj\u0105cych wiarygodne mapowanie miejsc wyst\u0119powania zaburze\u0144 mechanicznych typu rotacyjnego zar\u00f3wno w gruncie jak i w strukturach in\u017cynieryjnych wraz z wyszkoleniem zespo\u0142u jego wytw\u00f3rc\u00f3w oraz dokonaniem internacjonalizacji wynik\u00f3w projektu. Jako podstawowe rozwi\u0105zanie zostanie wykorzystany \u015bwiat\u0142owodowy sejsmograf rotacyjny typu FOS6 (Fiber-Optic Seismograph) o parametrach u\u017cytkowych zdefiniowanych przez sejsmologi\u0119 rotacyjn\u0105.<\/p>\n<p>Program Fundusze Europejskie dla Nowoczesnej Gospodarki<br \/>\nPriorytet: Wsparcie dla przedsi\u0119biorc\u00f3w<br \/>\nDzia\u0142anie: \u015acie\u017cka SMART<br \/>\nNumer umowy o dofinansowanie: FENG.01.01-IP.02-1714\/23<br \/>\nOkres realizacji: 02.01.2024 \u2013 30.06.2027<br \/>\nWarto\u015b\u0107 projektu: 12 383 330,47 PLN<br \/>\nDofinansowanie: 8 565 914,64 PLN<\/p>\n<p>Wi\u0119cej szczeg\u00f3\u0142\u00f3w &#8211; przejd\u017a na <b><a href=\"https:\/\/www.elpromaelectronics.com\/product\/fom-mem\/\">Produkty\/PHOTONIC SOLUTIONS\/FOM -MEM<\/a><\/b><br \/>\n\t\t\t\t\t\t\t\t\t\t\t\t\t<img fetchpriority=\"high\" decoding=\"async\" width=\"1024\" height=\"92\" src=\"https:\/\/www.elpromaelectronics.com\/wp-content\/uploads\/2021\/09\/1fom-1024x92.jpg\" alt=\"\" srcset=\"https:\/\/www.elpromaelectronics.com\/wp-content\/uploads\/2021\/09\/1fom-1024x92.jpg 1024w, https:\/\/www.elpromaelectronics.com\/wp-content\/uploads\/2021\/09\/1fom-300x27.jpg 300w, https:\/\/www.elpromaelectronics.com\/wp-content\/uploads\/2021\/09\/1fom-768x69.jpg 768w, https:\/\/www.elpromaelectronics.com\/wp-content\/uploads\/2021\/09\/1fom-700x63.jpg 700w, https:\/\/www.elpromaelectronics.com\/wp-content\/uploads\/2021\/09\/1fom-1000x90.jpg 1000w, https:\/\/www.elpromaelectronics.com\/wp-content\/uploads\/2021\/09\/1fom.jpg 1386w\" sizes=\"(max-width: 1024px) 100vw, 1024px\" \/><\/p>\n","protected":false},"excerpt":{"rendered":"<p>ELPROMA ELEKTRONIKA Sp z o.o. realizuje w ramach Programu Fundusze Europejskie dla Nowoczesnej Gospodarki projekt badawczy pt. \u201eMacierz czujnik\u00f3w \u015bwiat\u0142owodowych do mapowania skr\u0119tnych drga\u0144 mechanicznych w obiektach skupionych i rozleg\u0142ych \u2013 FOM-MEM (Fiber-Optic Matrix for Mechanical Events Mapping)\u201d Przedmiotem projektu jest opracowanie unikalnego w globalnej skali systemu roz\u0142o\u017conych czujnik\u00f3w punktowych umo\u017cliwiaj\u0105cych wiarygodne mapowanie miejsc wyst\u0119powania zaburze\u0144 mechanicznych typu rotacyjnego zar\u00f3wno\u2026<\/p>\n","protected":false},"author":4,"featured_media":0,"parent":0,"menu_order":0,"comment_status":"closed","ping_status":"closed","template":"","meta":{"_acf_changed":false,"_themeisle_gutenberg_block_has_review":false,"footnotes":""},"class_list":["post-5225","page","type-page","status-publish","hentry"],"acf":[],"yoast_head":"<!-- This site is optimized with the Yoast SEO Premium plugin v23.0 (Yoast SEO v24.5) - https:\/\/yoast.com\/wordpress\/plugins\/seo\/ -->\n<title>Projekt FOM-MEM - Elproma<\/title>\n<meta name=\"robots\" content=\"index, follow, max-snippet:-1, max-image-preview:large, max-video-preview:-1\" \/>\n<link rel=\"canonical\" href=\"https:\/\/www.elpromaelectronics.com\/pl\/macierz-czujnikow-swiatlowodowych-do-mapowania-skretnych-drgan-mechanicznych-w-obiektach-skupionych-i-rozleglych-fom-mem-fiber-optic-matrix-for-mechanical-events-mapping\/\" \/>\n<meta property=\"og:locale\" content=\"pl_PL\" \/>\n<meta property=\"og:type\" content=\"article\" \/>\n<meta property=\"og:title\" content=\"Projekt FOM-MEM\" \/>\n<meta property=\"og:description\" content=\"ELPROMA ELEKTRONIKA Sp z o.o. realizuje w ramach Programu Fundusze Europejskie dla Nowoczesnej Gospodarki projekt badawczy pt. \u201eMacierz czujnik\u00f3w \u015bwiat\u0142owodowych do mapowania skr\u0119tnych drga\u0144 mechanicznych w obiektach skupionych i rozleg\u0142ych \u2013 FOM-MEM (Fiber-Optic Matrix for Mechanical Events Mapping)\u201d Przedmiotem projektu jest opracowanie unikalnego w globalnej skali systemu roz\u0142o\u017conych czujnik\u00f3w punktowych umo\u017cliwiaj\u0105cych wiarygodne mapowanie miejsc wyst\u0119powania zaburze\u0144 mechanicznych typu rotacyjnego zar\u00f3wno\u2026\" \/>\n<meta property=\"og:url\" content=\"https:\/\/www.elpromaelectronics.com\/pl\/macierz-czujnikow-swiatlowodowych-do-mapowania-skretnych-drgan-mechanicznych-w-obiektach-skupionych-i-rozleglych-fom-mem-fiber-optic-matrix-for-mechanical-events-mapping\/\" \/>\n<meta property=\"og:site_name\" content=\"Elproma\" \/>\n<meta property=\"article:modified_time\" content=\"2025-01-21T12:11:35+00:00\" \/>\n<meta property=\"og:image\" content=\"https:\/\/www.elpromaelectronics.com\/wp-content\/uploads\/2021\/09\/1fom-1024x92.jpg\" \/>\n<meta name=\"twitter:card\" content=\"summary_large_image\" \/>\n<meta name=\"twitter:label1\" content=\"Szacowany czas czytania\" \/>\n\t<meta name=\"twitter:data1\" content=\"2 minuty\" \/>\n<script type=\"application\/ld+json\" class=\"yoast-schema-graph\">{\"@context\":\"https:\/\/schema.org\",\"@graph\":[{\"@type\":\"WebPage\",\"@id\":\"https:\/\/www.elpromaelectronics.com\/pl\/macierz-czujnikow-swiatlowodowych-do-mapowania-skretnych-drgan-mechanicznych-w-obiektach-skupionych-i-rozleglych-fom-mem-fiber-optic-matrix-for-mechanical-events-mapping\/\",\"url\":\"https:\/\/www.elpromaelectronics.com\/pl\/macierz-czujnikow-swiatlowodowych-do-mapowania-skretnych-drgan-mechanicznych-w-obiektach-skupionych-i-rozleglych-fom-mem-fiber-optic-matrix-for-mechanical-events-mapping\/\",\"name\":\"Projekt FOM-MEM - Elproma\",\"isPartOf\":{\"@id\":\"https:\/\/www.elpromaelectronics.com\/pl\/#website\"},\"primaryImageOfPage\":{\"@id\":\"https:\/\/www.elpromaelectronics.com\/pl\/macierz-czujnikow-swiatlowodowych-do-mapowania-skretnych-drgan-mechanicznych-w-obiektach-skupionych-i-rozleglych-fom-mem-fiber-optic-matrix-for-mechanical-events-mapping\/#primaryimage\"},\"image\":{\"@id\":\"https:\/\/www.elpromaelectronics.com\/pl\/macierz-czujnikow-swiatlowodowych-do-mapowania-skretnych-drgan-mechanicznych-w-obiektach-skupionych-i-rozleglych-fom-mem-fiber-optic-matrix-for-mechanical-events-mapping\/#primaryimage\"},\"thumbnailUrl\":\"https:\/\/www.elpromaelectronics.com\/wp-content\/uploads\/2021\/09\/1fom-1024x92.jpg\",\"datePublished\":\"2024-06-26T08:15:06+00:00\",\"dateModified\":\"2025-01-21T12:11:35+00:00\",\"breadcrumb\":{\"@id\":\"https:\/\/www.elpromaelectronics.com\/pl\/macierz-czujnikow-swiatlowodowych-do-mapowania-skretnych-drgan-mechanicznych-w-obiektach-skupionych-i-rozleglych-fom-mem-fiber-optic-matrix-for-mechanical-events-mapping\/#breadcrumb\"},\"inLanguage\":\"pl-PL\",\"potentialAction\":[{\"@type\":\"ReadAction\",\"target\":[\"https:\/\/www.elpromaelectronics.com\/pl\/macierz-czujnikow-swiatlowodowych-do-mapowania-skretnych-drgan-mechanicznych-w-obiektach-skupionych-i-rozleglych-fom-mem-fiber-optic-matrix-for-mechanical-events-mapping\/\"]}]},{\"@type\":\"ImageObject\",\"inLanguage\":\"pl-PL\",\"@id\":\"https:\/\/www.elpromaelectronics.com\/pl\/macierz-czujnikow-swiatlowodowych-do-mapowania-skretnych-drgan-mechanicznych-w-obiektach-skupionych-i-rozleglych-fom-mem-fiber-optic-matrix-for-mechanical-events-mapping\/#primaryimage\",\"url\":\"https:\/\/www.elpromaelectronics.com\/wp-content\/uploads\/2021\/09\/1fom-1024x92.jpg\",\"contentUrl\":\"https:\/\/www.elpromaelectronics.com\/wp-content\/uploads\/2021\/09\/1fom-1024x92.jpg\"},{\"@type\":\"BreadcrumbList\",\"@id\":\"https:\/\/www.elpromaelectronics.com\/pl\/macierz-czujnikow-swiatlowodowych-do-mapowania-skretnych-drgan-mechanicznych-w-obiektach-skupionych-i-rozleglych-fom-mem-fiber-optic-matrix-for-mechanical-events-mapping\/#breadcrumb\",\"itemListElement\":[{\"@type\":\"ListItem\",\"position\":1,\"name\":\"Home\",\"item\":\"https:\/\/www.elpromaelectronics.com\/pl\/\"},{\"@type\":\"ListItem\",\"position\":2,\"name\":\"Projekt FOM-MEM\"}]},{\"@type\":\"WebSite\",\"@id\":\"https:\/\/www.elpromaelectronics.com\/pl\/#website\",\"url\":\"https:\/\/www.elpromaelectronics.com\/pl\/\",\"name\":\"Elproma\",\"description\":\"\",\"publisher\":{\"@id\":\"https:\/\/www.elpromaelectronics.com\/pl\/#organization\"},\"potentialAction\":[{\"@type\":\"SearchAction\",\"target\":{\"@type\":\"EntryPoint\",\"urlTemplate\":\"https:\/\/www.elpromaelectronics.com\/pl\/?s={search_term_string}\"},\"query-input\":{\"@type\":\"PropertyValueSpecification\",\"valueRequired\":true,\"valueName\":\"search_term_string\"}}],\"inLanguage\":\"pl-PL\"},{\"@type\":\"Organization\",\"@id\":\"https:\/\/www.elpromaelectronics.com\/pl\/#organization\",\"name\":\"Elproma Elektronika Sp. z o.o.\",\"url\":\"https:\/\/www.elpromaelectronics.com\/pl\/\",\"logo\":{\"@type\":\"ImageObject\",\"inLanguage\":\"pl-PL\",\"@id\":\"https:\/\/www.elpromaelectronics.com\/pl\/#\/schema\/logo\/image\/\",\"url\":\"https:\/\/www.elpromaelectronics.com\/wp-content\/uploads\/2021\/09\/Elproma_logo.jpg\",\"contentUrl\":\"https:\/\/www.elpromaelectronics.com\/wp-content\/uploads\/2021\/09\/Elproma_logo.jpg\",\"width\":1024,\"height\":229,\"caption\":\"Elproma Elektronika Sp. z o.o.\"},\"image\":{\"@id\":\"https:\/\/www.elpromaelectronics.com\/pl\/#\/schema\/logo\/image\/\"},\"sameAs\":[\"https:\/\/www.linkedin.com\/company\/elproma-electronics\/\"]}]}<\/script>\n<!-- \/ Yoast SEO Premium plugin. -->","yoast_head_json":{"title":"Projekt FOM-MEM - Elproma","robots":{"index":"index","follow":"follow","max-snippet":"max-snippet:-1","max-image-preview":"max-image-preview:large","max-video-preview":"max-video-preview:-1"},"canonical":"https:\/\/www.elpromaelectronics.com\/pl\/macierz-czujnikow-swiatlowodowych-do-mapowania-skretnych-drgan-mechanicznych-w-obiektach-skupionych-i-rozleglych-fom-mem-fiber-optic-matrix-for-mechanical-events-mapping\/","og_locale":"pl_PL","og_type":"article","og_title":"Projekt FOM-MEM","og_description":"ELPROMA ELEKTRONIKA Sp z o.o. realizuje w ramach Programu Fundusze Europejskie dla Nowoczesnej Gospodarki projekt badawczy pt. \u201eMacierz czujnik\u00f3w \u015bwiat\u0142owodowych do mapowania skr\u0119tnych drga\u0144 mechanicznych w obiektach skupionych i rozleg\u0142ych \u2013 FOM-MEM (Fiber-Optic Matrix for Mechanical Events Mapping)\u201d Przedmiotem projektu jest opracowanie unikalnego w globalnej skali systemu roz\u0142o\u017conych czujnik\u00f3w punktowych umo\u017cliwiaj\u0105cych wiarygodne mapowanie miejsc wyst\u0119powania zaburze\u0144 mechanicznych typu rotacyjnego zar\u00f3wno\u2026","og_url":"https:\/\/www.elpromaelectronics.com\/pl\/macierz-czujnikow-swiatlowodowych-do-mapowania-skretnych-drgan-mechanicznych-w-obiektach-skupionych-i-rozleglych-fom-mem-fiber-optic-matrix-for-mechanical-events-mapping\/","og_site_name":"Elproma","article_modified_time":"2025-01-21T12:11:35+00:00","og_image":[{"url":"https:\/\/www.elpromaelectronics.com\/wp-content\/uploads\/2021\/09\/1fom-1024x92.jpg","type":"","width":"","height":""}],"twitter_card":"summary_large_image","twitter_misc":{"Szacowany czas czytania":"2 minuty"},"schema":{"@context":"https:\/\/schema.org","@graph":[{"@type":"WebPage","@id":"https:\/\/www.elpromaelectronics.com\/pl\/macierz-czujnikow-swiatlowodowych-do-mapowania-skretnych-drgan-mechanicznych-w-obiektach-skupionych-i-rozleglych-fom-mem-fiber-optic-matrix-for-mechanical-events-mapping\/","url":"https:\/\/www.elpromaelectronics.com\/pl\/macierz-czujnikow-swiatlowodowych-do-mapowania-skretnych-drgan-mechanicznych-w-obiektach-skupionych-i-rozleglych-fom-mem-fiber-optic-matrix-for-mechanical-events-mapping\/","name":"Projekt FOM-MEM - Elproma","isPartOf":{"@id":"https:\/\/www.elpromaelectronics.com\/pl\/#website"},"primaryImageOfPage":{"@id":"https:\/\/www.elpromaelectronics.com\/pl\/macierz-czujnikow-swiatlowodowych-do-mapowania-skretnych-drgan-mechanicznych-w-obiektach-skupionych-i-rozleglych-fom-mem-fiber-optic-matrix-for-mechanical-events-mapping\/#primaryimage"},"image":{"@id":"https:\/\/www.elpromaelectronics.com\/pl\/macierz-czujnikow-swiatlowodowych-do-mapowania-skretnych-drgan-mechanicznych-w-obiektach-skupionych-i-rozleglych-fom-mem-fiber-optic-matrix-for-mechanical-events-mapping\/#primaryimage"},"thumbnailUrl":"https:\/\/www.elpromaelectronics.com\/wp-content\/uploads\/2021\/09\/1fom-1024x92.jpg","datePublished":"2024-06-26T08:15:06+00:00","dateModified":"2025-01-21T12:11:35+00:00","breadcrumb":{"@id":"https:\/\/www.elpromaelectronics.com\/pl\/macierz-czujnikow-swiatlowodowych-do-mapowania-skretnych-drgan-mechanicznych-w-obiektach-skupionych-i-rozleglych-fom-mem-fiber-optic-matrix-for-mechanical-events-mapping\/#breadcrumb"},"inLanguage":"pl-PL","potentialAction":[{"@type":"ReadAction","target":["https:\/\/www.elpromaelectronics.com\/pl\/macierz-czujnikow-swiatlowodowych-do-mapowania-skretnych-drgan-mechanicznych-w-obiektach-skupionych-i-rozleglych-fom-mem-fiber-optic-matrix-for-mechanical-events-mapping\/"]}]},{"@type":"ImageObject","inLanguage":"pl-PL","@id":"https:\/\/www.elpromaelectronics.com\/pl\/macierz-czujnikow-swiatlowodowych-do-mapowania-skretnych-drgan-mechanicznych-w-obiektach-skupionych-i-rozleglych-fom-mem-fiber-optic-matrix-for-mechanical-events-mapping\/#primaryimage","url":"https:\/\/www.elpromaelectronics.com\/wp-content\/uploads\/2021\/09\/1fom-1024x92.jpg","contentUrl":"https:\/\/www.elpromaelectronics.com\/wp-content\/uploads\/2021\/09\/1fom-1024x92.jpg"},{"@type":"BreadcrumbList","@id":"https:\/\/www.elpromaelectronics.com\/pl\/macierz-czujnikow-swiatlowodowych-do-mapowania-skretnych-drgan-mechanicznych-w-obiektach-skupionych-i-rozleglych-fom-mem-fiber-optic-matrix-for-mechanical-events-mapping\/#breadcrumb","itemListElement":[{"@type":"ListItem","position":1,"name":"Home","item":"https:\/\/www.elpromaelectronics.com\/pl\/"},{"@type":"ListItem","position":2,"name":"Projekt FOM-MEM"}]},{"@type":"WebSite","@id":"https:\/\/www.elpromaelectronics.com\/pl\/#website","url":"https:\/\/www.elpromaelectronics.com\/pl\/","name":"Elproma","description":"","publisher":{"@id":"https:\/\/www.elpromaelectronics.com\/pl\/#organization"},"potentialAction":[{"@type":"SearchAction","target":{"@type":"EntryPoint","urlTemplate":"https:\/\/www.elpromaelectronics.com\/pl\/?s={search_term_string}"},"query-input":{"@type":"PropertyValueSpecification","valueRequired":true,"valueName":"search_term_string"}}],"inLanguage":"pl-PL"},{"@type":"Organization","@id":"https:\/\/www.elpromaelectronics.com\/pl\/#organization","name":"Elproma Elektronika Sp. z o.o.","url":"https:\/\/www.elpromaelectronics.com\/pl\/","logo":{"@type":"ImageObject","inLanguage":"pl-PL","@id":"https:\/\/www.elpromaelectronics.com\/pl\/#\/schema\/logo\/image\/","url":"https:\/\/www.elpromaelectronics.com\/wp-content\/uploads\/2021\/09\/Elproma_logo.jpg","contentUrl":"https:\/\/www.elpromaelectronics.com\/wp-content\/uploads\/2021\/09\/Elproma_logo.jpg","width":1024,"height":229,"caption":"Elproma Elektronika Sp. z o.o."},"image":{"@id":"https:\/\/www.elpromaelectronics.com\/pl\/#\/schema\/logo\/image\/"},"sameAs":["https:\/\/www.linkedin.com\/company\/elproma-electronics\/"]}]}},"_links":{"self":[{"href":"https:\/\/www.elpromaelectronics.com\/pl\/wp-json\/wp\/v2\/pages\/5225","targetHints":{"allow":["GET"]}}],"collection":[{"href":"https:\/\/www.elpromaelectronics.com\/pl\/wp-json\/wp\/v2\/pages"}],"about":[{"href":"https:\/\/www.elpromaelectronics.com\/pl\/wp-json\/wp\/v2\/types\/page"}],"author":[{"embeddable":true,"href":"https:\/\/www.elpromaelectronics.com\/pl\/wp-json\/wp\/v2\/users\/4"}],"replies":[{"embeddable":true,"href":"https:\/\/www.elpromaelectronics.com\/pl\/wp-json\/wp\/v2\/comments?post=5225"}],"version-history":[{"count":24,"href":"https:\/\/www.elpromaelectronics.com\/pl\/wp-json\/wp\/v2\/pages\/5225\/revisions"}],"predecessor-version":[{"id":5789,"href":"https:\/\/www.elpromaelectronics.com\/pl\/wp-json\/wp\/v2\/pages\/5225\/revisions\/5789"}],"wp:attachment":[{"href":"https:\/\/www.elpromaelectronics.com\/pl\/wp-json\/wp\/v2\/media?parent=5225"}],"curies":[{"name":"wp","href":"https:\/\/api.w.org\/{rel}","templated":true}]}}