{"id":5227,"date":"2024-06-26T12:27:06","date_gmt":"2024-06-26T10:27:06","guid":{"rendered":"https:\/\/www.elpromaelectronics.com\/utworzenie-profesjonalnego-laboratorium-badawczego\/"},"modified":"2025-01-21T13:35:23","modified_gmt":"2025-01-21T12:35:23","slug":"utworzenie-profesjonalnego-laboratorium-badawczego","status":"publish","type":"page","link":"https:\/\/www.elpromaelectronics.com\/pl\/utworzenie-profesjonalnego-laboratorium-badawczego\/","title":{"rendered":"Projekt LABORATORIUM"},"content":{"rendered":"<p align=\"justify\"><font size=\"3\" family=\"Aptos\"><br \/>\nELRPOMA ELEKTRONIKA Sp\u00f3\u0142ka z o.o. realizowa\u0142a projekt pt. <b><br \/><center>&#8222;Utworzenie profesjonalnego laboratorium badawczego&#8221;,<\/center><br \/><\/b> wsp\u00f3\u0142finansowany ze \u015brodk\u00f3w Unii Europejskiej ramach Dzia\u0142ania 1.2 Dzia\u0142alno\u015b\u0107 badawczo &#8211; rozwojowa przedsi\u0119biorstw Regionalnego Programu Operacyjnego Wojew\u00f3dztwa Mazowieckiego na lata 2014-2020.<\/p>\n<p align=\"justify\">G\u0142\u00f3wnym Celem projektu by\u0142o stworzenie w nowo budowanej siedzibie Sp\u00f3\u0142ki profesjonalnego laboratorium badawczego, co przyczyni\u0142o si\u0119 do rozwoju ju\u017c dynamicznie dzia\u0142aj\u0105cego dzia\u0142u B+R. W ramach projektu kupowane by\u0142y aparatura, sprz\u0119t, technologie oraz dostosowana zosta\u0142a niezb\u0119dna infrastruktura s\u0142u\u017c\u0105ca prowadzeniu prac B+R w przedsi\u0119biorstwie, co w efekcie prze\u0142o\u017cy\u0142o si\u0119 na opracowywanie i wdra\u017canie na rynek innowacyjnych produkt\u00f3w i us\u0142ug. W szczeg\u00f3lno\u015bci, kupowana infrastruktura wykorzystana zosta\u0142a do prowadzenia prac B+R na r\u00f3\u017cnych poziomach zaawansowania, w zakresie rozwoju urz\u0105dze\u0144 i oprogramowania dla telemedycyny oraz dla telemetrii rolniczej.<\/p>\n<p>W ramach inwestycji dostosowane i wyposa\u017cone zosta\u0142o laboratorium, sk\u0142adaj\u0105ce si\u0119 z trzech kluczowych cz\u0119\u015bci:<br \/>\n1. Pomieszczenia R&#038;D przeznaczonego do prac koncepcyjnych i tw\u00f3rczych.<br \/>\n2. Pomieszczenia laboratorium projektowego z zapleczem technicznym.<br \/>\n3. Pomieszczenia prototypowego z zapleczem testowym.<\/p>\n<p>Projekt realizowany by\u0142 w ramach Regionalnego Programu Operacyjnego Wojew\u00f3dztwa Mazowieckiego na lata 2014-2020<br \/>\nO\u015b Priorytetowa I Wykorzystanie dzia\u0142alno\u015bci badawczo-rozwojowej w gospodarce<\/p>\n<p>Dzia\u0142anie 1.2 Dzia\u0142alno\u015b\u0107 badawczo &#8211; rozwojowa przedsi\u0119biorstw<\/p>\n<p>Numer umowy o dofinansowanie: RPMA.01.02.00-14-C012\/18<br \/>\nWarto\u015b\u0107 dofinansowania: 766 094,16PLN\t\t<\/p>\n<style>\/*! elementor - v3.23.0 - 15-07-2024 *\/\n.elementor-widget-image{text-align:center}.elementor-widget-image a{display:inline-block}.elementor-widget-image a img[src$=\".svg\"]{width:48px}.elementor-widget-image img{vertical-align:middle;display:inline-block}<\/style>\n<p>\t\t\t\t\t\t\t\t\t\t<img fetchpriority=\"high\" decoding=\"async\" width=\"1024\" height=\"99\" src=\"https:\/\/www.elpromaelectronics.com\/wp-content\/uploads\/2024\/06\/3lab-1024x99.jpg\" alt=\"\" srcset=\"https:\/\/www.elpromaelectronics.com\/wp-content\/uploads\/2024\/06\/3lab-1024x99.jpg 1024w, https:\/\/www.elpromaelectronics.com\/wp-content\/uploads\/2024\/06\/3lab-300x29.jpg 300w, https:\/\/www.elpromaelectronics.com\/wp-content\/uploads\/2024\/06\/3lab-768x74.jpg 768w, https:\/\/www.elpromaelectronics.com\/wp-content\/uploads\/2024\/06\/3lab-1536x148.jpg 1536w, https:\/\/www.elpromaelectronics.com\/wp-content\/uploads\/2024\/06\/3lab-700x67.jpg 700w, https:\/\/www.elpromaelectronics.com\/wp-content\/uploads\/2024\/06\/3lab-1000x96.jpg 1000w, https:\/\/www.elpromaelectronics.com\/wp-content\/uploads\/2024\/06\/3lab.jpg 1890w\" sizes=\"(max-width: 1024px) 100vw, 1024px\" \/><\/p>\n","protected":false},"excerpt":{"rendered":"<p>ELRPOMA ELEKTRONIKA Sp\u00f3\u0142ka z o.o. realizowa\u0142a projekt pt. &#8222;Utworzenie profesjonalnego laboratorium badawczego&#8221;, wsp\u00f3\u0142finansowany ze \u015brodk\u00f3w Unii Europejskiej ramach Dzia\u0142ania 1.2 Dzia\u0142alno\u015b\u0107 badawczo &#8211; rozwojowa przedsi\u0119biorstw Regionalnego Programu Operacyjnego Wojew\u00f3dztwa Mazowieckiego na lata 2014-2020. G\u0142\u00f3wnym Celem projektu by\u0142o stworzenie w nowo budowanej siedzibie Sp\u00f3\u0142ki profesjonalnego laboratorium badawczego, co przyczyni\u0142o si\u0119 do rozwoju ju\u017c dynamicznie dzia\u0142aj\u0105cego dzia\u0142u B+R. W ramach projektu kupowane\u2026<\/p>\n","protected":false},"author":4,"featured_media":0,"parent":0,"menu_order":0,"comment_status":"closed","ping_status":"closed","template":"","meta":{"_acf_changed":false,"_themeisle_gutenberg_block_has_review":false,"footnotes":""},"class_list":["post-5227","page","type-page","status-publish","hentry"],"acf":[],"yoast_head":"<!-- This site is optimized with the Yoast SEO Premium plugin v23.0 (Yoast SEO v24.5) - https:\/\/yoast.com\/wordpress\/plugins\/seo\/ -->\n<title>Projekt LABORATORIUM - Elproma<\/title>\n<meta name=\"robots\" content=\"index, follow, max-snippet:-1, max-image-preview:large, max-video-preview:-1\" \/>\n<link rel=\"canonical\" href=\"https:\/\/www.elpromaelectronics.com\/pl\/utworzenie-profesjonalnego-laboratorium-badawczego\/\" \/>\n<meta property=\"og:locale\" content=\"pl_PL\" \/>\n<meta property=\"og:type\" content=\"article\" \/>\n<meta property=\"og:title\" content=\"Projekt LABORATORIUM\" \/>\n<meta property=\"og:description\" content=\"ELRPOMA ELEKTRONIKA Sp\u00f3\u0142ka z o.o. realizowa\u0142a projekt pt. &#8222;Utworzenie profesjonalnego laboratorium badawczego&#8221;, wsp\u00f3\u0142finansowany ze \u015brodk\u00f3w Unii Europejskiej ramach Dzia\u0142ania 1.2 Dzia\u0142alno\u015b\u0107 badawczo &#8211; rozwojowa przedsi\u0119biorstw Regionalnego Programu Operacyjnego Wojew\u00f3dztwa Mazowieckiego na lata 2014-2020. G\u0142\u00f3wnym Celem projektu by\u0142o stworzenie w nowo budowanej siedzibie Sp\u00f3\u0142ki profesjonalnego laboratorium badawczego, co przyczyni\u0142o si\u0119 do rozwoju ju\u017c dynamicznie dzia\u0142aj\u0105cego dzia\u0142u B+R. W ramach projektu kupowane\u2026\" \/>\n<meta property=\"og:url\" content=\"https:\/\/www.elpromaelectronics.com\/pl\/utworzenie-profesjonalnego-laboratorium-badawczego\/\" \/>\n<meta property=\"og:site_name\" content=\"Elproma\" \/>\n<meta property=\"article:modified_time\" content=\"2025-01-21T12:35:23+00:00\" \/>\n<meta property=\"og:image\" content=\"https:\/\/www.elpromaelectronics.com\/wp-content\/uploads\/2024\/06\/3lab-1024x99.jpg\" \/>\n<meta name=\"twitter:card\" content=\"summary_large_image\" \/>\n<meta name=\"twitter:label1\" content=\"Szacowany czas czytania\" \/>\n\t<meta name=\"twitter:data1\" content=\"2 minuty\" \/>\n<script type=\"application\/ld+json\" class=\"yoast-schema-graph\">{\"@context\":\"https:\/\/schema.org\",\"@graph\":[{\"@type\":\"WebPage\",\"@id\":\"https:\/\/www.elpromaelectronics.com\/pl\/utworzenie-profesjonalnego-laboratorium-badawczego\/\",\"url\":\"https:\/\/www.elpromaelectronics.com\/pl\/utworzenie-profesjonalnego-laboratorium-badawczego\/\",\"name\":\"Projekt LABORATORIUM - Elproma\",\"isPartOf\":{\"@id\":\"https:\/\/www.elpromaelectronics.com\/pl\/#website\"},\"primaryImageOfPage\":{\"@id\":\"https:\/\/www.elpromaelectronics.com\/pl\/utworzenie-profesjonalnego-laboratorium-badawczego\/#primaryimage\"},\"image\":{\"@id\":\"https:\/\/www.elpromaelectronics.com\/pl\/utworzenie-profesjonalnego-laboratorium-badawczego\/#primaryimage\"},\"thumbnailUrl\":\"https:\/\/www.elpromaelectronics.com\/wp-content\/uploads\/2024\/06\/3lab-1024x99.jpg\",\"datePublished\":\"2024-06-26T10:27:06+00:00\",\"dateModified\":\"2025-01-21T12:35:23+00:00\",\"breadcrumb\":{\"@id\":\"https:\/\/www.elpromaelectronics.com\/pl\/utworzenie-profesjonalnego-laboratorium-badawczego\/#breadcrumb\"},\"inLanguage\":\"pl-PL\",\"potentialAction\":[{\"@type\":\"ReadAction\",\"target\":[\"https:\/\/www.elpromaelectronics.com\/pl\/utworzenie-profesjonalnego-laboratorium-badawczego\/\"]}]},{\"@type\":\"ImageObject\",\"inLanguage\":\"pl-PL\",\"@id\":\"https:\/\/www.elpromaelectronics.com\/pl\/utworzenie-profesjonalnego-laboratorium-badawczego\/#primaryimage\",\"url\":\"https:\/\/www.elpromaelectronics.com\/wp-content\/uploads\/2024\/06\/3lab-1024x99.jpg\",\"contentUrl\":\"https:\/\/www.elpromaelectronics.com\/wp-content\/uploads\/2024\/06\/3lab-1024x99.jpg\"},{\"@type\":\"BreadcrumbList\",\"@id\":\"https:\/\/www.elpromaelectronics.com\/pl\/utworzenie-profesjonalnego-laboratorium-badawczego\/#breadcrumb\",\"itemListElement\":[{\"@type\":\"ListItem\",\"position\":1,\"name\":\"Home\",\"item\":\"https:\/\/www.elpromaelectronics.com\/pl\/\"},{\"@type\":\"ListItem\",\"position\":2,\"name\":\"Projekt LABORATORIUM\"}]},{\"@type\":\"WebSite\",\"@id\":\"https:\/\/www.elpromaelectronics.com\/pl\/#website\",\"url\":\"https:\/\/www.elpromaelectronics.com\/pl\/\",\"name\":\"Elproma\",\"description\":\"\",\"publisher\":{\"@id\":\"https:\/\/www.elpromaelectronics.com\/pl\/#organization\"},\"potentialAction\":[{\"@type\":\"SearchAction\",\"target\":{\"@type\":\"EntryPoint\",\"urlTemplate\":\"https:\/\/www.elpromaelectronics.com\/pl\/?s={search_term_string}\"},\"query-input\":{\"@type\":\"PropertyValueSpecification\",\"valueRequired\":true,\"valueName\":\"search_term_string\"}}],\"inLanguage\":\"pl-PL\"},{\"@type\":\"Organization\",\"@id\":\"https:\/\/www.elpromaelectronics.com\/pl\/#organization\",\"name\":\"Elproma Elektronika Sp. z o.o.\",\"url\":\"https:\/\/www.elpromaelectronics.com\/pl\/\",\"logo\":{\"@type\":\"ImageObject\",\"inLanguage\":\"pl-PL\",\"@id\":\"https:\/\/www.elpromaelectronics.com\/pl\/#\/schema\/logo\/image\/\",\"url\":\"https:\/\/www.elpromaelectronics.com\/wp-content\/uploads\/2021\/09\/Elproma_logo.jpg\",\"contentUrl\":\"https:\/\/www.elpromaelectronics.com\/wp-content\/uploads\/2021\/09\/Elproma_logo.jpg\",\"width\":1024,\"height\":229,\"caption\":\"Elproma Elektronika Sp. z o.o.\"},\"image\":{\"@id\":\"https:\/\/www.elpromaelectronics.com\/pl\/#\/schema\/logo\/image\/\"},\"sameAs\":[\"https:\/\/www.linkedin.com\/company\/elproma-electronics\/\"]}]}<\/script>\n<!-- \/ Yoast SEO Premium plugin. -->","yoast_head_json":{"title":"Projekt LABORATORIUM - Elproma","robots":{"index":"index","follow":"follow","max-snippet":"max-snippet:-1","max-image-preview":"max-image-preview:large","max-video-preview":"max-video-preview:-1"},"canonical":"https:\/\/www.elpromaelectronics.com\/pl\/utworzenie-profesjonalnego-laboratorium-badawczego\/","og_locale":"pl_PL","og_type":"article","og_title":"Projekt LABORATORIUM","og_description":"ELRPOMA ELEKTRONIKA Sp\u00f3\u0142ka z o.o. realizowa\u0142a projekt pt. &#8222;Utworzenie profesjonalnego laboratorium badawczego&#8221;, wsp\u00f3\u0142finansowany ze \u015brodk\u00f3w Unii Europejskiej ramach Dzia\u0142ania 1.2 Dzia\u0142alno\u015b\u0107 badawczo &#8211; rozwojowa przedsi\u0119biorstw Regionalnego Programu Operacyjnego Wojew\u00f3dztwa Mazowieckiego na lata 2014-2020. G\u0142\u00f3wnym Celem projektu by\u0142o stworzenie w nowo budowanej siedzibie Sp\u00f3\u0142ki profesjonalnego laboratorium badawczego, co przyczyni\u0142o si\u0119 do rozwoju ju\u017c dynamicznie dzia\u0142aj\u0105cego dzia\u0142u B+R. W ramach projektu kupowane\u2026","og_url":"https:\/\/www.elpromaelectronics.com\/pl\/utworzenie-profesjonalnego-laboratorium-badawczego\/","og_site_name":"Elproma","article_modified_time":"2025-01-21T12:35:23+00:00","og_image":[{"url":"https:\/\/www.elpromaelectronics.com\/wp-content\/uploads\/2024\/06\/3lab-1024x99.jpg","type":"","width":"","height":""}],"twitter_card":"summary_large_image","twitter_misc":{"Szacowany czas czytania":"2 minuty"},"schema":{"@context":"https:\/\/schema.org","@graph":[{"@type":"WebPage","@id":"https:\/\/www.elpromaelectronics.com\/pl\/utworzenie-profesjonalnego-laboratorium-badawczego\/","url":"https:\/\/www.elpromaelectronics.com\/pl\/utworzenie-profesjonalnego-laboratorium-badawczego\/","name":"Projekt LABORATORIUM - Elproma","isPartOf":{"@id":"https:\/\/www.elpromaelectronics.com\/pl\/#website"},"primaryImageOfPage":{"@id":"https:\/\/www.elpromaelectronics.com\/pl\/utworzenie-profesjonalnego-laboratorium-badawczego\/#primaryimage"},"image":{"@id":"https:\/\/www.elpromaelectronics.com\/pl\/utworzenie-profesjonalnego-laboratorium-badawczego\/#primaryimage"},"thumbnailUrl":"https:\/\/www.elpromaelectronics.com\/wp-content\/uploads\/2024\/06\/3lab-1024x99.jpg","datePublished":"2024-06-26T10:27:06+00:00","dateModified":"2025-01-21T12:35:23+00:00","breadcrumb":{"@id":"https:\/\/www.elpromaelectronics.com\/pl\/utworzenie-profesjonalnego-laboratorium-badawczego\/#breadcrumb"},"inLanguage":"pl-PL","potentialAction":[{"@type":"ReadAction","target":["https:\/\/www.elpromaelectronics.com\/pl\/utworzenie-profesjonalnego-laboratorium-badawczego\/"]}]},{"@type":"ImageObject","inLanguage":"pl-PL","@id":"https:\/\/www.elpromaelectronics.com\/pl\/utworzenie-profesjonalnego-laboratorium-badawczego\/#primaryimage","url":"https:\/\/www.elpromaelectronics.com\/wp-content\/uploads\/2024\/06\/3lab-1024x99.jpg","contentUrl":"https:\/\/www.elpromaelectronics.com\/wp-content\/uploads\/2024\/06\/3lab-1024x99.jpg"},{"@type":"BreadcrumbList","@id":"https:\/\/www.elpromaelectronics.com\/pl\/utworzenie-profesjonalnego-laboratorium-badawczego\/#breadcrumb","itemListElement":[{"@type":"ListItem","position":1,"name":"Home","item":"https:\/\/www.elpromaelectronics.com\/pl\/"},{"@type":"ListItem","position":2,"name":"Projekt LABORATORIUM"}]},{"@type":"WebSite","@id":"https:\/\/www.elpromaelectronics.com\/pl\/#website","url":"https:\/\/www.elpromaelectronics.com\/pl\/","name":"Elproma","description":"","publisher":{"@id":"https:\/\/www.elpromaelectronics.com\/pl\/#organization"},"potentialAction":[{"@type":"SearchAction","target":{"@type":"EntryPoint","urlTemplate":"https:\/\/www.elpromaelectronics.com\/pl\/?s={search_term_string}"},"query-input":{"@type":"PropertyValueSpecification","valueRequired":true,"valueName":"search_term_string"}}],"inLanguage":"pl-PL"},{"@type":"Organization","@id":"https:\/\/www.elpromaelectronics.com\/pl\/#organization","name":"Elproma Elektronika Sp. z o.o.","url":"https:\/\/www.elpromaelectronics.com\/pl\/","logo":{"@type":"ImageObject","inLanguage":"pl-PL","@id":"https:\/\/www.elpromaelectronics.com\/pl\/#\/schema\/logo\/image\/","url":"https:\/\/www.elpromaelectronics.com\/wp-content\/uploads\/2021\/09\/Elproma_logo.jpg","contentUrl":"https:\/\/www.elpromaelectronics.com\/wp-content\/uploads\/2021\/09\/Elproma_logo.jpg","width":1024,"height":229,"caption":"Elproma Elektronika Sp. z o.o."},"image":{"@id":"https:\/\/www.elpromaelectronics.com\/pl\/#\/schema\/logo\/image\/"},"sameAs":["https:\/\/www.linkedin.com\/company\/elproma-electronics\/"]}]}},"_links":{"self":[{"href":"https:\/\/www.elpromaelectronics.com\/pl\/wp-json\/wp\/v2\/pages\/5227","targetHints":{"allow":["GET"]}}],"collection":[{"href":"https:\/\/www.elpromaelectronics.com\/pl\/wp-json\/wp\/v2\/pages"}],"about":[{"href":"https:\/\/www.elpromaelectronics.com\/pl\/wp-json\/wp\/v2\/types\/page"}],"author":[{"embeddable":true,"href":"https:\/\/www.elpromaelectronics.com\/pl\/wp-json\/wp\/v2\/users\/4"}],"replies":[{"embeddable":true,"href":"https:\/\/www.elpromaelectronics.com\/pl\/wp-json\/wp\/v2\/comments?post=5227"}],"version-history":[{"count":10,"href":"https:\/\/www.elpromaelectronics.com\/pl\/wp-json\/wp\/v2\/pages\/5227\/revisions"}],"predecessor-version":[{"id":5804,"href":"https:\/\/www.elpromaelectronics.com\/pl\/wp-json\/wp\/v2\/pages\/5227\/revisions\/5804"}],"wp:attachment":[{"href":"https:\/\/www.elpromaelectronics.com\/pl\/wp-json\/wp\/v2\/media?parent=5227"}],"curies":[{"name":"wp","href":"https:\/\/api.w.org\/{rel}","templated":true}]}}