{"id":5645,"date":"2025-01-14T16:06:48","date_gmt":"2025-01-14T15:06:48","guid":{"rendered":"https:\/\/www.elpromaelectronics.com\/?page_id=5645"},"modified":"2025-01-21T13:22:47","modified_gmt":"2025-01-21T12:22:47","slug":"projekt-fog-ins","status":"publish","type":"page","link":"https:\/\/www.elpromaelectronics.com\/pl\/projekt-fog-ins\/","title":{"rendered":"Projekt FOG-INS"},"content":{"rendered":"\t\t<div data-elementor-type=\"wp-page\" data-elementor-id=\"5645\" class=\"elementor elementor-5645\" data-elementor-post-type=\"page\">\n\t\t\t\t<div class=\"elementor-element elementor-element-9aaa911 e-flex e-con-boxed e-con e-parent\" data-id=\"9aaa911\" data-element_type=\"container\">\n\t\t\t\t\t<div class=\"e-con-inner\">\n\t\t\t\t<div class=\"elementor-element elementor-element-6810bbc elementor-widget__width-initial elementor-widget elementor-widget-text-editor\" data-id=\"6810bbc\" data-element_type=\"widget\" data-widget_type=\"text-editor.default\">\n\t\t\t\t<div class=\"elementor-widget-container\">\n\t\t\t\t\t\t\t\t\t<p align=\"justify\"><font size=\"3\" family=\"Aptos\">\nELPROMA ELEKTRONIKA Sz o.o. w Konsorcjum z Politechnik\u0105 \u0141\u00f3dzk\u0105 oraz Wojskow\u0105 Akademi\u0105 Techniczn\u0105 realizuje projekt pt.<b><br><center>\n\u201eFOG dla wybranych zastosowa\u0144 INS\u201d,<\/center><br><\/b>\nkt\u00f3ry wsp\u00f3\u0142finansowany jest ze \u015brodk\u00f3w Unii Europejskiej w ramach programu regionalnego Fundusze Europejskie dla \u0141\u00f3dzkiego 2021-2027.<br><br>\n \nG\u0142\u00f3wnym celem projektu jest opracowanie pierwszego w kraju 3-osiowego \u017cyroskopu \u015bwiat\u0142owodowego \u2013 FOG (ang. Fiber-Optic Gyroscope) przeznaczonego do kr\u00f3tko-okresowych system\u00f3w nawigacyjnych typu INS klasy intermediate stosowanych w pojazdach autonomicznych. Urz\u0105dzenie b\u0119dzie spe\u0142nia\u0142o wyg\u00f3rowane wymagania co do gabaryt\u00f3w, masy, zasilania, odporno\u015bci \u015brodowiskowej w tym na zmiany temperatury, wibracje, przeci\u0105\u017cenia. Osi\u0105gniecie powy\u017cszych wymaga\u0144 jest mo\u017cliwe poprzez realizacj\u0119 prac B+R na trzech wzajemnie powi\u0105zanych kierunkach b\u0119d\u0105cych domen\u0105 poszczeg\u00f3lnych konsorcjant\u00f3w.<br><br>\nProgram Regionalny Fundusze Europejskie dla \u0141\u00f3dzkiego 2021-2027<br>\nPriorytet: FELD.01 Fundusze Europejskie dla innowacyjnego \u0141\u00f3dzkiego<br>\nDzia\u0142anie: FELD.01.02 Inwestycje przedsi\u0119biorstw w badania i innowacje<br><br>\n \n Numer umowy o dofinansowanie: FELD.01.02-0019\/24<br>\nWarto\u015b\u0107 projektu: 10 111 734,28 PLN<br>\nDofinansowanie: 8 506 216,98 PLN<br>\nOkres realizacji: 01.11-2024 &#8211;  28-02-2027<br><br>\nWi\u0119cej szczeg\u00f3\u0142\u00f3w &#8211; przejd\u017a na <b><a href=\"https:\/\/www.elpromaelectronics.com\/product\/fog-ins\/\">Produkty\/PHOTONIC SOLUTIONS\/FOG-INS<\/a><\/b>\t\t\t\t\t\t\t\t<\/div>\n\t\t\t\t<\/div>\n\t\t\t\t\t<\/div>\n\t\t\t\t<\/div>\n\t\t<div class=\"elementor-element elementor-element-1ccd74c e-flex e-con-boxed e-con e-parent\" data-id=\"1ccd74c\" data-element_type=\"container\">\n\t\t\t\t\t<div class=\"e-con-inner\">\n\t\t\t\t<div class=\"elementor-element elementor-element-dafe3fe elementor-widget elementor-widget-image\" data-id=\"dafe3fe\" data-element_type=\"widget\" data-widget_type=\"image.default\">\n\t\t\t\t<div class=\"elementor-widget-container\">\n\t\t\t\t\t\t\t\t\t\t\t\t\t\t\t<img fetchpriority=\"high\" decoding=\"async\" width=\"1024\" height=\"107\" src=\"https:\/\/www.elpromaelectronics.com\/wp-content\/uploads\/2025\/01\/fog-ins-eu-1024x107.png\" class=\"attachment-large size-large wp-image-5511\" alt=\"\" srcset=\"https:\/\/www.elpromaelectronics.com\/wp-content\/uploads\/2025\/01\/fog-ins-eu-1024x107.png 1024w, https:\/\/www.elpromaelectronics.com\/wp-content\/uploads\/2025\/01\/fog-ins-eu-700x73.png 700w, https:\/\/www.elpromaelectronics.com\/wp-content\/uploads\/2025\/01\/fog-ins-eu-1000x105.png 1000w, https:\/\/www.elpromaelectronics.com\/wp-content\/uploads\/2025\/01\/fog-ins-eu-300x31.png 300w, https:\/\/www.elpromaelectronics.com\/wp-content\/uploads\/2025\/01\/fog-ins-eu-768x81.png 768w, https:\/\/www.elpromaelectronics.com\/wp-content\/uploads\/2025\/01\/fog-ins-eu.png 1525w\" sizes=\"(max-width: 1024px) 100vw, 1024px\" \/>\t\t\t\t\t\t\t\t\t\t\t\t\t\t\t<\/div>\n\t\t\t\t<\/div>\n\t\t\t\t\t<\/div>\n\t\t\t\t<\/div>\n\t\t\t\t<\/div>\n\t\t","protected":false},"excerpt":{"rendered":"<p>ELPROMA ELEKTRONIKA Sz o.o. w Konsorcjum z Politechnik\u0105 \u0141\u00f3dzk\u0105 oraz Wojskow\u0105 Akademi\u0105 Techniczn\u0105 realizuje projekt pt. \u201eFOG dla wybranych zastosowa\u0144 INS\u201d, kt\u00f3ry wsp\u00f3\u0142finansowany jest ze \u015brodk\u00f3w Unii Europejskiej w ramach programu regionalnego Fundusze Europejskie dla \u0141\u00f3dzkiego 2021-2027. G\u0142\u00f3wnym celem projektu jest opracowanie pierwszego w kraju 3-osiowego \u017cyroskopu \u015bwiat\u0142owodowego \u2013 FOG (ang. Fiber-Optic Gyroscope) przeznaczonego do kr\u00f3tko-okresowych system\u00f3w nawigacyjnych typu INS\u2026<\/p>\n","protected":false},"author":4,"featured_media":0,"parent":0,"menu_order":0,"comment_status":"closed","ping_status":"closed","template":"","meta":{"_acf_changed":false,"_themeisle_gutenberg_block_has_review":false,"footnotes":""},"class_list":["post-5645","page","type-page","status-publish","hentry"],"acf":[],"yoast_head":"<!-- This site is optimized with the Yoast SEO Premium plugin v23.0 (Yoast SEO v24.5) - https:\/\/yoast.com\/wordpress\/plugins\/seo\/ -->\n<title>Projekt FOG-INS - Elproma<\/title>\n<meta name=\"robots\" content=\"index, follow, max-snippet:-1, max-image-preview:large, max-video-preview:-1\" \/>\n<link rel=\"canonical\" href=\"https:\/\/www.elpromaelectronics.com\/pl\/projekt-fog-ins\/\" \/>\n<meta property=\"og:locale\" content=\"pl_PL\" \/>\n<meta property=\"og:type\" content=\"article\" \/>\n<meta property=\"og:title\" content=\"Projekt FOG-INS\" \/>\n<meta property=\"og:description\" content=\"ELPROMA ELEKTRONIKA Sz o.o. w Konsorcjum z Politechnik\u0105 \u0141\u00f3dzk\u0105 oraz Wojskow\u0105 Akademi\u0105 Techniczn\u0105 realizuje projekt pt. \u201eFOG dla wybranych zastosowa\u0144 INS\u201d, kt\u00f3ry wsp\u00f3\u0142finansowany jest ze \u015brodk\u00f3w Unii Europejskiej w ramach programu regionalnego Fundusze Europejskie dla \u0141\u00f3dzkiego 2021-2027. G\u0142\u00f3wnym celem projektu jest opracowanie pierwszego w kraju 3-osiowego \u017cyroskopu \u015bwiat\u0142owodowego \u2013 FOG (ang. Fiber-Optic Gyroscope) przeznaczonego do kr\u00f3tko-okresowych system\u00f3w nawigacyjnych typu INS\u2026\" \/>\n<meta property=\"og:url\" content=\"https:\/\/www.elpromaelectronics.com\/pl\/projekt-fog-ins\/\" \/>\n<meta property=\"og:site_name\" content=\"Elproma\" \/>\n<meta property=\"article:modified_time\" content=\"2025-01-21T12:22:47+00:00\" \/>\n<meta property=\"og:image\" content=\"https:\/\/www.elpromaelectronics.com\/wp-content\/uploads\/2025\/01\/fog-ins-eu-1024x107.png\" \/>\n<meta name=\"twitter:card\" content=\"summary_large_image\" \/>\n<meta name=\"twitter:label1\" content=\"Szacowany czas czytania\" \/>\n\t<meta name=\"twitter:data1\" content=\"2 minuty\" \/>\n<script type=\"application\/ld+json\" class=\"yoast-schema-graph\">{\"@context\":\"https:\/\/schema.org\",\"@graph\":[{\"@type\":\"WebPage\",\"@id\":\"https:\/\/www.elpromaelectronics.com\/pl\/projekt-fog-ins\/\",\"url\":\"https:\/\/www.elpromaelectronics.com\/pl\/projekt-fog-ins\/\",\"name\":\"Projekt FOG-INS - Elproma\",\"isPartOf\":{\"@id\":\"https:\/\/www.elpromaelectronics.com\/pl\/#website\"},\"primaryImageOfPage\":{\"@id\":\"https:\/\/www.elpromaelectronics.com\/pl\/projekt-fog-ins\/#primaryimage\"},\"image\":{\"@id\":\"https:\/\/www.elpromaelectronics.com\/pl\/projekt-fog-ins\/#primaryimage\"},\"thumbnailUrl\":\"https:\/\/www.elpromaelectronics.com\/wp-content\/uploads\/2025\/01\/fog-ins-eu-1024x107.png\",\"datePublished\":\"2025-01-14T15:06:48+00:00\",\"dateModified\":\"2025-01-21T12:22:47+00:00\",\"breadcrumb\":{\"@id\":\"https:\/\/www.elpromaelectronics.com\/pl\/projekt-fog-ins\/#breadcrumb\"},\"inLanguage\":\"pl-PL\",\"potentialAction\":[{\"@type\":\"ReadAction\",\"target\":[\"https:\/\/www.elpromaelectronics.com\/pl\/projekt-fog-ins\/\"]}]},{\"@type\":\"ImageObject\",\"inLanguage\":\"pl-PL\",\"@id\":\"https:\/\/www.elpromaelectronics.com\/pl\/projekt-fog-ins\/#primaryimage\",\"url\":\"https:\/\/www.elpromaelectronics.com\/wp-content\/uploads\/2025\/01\/fog-ins-eu-1024x107.png\",\"contentUrl\":\"https:\/\/www.elpromaelectronics.com\/wp-content\/uploads\/2025\/01\/fog-ins-eu-1024x107.png\"},{\"@type\":\"BreadcrumbList\",\"@id\":\"https:\/\/www.elpromaelectronics.com\/pl\/projekt-fog-ins\/#breadcrumb\",\"itemListElement\":[{\"@type\":\"ListItem\",\"position\":1,\"name\":\"Home\",\"item\":\"https:\/\/www.elpromaelectronics.com\/pl\/\"},{\"@type\":\"ListItem\",\"position\":2,\"name\":\"Projekt FOG-INS\"}]},{\"@type\":\"WebSite\",\"@id\":\"https:\/\/www.elpromaelectronics.com\/pl\/#website\",\"url\":\"https:\/\/www.elpromaelectronics.com\/pl\/\",\"name\":\"Elproma\",\"description\":\"\",\"publisher\":{\"@id\":\"https:\/\/www.elpromaelectronics.com\/pl\/#organization\"},\"potentialAction\":[{\"@type\":\"SearchAction\",\"target\":{\"@type\":\"EntryPoint\",\"urlTemplate\":\"https:\/\/www.elpromaelectronics.com\/pl\/?s={search_term_string}\"},\"query-input\":{\"@type\":\"PropertyValueSpecification\",\"valueRequired\":true,\"valueName\":\"search_term_string\"}}],\"inLanguage\":\"pl-PL\"},{\"@type\":\"Organization\",\"@id\":\"https:\/\/www.elpromaelectronics.com\/pl\/#organization\",\"name\":\"Elproma Elektronika Sp. z o.o.\",\"url\":\"https:\/\/www.elpromaelectronics.com\/pl\/\",\"logo\":{\"@type\":\"ImageObject\",\"inLanguage\":\"pl-PL\",\"@id\":\"https:\/\/www.elpromaelectronics.com\/pl\/#\/schema\/logo\/image\/\",\"url\":\"https:\/\/www.elpromaelectronics.com\/wp-content\/uploads\/2021\/09\/Elproma_logo.jpg\",\"contentUrl\":\"https:\/\/www.elpromaelectronics.com\/wp-content\/uploads\/2021\/09\/Elproma_logo.jpg\",\"width\":1024,\"height\":229,\"caption\":\"Elproma Elektronika Sp. z o.o.\"},\"image\":{\"@id\":\"https:\/\/www.elpromaelectronics.com\/pl\/#\/schema\/logo\/image\/\"},\"sameAs\":[\"https:\/\/www.linkedin.com\/company\/elproma-electronics\/\"]}]}<\/script>\n<!-- \/ Yoast SEO Premium plugin. -->","yoast_head_json":{"title":"Projekt FOG-INS - Elproma","robots":{"index":"index","follow":"follow","max-snippet":"max-snippet:-1","max-image-preview":"max-image-preview:large","max-video-preview":"max-video-preview:-1"},"canonical":"https:\/\/www.elpromaelectronics.com\/pl\/projekt-fog-ins\/","og_locale":"pl_PL","og_type":"article","og_title":"Projekt FOG-INS","og_description":"ELPROMA ELEKTRONIKA Sz o.o. w Konsorcjum z Politechnik\u0105 \u0141\u00f3dzk\u0105 oraz Wojskow\u0105 Akademi\u0105 Techniczn\u0105 realizuje projekt pt. \u201eFOG dla wybranych zastosowa\u0144 INS\u201d, kt\u00f3ry wsp\u00f3\u0142finansowany jest ze \u015brodk\u00f3w Unii Europejskiej w ramach programu regionalnego Fundusze Europejskie dla \u0141\u00f3dzkiego 2021-2027. G\u0142\u00f3wnym celem projektu jest opracowanie pierwszego w kraju 3-osiowego \u017cyroskopu \u015bwiat\u0142owodowego \u2013 FOG (ang. Fiber-Optic Gyroscope) przeznaczonego do kr\u00f3tko-okresowych system\u00f3w nawigacyjnych typu INS\u2026","og_url":"https:\/\/www.elpromaelectronics.com\/pl\/projekt-fog-ins\/","og_site_name":"Elproma","article_modified_time":"2025-01-21T12:22:47+00:00","og_image":[{"url":"https:\/\/www.elpromaelectronics.com\/wp-content\/uploads\/2025\/01\/fog-ins-eu-1024x107.png","type":"","width":"","height":""}],"twitter_card":"summary_large_image","twitter_misc":{"Szacowany czas czytania":"2 minuty"},"schema":{"@context":"https:\/\/schema.org","@graph":[{"@type":"WebPage","@id":"https:\/\/www.elpromaelectronics.com\/pl\/projekt-fog-ins\/","url":"https:\/\/www.elpromaelectronics.com\/pl\/projekt-fog-ins\/","name":"Projekt FOG-INS - Elproma","isPartOf":{"@id":"https:\/\/www.elpromaelectronics.com\/pl\/#website"},"primaryImageOfPage":{"@id":"https:\/\/www.elpromaelectronics.com\/pl\/projekt-fog-ins\/#primaryimage"},"image":{"@id":"https:\/\/www.elpromaelectronics.com\/pl\/projekt-fog-ins\/#primaryimage"},"thumbnailUrl":"https:\/\/www.elpromaelectronics.com\/wp-content\/uploads\/2025\/01\/fog-ins-eu-1024x107.png","datePublished":"2025-01-14T15:06:48+00:00","dateModified":"2025-01-21T12:22:47+00:00","breadcrumb":{"@id":"https:\/\/www.elpromaelectronics.com\/pl\/projekt-fog-ins\/#breadcrumb"},"inLanguage":"pl-PL","potentialAction":[{"@type":"ReadAction","target":["https:\/\/www.elpromaelectronics.com\/pl\/projekt-fog-ins\/"]}]},{"@type":"ImageObject","inLanguage":"pl-PL","@id":"https:\/\/www.elpromaelectronics.com\/pl\/projekt-fog-ins\/#primaryimage","url":"https:\/\/www.elpromaelectronics.com\/wp-content\/uploads\/2025\/01\/fog-ins-eu-1024x107.png","contentUrl":"https:\/\/www.elpromaelectronics.com\/wp-content\/uploads\/2025\/01\/fog-ins-eu-1024x107.png"},{"@type":"BreadcrumbList","@id":"https:\/\/www.elpromaelectronics.com\/pl\/projekt-fog-ins\/#breadcrumb","itemListElement":[{"@type":"ListItem","position":1,"name":"Home","item":"https:\/\/www.elpromaelectronics.com\/pl\/"},{"@type":"ListItem","position":2,"name":"Projekt FOG-INS"}]},{"@type":"WebSite","@id":"https:\/\/www.elpromaelectronics.com\/pl\/#website","url":"https:\/\/www.elpromaelectronics.com\/pl\/","name":"Elproma","description":"","publisher":{"@id":"https:\/\/www.elpromaelectronics.com\/pl\/#organization"},"potentialAction":[{"@type":"SearchAction","target":{"@type":"EntryPoint","urlTemplate":"https:\/\/www.elpromaelectronics.com\/pl\/?s={search_term_string}"},"query-input":{"@type":"PropertyValueSpecification","valueRequired":true,"valueName":"search_term_string"}}],"inLanguage":"pl-PL"},{"@type":"Organization","@id":"https:\/\/www.elpromaelectronics.com\/pl\/#organization","name":"Elproma Elektronika Sp. z o.o.","url":"https:\/\/www.elpromaelectronics.com\/pl\/","logo":{"@type":"ImageObject","inLanguage":"pl-PL","@id":"https:\/\/www.elpromaelectronics.com\/pl\/#\/schema\/logo\/image\/","url":"https:\/\/www.elpromaelectronics.com\/wp-content\/uploads\/2021\/09\/Elproma_logo.jpg","contentUrl":"https:\/\/www.elpromaelectronics.com\/wp-content\/uploads\/2021\/09\/Elproma_logo.jpg","width":1024,"height":229,"caption":"Elproma Elektronika Sp. z o.o."},"image":{"@id":"https:\/\/www.elpromaelectronics.com\/pl\/#\/schema\/logo\/image\/"},"sameAs":["https:\/\/www.linkedin.com\/company\/elproma-electronics\/"]}]}},"_links":{"self":[{"href":"https:\/\/www.elpromaelectronics.com\/pl\/wp-json\/wp\/v2\/pages\/5645","targetHints":{"allow":["GET"]}}],"collection":[{"href":"https:\/\/www.elpromaelectronics.com\/pl\/wp-json\/wp\/v2\/pages"}],"about":[{"href":"https:\/\/www.elpromaelectronics.com\/pl\/wp-json\/wp\/v2\/types\/page"}],"author":[{"embeddable":true,"href":"https:\/\/www.elpromaelectronics.com\/pl\/wp-json\/wp\/v2\/users\/4"}],"replies":[{"embeddable":true,"href":"https:\/\/www.elpromaelectronics.com\/pl\/wp-json\/wp\/v2\/comments?post=5645"}],"version-history":[{"count":14,"href":"https:\/\/www.elpromaelectronics.com\/pl\/wp-json\/wp\/v2\/pages\/5645\/revisions"}],"predecessor-version":[{"id":5817,"href":"https:\/\/www.elpromaelectronics.com\/pl\/wp-json\/wp\/v2\/pages\/5645\/revisions\/5817"}],"wp:attachment":[{"href":"https:\/\/www.elpromaelectronics.com\/pl\/wp-json\/wp\/v2\/media?parent=5645"}],"curies":[{"name":"wp","href":"https:\/\/api.w.org\/{rel}","templated":true}]}}