{"id":5915,"date":"2025-02-25T14:20:04","date_gmt":"2025-02-25T13:20:04","guid":{"rendered":"https:\/\/www.elpromaelectronics.com\/publikacje\/"},"modified":"2025-09-01T13:21:38","modified_gmt":"2025-09-01T11:21:38","slug":"publikacje","status":"publish","type":"page","link":"https:\/\/www.elpromaelectronics.com\/pl\/publikacje\/","title":{"rendered":"Publikacje"},"content":{"rendered":"\t\t<div data-elementor-type=\"wp-page\" data-elementor-id=\"5915\" class=\"elementor elementor-5915 elementor-5887\" data-elementor-post-type=\"page\">\n\t\t\t\t<div class=\"elementor-element elementor-element-7f8b2d0 e-flex e-con-boxed e-con e-parent\" data-id=\"7f8b2d0\" data-element_type=\"container\">\n\t\t\t\t\t<div class=\"e-con-inner\">\n\t\t\t\t<div class=\"elementor-element elementor-element-9a58b19 elementor-widget elementor-widget-heading\" data-id=\"9a58b19\" data-element_type=\"widget\" data-widget_type=\"heading.default\">\n\t\t\t\t<div class=\"elementor-widget-container\">\n\t\t\t\t\t<h2 class=\"elementor-heading-title elementor-size-default\"><br>Publikacje<br><\/h2>\t\t\t\t<\/div>\n\t\t\t\t<\/div>\n\t\t\t\t\t<\/div>\n\t\t\t\t<\/div>\n\t\t<div class=\"elementor-element elementor-element-6c9a75b e-grid e-con-boxed e-con e-parent\" data-id=\"6c9a75b\" data-element_type=\"container\">\n\t\t\t\t\t<div class=\"e-con-inner\">\n\t\t\t\t<div class=\"elementor-element elementor-element-af257c4 elementor-widget elementor-widget-image\" data-id=\"af257c4\" data-element_type=\"widget\" data-widget_type=\"image.default\">\n\t\t\t\t<div class=\"elementor-widget-container\">\n\t\t\t\t\t\t\t\t\t\t\t\t\t\t\t\t<a href=\"https:\/\/www.elpromaelectronics.com\/wp-content\/uploads\/2021\/09\/WAT_XV_TWidomski_2024-email-1.pdf\">\n\t\t\t\t\t\t\t<img fetchpriority=\"high\" decoding=\"async\" width=\"354\" height=\"500\" src=\"https:\/\/www.elpromaelectronics.com\/wp-content\/uploads\/2025\/09\/WAT_XV_TWidomski_2024_EN-email-OKLADKA_sm.png\" class=\"attachment-large size-large wp-image-6337\" alt=\"\" srcset=\"https:\/\/www.elpromaelectronics.com\/wp-content\/uploads\/2025\/09\/WAT_XV_TWidomski_2024_EN-email-OKLADKA_sm.png 354w, https:\/\/www.elpromaelectronics.com\/wp-content\/uploads\/2025\/09\/WAT_XV_TWidomski_2024_EN-email-OKLADKA_sm-212x300.png 212w\" sizes=\"(max-width: 354px) 100vw, 354px\" \/>\t\t\t\t\t\t\t\t<\/a>\n\t\t\t\t\t\t\t\t\t\t\t\t\t\t\t<\/div>\n\t\t\t\t<\/div>\n\t\t\t\t<div class=\"elementor-element elementor-element-fe0f63a elementor-widget elementor-widget-text-editor\" data-id=\"fe0f63a\" data-element_type=\"widget\" data-widget_type=\"text-editor.default\">\n\t\t\t\t<div class=\"elementor-widget-container\">\n\t\t\t\t\t\t\t\t\t<h5>\u00a0<\/h5><h5>\u00a0<\/h5><h5><span style=\"text-decoration: underline;\">1.<\/span><strong><a href=\"https:\/\/www.elpromaelectronics.com\/wp-content\/uploads\/2021\/09\/WAT_XV_TWidomski_2024-email-1.pdf\"><span style=\"text-decoration: underline;\">Cyberbezpiecze\u0144stwo vs sztuczna inteligencja, WAT, Rozdzia\u0142 XV<\/span><\/a><\/strong><\/h5>\t\t\t\t\t\t\t\t<\/div>\n\t\t\t\t<\/div>\n\t\t\t\t<div class=\"elementor-element elementor-element-864abf7 elementor-widget elementor-widget-image\" data-id=\"864abf7\" data-element_type=\"widget\" data-widget_type=\"image.default\">\n\t\t\t\t<div class=\"elementor-widget-container\">\n\t\t\t\t\t\t\t\t\t\t\t\t\t\t\t<img decoding=\"async\" width=\"353\" height=\"500\" src=\"https:\/\/www.elpromaelectronics.com\/wp-content\/uploads\/2025\/09\/WAT_XII_WPaluszynski_TWidomski_2023_EN-email_OKLADKA_sm.png\" class=\"attachment-large size-large wp-image-6342\" alt=\"\" srcset=\"https:\/\/www.elpromaelectronics.com\/wp-content\/uploads\/2025\/09\/WAT_XII_WPaluszynski_TWidomski_2023_EN-email_OKLADKA_sm.png 353w, https:\/\/www.elpromaelectronics.com\/wp-content\/uploads\/2025\/09\/WAT_XII_WPaluszynski_TWidomski_2023_EN-email_OKLADKA_sm-212x300.png 212w\" sizes=\"(max-width: 353px) 100vw, 353px\" \/>\t\t\t\t\t\t\t\t\t\t\t\t\t\t\t<\/div>\n\t\t\t\t<\/div>\n\t\t\t\t<div class=\"elementor-element elementor-element-b640b08 elementor-widget elementor-widget-text-editor\" data-id=\"b640b08\" data-element_type=\"widget\" data-widget_type=\"text-editor.default\">\n\t\t\t\t<div class=\"elementor-widget-container\">\n\t\t\t\t\t\t\t\t\t<h5>\u00a0<\/h5><h5>\u00a0<\/h5><h5>2.<span style=\"text-decoration: underline;\"><strong><a href=\"https:\/\/www.elpromaelectronics.com\/wp-content\/uploads\/2021\/09\/WAT_XII_WPaluszynski_2023-email-1.pdf\">Cyberbezpiecze\u0144stwo, Redefinicja zagro\u017ce\u0144, WAT, Rozdzia\u0142 XII<\/a><\/strong><\/span><\/h5>\t\t\t\t\t\t\t\t<\/div>\n\t\t\t\t<\/div>\n\t\t\t\t<div class=\"elementor-element elementor-element-d0e9a17 elementor-widget elementor-widget-image\" data-id=\"d0e9a17\" data-element_type=\"widget\" data-widget_type=\"image.default\">\n\t\t\t\t<div class=\"elementor-widget-container\">\n\t\t\t\t\t\t\t\t\t\t\t\t\t\t\t<img decoding=\"async\" width=\"362\" height=\"500\" src=\"https:\/\/www.elpromaelectronics.com\/wp-content\/uploads\/2025\/09\/Zagrozenia-i-przypadki-falszowania-czasu-w-NTP-POOL.-TWIDOMSKI-KBORGULSKI_OKLADKA_sm.png\" class=\"attachment-large size-large wp-image-6345\" alt=\"\" srcset=\"https:\/\/www.elpromaelectronics.com\/wp-content\/uploads\/2025\/09\/Zagrozenia-i-przypadki-falszowania-czasu-w-NTP-POOL.-TWIDOMSKI-KBORGULSKI_OKLADKA_sm.png 362w, https:\/\/www.elpromaelectronics.com\/wp-content\/uploads\/2025\/09\/Zagrozenia-i-przypadki-falszowania-czasu-w-NTP-POOL.-TWIDOMSKI-KBORGULSKI_OKLADKA_sm-217x300.png 217w\" sizes=\"(max-width: 362px) 100vw, 362px\" \/>\t\t\t\t\t\t\t\t\t\t\t\t\t\t\t<\/div>\n\t\t\t\t<\/div>\n\t\t\t\t<div class=\"elementor-element elementor-element-ecc2491 elementor-widget elementor-widget-text-editor\" data-id=\"ecc2491\" data-element_type=\"widget\" data-widget_type=\"text-editor.default\">\n\t\t\t\t<div class=\"elementor-widget-container\">\n\t\t\t\t\t\t\t\t\t<h5>\u00a0<\/h5><h5>\u00a0<\/h5><h5>3.<strong><u><a href=\"https:\/\/www.elpromaelectronics.com\/wp-content\/uploads\/2021\/09\/Zagrozenia-i-przypadki-falszowania-czasu-w-NTP-POOL.-TWIDOMSKI-KBORGULSKI.pdf\">Zagro\u017cenia i przypadki fa\u0142szowania czasu w NTP POOL. TWIDOMSKI KBORGULSKI<\/a><\/u><\/strong><\/h5>\t\t\t\t\t\t\t\t<\/div>\n\t\t\t\t<\/div>\n\t\t\t\t<div class=\"elementor-element elementor-element-05b3ca0 elementor-widget elementor-widget-image\" data-id=\"05b3ca0\" data-element_type=\"widget\" data-widget_type=\"image.default\">\n\t\t\t\t<div class=\"elementor-widget-container\">\n\t\t\t\t\t\t\t\t\t\t\t\t\t\t\t<img loading=\"lazy\" decoding=\"async\" width=\"360\" height=\"500\" src=\"https:\/\/www.elpromaelectronics.com\/wp-content\/uploads\/2025\/09\/Cyberbezpieczenstwo-Wspolpraca_vs_konfrontacja_informacyjna_OKLADKA_sm.png\" class=\"attachment-large size-large wp-image-6366\" alt=\"\" srcset=\"https:\/\/www.elpromaelectronics.com\/wp-content\/uploads\/2025\/09\/Cyberbezpieczenstwo-Wspolpraca_vs_konfrontacja_informacyjna_OKLADKA_sm.png 360w, https:\/\/www.elpromaelectronics.com\/wp-content\/uploads\/2025\/09\/Cyberbezpieczenstwo-Wspolpraca_vs_konfrontacja_informacyjna_OKLADKA_sm-216x300.png 216w\" sizes=\"(max-width: 360px) 100vw, 360px\" \/>\t\t\t\t\t\t\t\t\t\t\t\t\t\t\t<\/div>\n\t\t\t\t<\/div>\n\t\t\t\t<div class=\"elementor-element elementor-element-650d203 elementor-widget elementor-widget-text-editor\" data-id=\"650d203\" data-element_type=\"widget\" data-widget_type=\"text-editor.default\">\n\t\t\t\t<div class=\"elementor-widget-container\">\n\t\t\t\t\t\t\t\t\t<h5>\u00a0<\/h5><h5>\u00a0<\/h5><h5><a href=\"https:\/\/www.elpromaelectronics.com\/wp-content\/uploads\/2021\/09\/WAT_XVIII_TWidomski_2025-print-1.pdf\"><span style=\"text-decoration: underline;\">4. Cyberbezpiecze\u0144stwo: Wsp\u00f3\u0142praca vs konfrontacja informacyjna &#8211; Rozdzia\u0142 XVIII<\/span><\/a><\/h5><h5><a href=\"https:\/\/www.elpromaelectronics.com\/wp-content\/uploads\/2021\/09\/WAT_XIX_TWidomski_KBorgulski_2025-print.pdf\"><span style=\"text-decoration: underline;\"><strong>5. Cyberbezpiecze\u0144stwo: Wsp\u00f3\u0142praca vs konfrontacja informacyjna &#8211; Rozdzia\u0142 XIX<\/strong><\/span><\/a><\/h5>\t\t\t\t\t\t\t\t<\/div>\n\t\t\t\t<\/div>\n\t\t\t\t\t<\/div>\n\t\t\t\t<\/div>\n\t\t\t\t<\/div>\n\t\t","protected":false},"excerpt":{"rendered":"<p>Publikacje \u00a0 \u00a0 1.Cyberbezpiecze\u0144stwo vs sztuczna inteligencja, WAT, Rozdzia\u0142 XV \u00a0 \u00a0 2.Cyberbezpiecze\u0144stwo, Redefinicja zagro\u017ce\u0144, WAT, Rozdzia\u0142 XII \u00a0 \u00a0 3.Zagro\u017cenia i przypadki fa\u0142szowania czasu w NTP POOL. TWIDOMSKI KBORGULSKI \u00a0 \u00a0 4. Cyberbezpiecze\u0144stwo: Wsp\u00f3\u0142praca vs konfrontacja informacyjna &#8211; Rozdzia\u0142 XVIII 5. Cyberbezpiecze\u0144stwo: Wsp\u00f3\u0142praca vs konfrontacja informacyjna &#8211; Rozdzia\u0142 XIX<\/p>\n","protected":false},"author":4,"featured_media":0,"parent":0,"menu_order":0,"comment_status":"closed","ping_status":"closed","template":"elementor_header_footer","meta":{"_acf_changed":false,"_themeisle_gutenberg_block_has_review":false,"footnotes":""},"class_list":["post-5915","page","type-page","status-publish","hentry"],"acf":[],"yoast_head":"<!-- This site is optimized with the Yoast SEO Premium plugin v23.0 (Yoast SEO v24.5) - https:\/\/yoast.com\/wordpress\/plugins\/seo\/ -->\n<title>Publikacje - Elproma<\/title>\n<meta name=\"robots\" content=\"index, follow, max-snippet:-1, max-image-preview:large, max-video-preview:-1\" \/>\n<link rel=\"canonical\" href=\"https:\/\/www.elpromaelectronics.com\/pl\/publikacje\/\" \/>\n<meta property=\"og:locale\" content=\"pl_PL\" \/>\n<meta property=\"og:type\" content=\"article\" \/>\n<meta property=\"og:title\" content=\"Publikacje\" \/>\n<meta property=\"og:description\" content=\"Publikacje \u00a0 \u00a0 1.Cyberbezpiecze\u0144stwo vs sztuczna inteligencja, WAT, Rozdzia\u0142 XV \u00a0 \u00a0 2.Cyberbezpiecze\u0144stwo, Redefinicja zagro\u017ce\u0144, WAT, Rozdzia\u0142 XII \u00a0 \u00a0 3.Zagro\u017cenia i przypadki fa\u0142szowania czasu w NTP POOL. TWIDOMSKI KBORGULSKI \u00a0 \u00a0 4. Cyberbezpiecze\u0144stwo: Wsp\u00f3\u0142praca vs konfrontacja informacyjna &#8211; Rozdzia\u0142 XVIII 5. Cyberbezpiecze\u0144stwo: Wsp\u00f3\u0142praca vs konfrontacja informacyjna &#8211; Rozdzia\u0142 XIX\" \/>\n<meta property=\"og:url\" content=\"https:\/\/www.elpromaelectronics.com\/pl\/publikacje\/\" \/>\n<meta property=\"og:site_name\" content=\"Elproma\" \/>\n<meta property=\"article:modified_time\" content=\"2025-09-01T11:21:38+00:00\" \/>\n<meta property=\"og:image\" content=\"https:\/\/www.elpromaelectronics.com\/wp-content\/uploads\/2025\/09\/WAT_XV_TWidomski_2024_EN-email-OKLADKA_sm.png\" \/>\n\t<meta property=\"og:image:width\" content=\"354\" \/>\n\t<meta property=\"og:image:height\" content=\"500\" \/>\n\t<meta property=\"og:image:type\" content=\"image\/png\" \/>\n<meta name=\"twitter:card\" content=\"summary_large_image\" \/>\n<meta name=\"twitter:label1\" content=\"Szacowany czas czytania\" \/>\n\t<meta name=\"twitter:data1\" content=\"1 minuta\" \/>\n<script type=\"application\/ld+json\" class=\"yoast-schema-graph\">{\"@context\":\"https:\/\/schema.org\",\"@graph\":[{\"@type\":\"WebPage\",\"@id\":\"https:\/\/www.elpromaelectronics.com\/pl\/publikacje\/\",\"url\":\"https:\/\/www.elpromaelectronics.com\/pl\/publikacje\/\",\"name\":\"Publikacje - Elproma\",\"isPartOf\":{\"@id\":\"https:\/\/www.elpromaelectronics.com\/pl\/#website\"},\"primaryImageOfPage\":{\"@id\":\"https:\/\/www.elpromaelectronics.com\/pl\/publikacje\/#primaryimage\"},\"image\":{\"@id\":\"https:\/\/www.elpromaelectronics.com\/pl\/publikacje\/#primaryimage\"},\"thumbnailUrl\":\"https:\/\/www.elpromaelectronics.com\/wp-content\/uploads\/2025\/09\/WAT_XV_TWidomski_2024_EN-email-OKLADKA_sm.png\",\"datePublished\":\"2025-02-25T13:20:04+00:00\",\"dateModified\":\"2025-09-01T11:21:38+00:00\",\"breadcrumb\":{\"@id\":\"https:\/\/www.elpromaelectronics.com\/pl\/publikacje\/#breadcrumb\"},\"inLanguage\":\"pl-PL\",\"potentialAction\":[{\"@type\":\"ReadAction\",\"target\":[\"https:\/\/www.elpromaelectronics.com\/pl\/publikacje\/\"]}]},{\"@type\":\"ImageObject\",\"inLanguage\":\"pl-PL\",\"@id\":\"https:\/\/www.elpromaelectronics.com\/pl\/publikacje\/#primaryimage\",\"url\":\"https:\/\/www.elpromaelectronics.com\/wp-content\/uploads\/2025\/09\/WAT_XV_TWidomski_2024_EN-email-OKLADKA_sm.png\",\"contentUrl\":\"https:\/\/www.elpromaelectronics.com\/wp-content\/uploads\/2025\/09\/WAT_XV_TWidomski_2024_EN-email-OKLADKA_sm.png\"},{\"@type\":\"BreadcrumbList\",\"@id\":\"https:\/\/www.elpromaelectronics.com\/pl\/publikacje\/#breadcrumb\",\"itemListElement\":[{\"@type\":\"ListItem\",\"position\":1,\"name\":\"Home\",\"item\":\"https:\/\/www.elpromaelectronics.com\/pl\/\"},{\"@type\":\"ListItem\",\"position\":2,\"name\":\"Publikacje\"}]},{\"@type\":\"WebSite\",\"@id\":\"https:\/\/www.elpromaelectronics.com\/pl\/#website\",\"url\":\"https:\/\/www.elpromaelectronics.com\/pl\/\",\"name\":\"Elproma\",\"description\":\"\",\"publisher\":{\"@id\":\"https:\/\/www.elpromaelectronics.com\/pl\/#organization\"},\"potentialAction\":[{\"@type\":\"SearchAction\",\"target\":{\"@type\":\"EntryPoint\",\"urlTemplate\":\"https:\/\/www.elpromaelectronics.com\/pl\/?s={search_term_string}\"},\"query-input\":{\"@type\":\"PropertyValueSpecification\",\"valueRequired\":true,\"valueName\":\"search_term_string\"}}],\"inLanguage\":\"pl-PL\"},{\"@type\":\"Organization\",\"@id\":\"https:\/\/www.elpromaelectronics.com\/pl\/#organization\",\"name\":\"Elproma Elektronika Sp. z o.o.\",\"url\":\"https:\/\/www.elpromaelectronics.com\/pl\/\",\"logo\":{\"@type\":\"ImageObject\",\"inLanguage\":\"pl-PL\",\"@id\":\"https:\/\/www.elpromaelectronics.com\/pl\/#\/schema\/logo\/image\/\",\"url\":\"https:\/\/www.elpromaelectronics.com\/wp-content\/uploads\/2021\/09\/Elproma_logo.jpg\",\"contentUrl\":\"https:\/\/www.elpromaelectronics.com\/wp-content\/uploads\/2021\/09\/Elproma_logo.jpg\",\"width\":1024,\"height\":229,\"caption\":\"Elproma Elektronika Sp. z o.o.\"},\"image\":{\"@id\":\"https:\/\/www.elpromaelectronics.com\/pl\/#\/schema\/logo\/image\/\"},\"sameAs\":[\"https:\/\/www.linkedin.com\/company\/elproma-electronics\/\"]}]}<\/script>\n<!-- \/ Yoast SEO Premium plugin. -->","yoast_head_json":{"title":"Publikacje - Elproma","robots":{"index":"index","follow":"follow","max-snippet":"max-snippet:-1","max-image-preview":"max-image-preview:large","max-video-preview":"max-video-preview:-1"},"canonical":"https:\/\/www.elpromaelectronics.com\/pl\/publikacje\/","og_locale":"pl_PL","og_type":"article","og_title":"Publikacje","og_description":"Publikacje \u00a0 \u00a0 1.Cyberbezpiecze\u0144stwo vs sztuczna inteligencja, WAT, Rozdzia\u0142 XV \u00a0 \u00a0 2.Cyberbezpiecze\u0144stwo, Redefinicja zagro\u017ce\u0144, WAT, Rozdzia\u0142 XII \u00a0 \u00a0 3.Zagro\u017cenia i przypadki fa\u0142szowania czasu w NTP POOL. TWIDOMSKI KBORGULSKI \u00a0 \u00a0 4. Cyberbezpiecze\u0144stwo: Wsp\u00f3\u0142praca vs konfrontacja informacyjna &#8211; Rozdzia\u0142 XVIII 5. Cyberbezpiecze\u0144stwo: Wsp\u00f3\u0142praca vs konfrontacja informacyjna &#8211; Rozdzia\u0142 XIX","og_url":"https:\/\/www.elpromaelectronics.com\/pl\/publikacje\/","og_site_name":"Elproma","article_modified_time":"2025-09-01T11:21:38+00:00","og_image":[{"width":354,"height":500,"url":"https:\/\/www.elpromaelectronics.com\/wp-content\/uploads\/2025\/09\/WAT_XV_TWidomski_2024_EN-email-OKLADKA_sm.png","type":"image\/png"}],"twitter_card":"summary_large_image","twitter_misc":{"Szacowany czas czytania":"1 minuta"},"schema":{"@context":"https:\/\/schema.org","@graph":[{"@type":"WebPage","@id":"https:\/\/www.elpromaelectronics.com\/pl\/publikacje\/","url":"https:\/\/www.elpromaelectronics.com\/pl\/publikacje\/","name":"Publikacje - Elproma","isPartOf":{"@id":"https:\/\/www.elpromaelectronics.com\/pl\/#website"},"primaryImageOfPage":{"@id":"https:\/\/www.elpromaelectronics.com\/pl\/publikacje\/#primaryimage"},"image":{"@id":"https:\/\/www.elpromaelectronics.com\/pl\/publikacje\/#primaryimage"},"thumbnailUrl":"https:\/\/www.elpromaelectronics.com\/wp-content\/uploads\/2025\/09\/WAT_XV_TWidomski_2024_EN-email-OKLADKA_sm.png","datePublished":"2025-02-25T13:20:04+00:00","dateModified":"2025-09-01T11:21:38+00:00","breadcrumb":{"@id":"https:\/\/www.elpromaelectronics.com\/pl\/publikacje\/#breadcrumb"},"inLanguage":"pl-PL","potentialAction":[{"@type":"ReadAction","target":["https:\/\/www.elpromaelectronics.com\/pl\/publikacje\/"]}]},{"@type":"ImageObject","inLanguage":"pl-PL","@id":"https:\/\/www.elpromaelectronics.com\/pl\/publikacje\/#primaryimage","url":"https:\/\/www.elpromaelectronics.com\/wp-content\/uploads\/2025\/09\/WAT_XV_TWidomski_2024_EN-email-OKLADKA_sm.png","contentUrl":"https:\/\/www.elpromaelectronics.com\/wp-content\/uploads\/2025\/09\/WAT_XV_TWidomski_2024_EN-email-OKLADKA_sm.png"},{"@type":"BreadcrumbList","@id":"https:\/\/www.elpromaelectronics.com\/pl\/publikacje\/#breadcrumb","itemListElement":[{"@type":"ListItem","position":1,"name":"Home","item":"https:\/\/www.elpromaelectronics.com\/pl\/"},{"@type":"ListItem","position":2,"name":"Publikacje"}]},{"@type":"WebSite","@id":"https:\/\/www.elpromaelectronics.com\/pl\/#website","url":"https:\/\/www.elpromaelectronics.com\/pl\/","name":"Elproma","description":"","publisher":{"@id":"https:\/\/www.elpromaelectronics.com\/pl\/#organization"},"potentialAction":[{"@type":"SearchAction","target":{"@type":"EntryPoint","urlTemplate":"https:\/\/www.elpromaelectronics.com\/pl\/?s={search_term_string}"},"query-input":{"@type":"PropertyValueSpecification","valueRequired":true,"valueName":"search_term_string"}}],"inLanguage":"pl-PL"},{"@type":"Organization","@id":"https:\/\/www.elpromaelectronics.com\/pl\/#organization","name":"Elproma Elektronika Sp. z o.o.","url":"https:\/\/www.elpromaelectronics.com\/pl\/","logo":{"@type":"ImageObject","inLanguage":"pl-PL","@id":"https:\/\/www.elpromaelectronics.com\/pl\/#\/schema\/logo\/image\/","url":"https:\/\/www.elpromaelectronics.com\/wp-content\/uploads\/2021\/09\/Elproma_logo.jpg","contentUrl":"https:\/\/www.elpromaelectronics.com\/wp-content\/uploads\/2021\/09\/Elproma_logo.jpg","width":1024,"height":229,"caption":"Elproma Elektronika Sp. z o.o."},"image":{"@id":"https:\/\/www.elpromaelectronics.com\/pl\/#\/schema\/logo\/image\/"},"sameAs":["https:\/\/www.linkedin.com\/company\/elproma-electronics\/"]}]}},"_links":{"self":[{"href":"https:\/\/www.elpromaelectronics.com\/pl\/wp-json\/wp\/v2\/pages\/5915","targetHints":{"allow":["GET"]}}],"collection":[{"href":"https:\/\/www.elpromaelectronics.com\/pl\/wp-json\/wp\/v2\/pages"}],"about":[{"href":"https:\/\/www.elpromaelectronics.com\/pl\/wp-json\/wp\/v2\/types\/page"}],"author":[{"embeddable":true,"href":"https:\/\/www.elpromaelectronics.com\/pl\/wp-json\/wp\/v2\/users\/4"}],"replies":[{"embeddable":true,"href":"https:\/\/www.elpromaelectronics.com\/pl\/wp-json\/wp\/v2\/comments?post=5915"}],"version-history":[{"count":55,"href":"https:\/\/www.elpromaelectronics.com\/pl\/wp-json\/wp\/v2\/pages\/5915\/revisions"}],"predecessor-version":[{"id":6396,"href":"https:\/\/www.elpromaelectronics.com\/pl\/wp-json\/wp\/v2\/pages\/5915\/revisions\/6396"}],"wp:attachment":[{"href":"https:\/\/www.elpromaelectronics.com\/pl\/wp-json\/wp\/v2\/media?parent=5915"}],"curies":[{"name":"wp","href":"https:\/\/api.w.org\/{rel}","templated":true}]}}