{"id":4165,"date":"2023-07-19T09:39:06","date_gmt":"2023-07-19T07:39:06","guid":{"rendered":"https:\/\/www.elpromaelectronics.com\/product\/poziom-1-inteligentna-antena\/"},"modified":"2023-07-19T09:39:06","modified_gmt":"2023-07-19T07:39:06","slug":"poziom-1-inteligentna-antena","status":"publish","type":"product","link":"https:\/\/www.elpromaelectronics.com\/pl\/produkt\/poziom-1-inteligentna-antena\/","title":{"rendered":"POZIOM-1  <br>  INTELIGENTNA ANTENA"},"content":{"rendered":"<p>Pojedyncza inteligentna antena NTS jest standardowo do\u0142\u0105czona do serwera czasu NTS.<br \/>\n<strong style=\"font-size: inherit;\">Nadmiarowa druga antena jest opcjonalna. Poprawia to bezpiecze\u0144stwo i niezawodno\u015b\u0107 synchronizacji.<\/strong><\/p>\n<p style=\"text-align: left;\">W por\u00f3wnaniu do innych produkt\u00f3w, <strong>inteligentna antena NTS ma wbudowane modu\u0142owe odbiorniki GNSS<\/strong>. Wymienny odbiornik GNSS mo\u017ce by\u0107 obs\u0142ugiwany przez r\u00f3\u017cne uk\u0142ady CHIPS r\u00f3\u017cnych producent\u00f3w.<\/p>\n<p style=\"text-align: left;\">Wymienne modu\u0142y odbiornik\u00f3w GNSS zapewniaj\u0105 najnowocze\u015bniejsz\u0105 technologi\u0119 na pok\u0142adzie. Przeniesienie odbiornika GNSS poza serwer czasu sprawia, \u017ce rozwi\u0105zanie antenowe NTS jest elastyczne i niezale\u017cne od architektury GrandMaster. Za ka\u017cdym razem, gdy wymagana jest aktualizacja, p\u0142ytka odbiornika GNSS mo\u017ce zosta\u0107 wymieniona.<\/p>\n<p><strong>Wymienne odbiorniki GNSS s\u0105 by\u0107 mo\u017ce najskuteczniejszym rozwi\u0105zaniem, gdy geopolityka stanowi ryzyko dla utrzymania stabilno\u015bci synchronizacji.<\/strong>  Antena NTS automatycznie wyczuwa i dostosowuje si\u0119 do si\u0142y sygna\u0142u GNSS, dzia\u0142aj\u0105c r\u00f3wnowa\u017cnie ze wzmocnieniem 26-40dB std. anteny. Dzi\u0119ki temu inteligentna antena NTS mo\u017ce przetrwa\u0107 w najtrudniejszych warunkach pogodowych.  <strong>Tam, gdzie produkt konkurencji przestaje dzia\u0142a\u0107, inteligentna antena NTS ELPROMA dzia\u0142a ca\u0142kowicie normalnie.<\/strong><\/p>\n<p style=\"text-align: left;\"><strong>Niekt\u00f3re odbiorniki GNSS oferuj\u0105 dodatkow\u0105 funkcj\u0119 anty-zag\u0142uszania\/spoofingu dla GPS L1.<\/strong>  Dost\u0119pny jest r\u00f3wnie\u017c specjalny miejski odbiornik GNSS z systemem ograniczania wielu \u015bcie\u017cek. Jest to nowy chip FURUNO, kt\u00f3ry zapobiega u\u017cywaniu fa\u0142szywych (odbitych) sygna\u0142\u00f3w satelitarnych wewn\u0105trz miasta.<\/p>\n<p style=\"text-align: left;\"><strong>Wreszcie, wymienne odbiorniki GNSS s\u0105 najlepszym rozwi\u0105zaniem szybko rozwi\u0105zuj\u0105cym nieoczekiwane problemy, takie jak przewr\u00f3cenie numeru tygodnia GPS lub sekundy przest\u0119pnej UTC i wiele innych.<\/strong><\/p>\n","protected":false},"excerpt":{"rendered":"<p>Pojedyncza inteligentna antena NTS jest standardowo do\u0142\u0105czona do serwera czasu NTS. Nadmiarowa druga antena jest opcjonalna. Poprawia to bezpiecze\u0144stwo i niezawodno\u015b\u0107 synchronizacji. W por\u00f3wnaniu do innych produkt\u00f3w, inteligentna antena NTS ma wbudowane modu\u0142owe odbiorniki GNSS. Wymienny odbiornik GNSS mo\u017ce by\u0107 obs\u0142ugiwany przez r\u00f3\u017cne uk\u0142ady CHIPS r\u00f3\u017cnych producent\u00f3w. Wymienne modu\u0142y odbiornik\u00f3w GNSS zapewniaj\u0105 najnowocze\u015bniejsz\u0105 technologi\u0119 na pok\u0142adzie. Przeniesienie odbiornika GNSS poza\u2026<\/p>\n","protected":false},"featured_media":3626,"template":"","meta":{"_acf_changed":false,"_themeisle_gutenberg_block_has_review":false},"component":[],"product_brand":[],"product_cat":[231],"product_tag":[232,236],"class_list":{"0":"post-4165","1":"product","2":"type-product","3":"status-publish","4":"has-post-thumbnail","6":"product_cat-elproma-time-pl","7":"product_tag-cyberbezpieczenstwo","8":"product_tag-odbiornik-gnss","10":"first","11":"instock","12":"downloadable","13":"shipping-taxable","14":"product-type-simple"},"acf":[],"yoast_head":"<!-- This site is optimized with the Yoast SEO Premium plugin v23.0 (Yoast SEO v24.5) - https:\/\/yoast.com\/wordpress\/plugins\/seo\/ -->\n<title>POZIOM-1  INTELIGENTNA ANTENA - Elproma<\/title>\n<meta name=\"robots\" content=\"index, follow, max-snippet:-1, max-image-preview:large, max-video-preview:-1\" \/>\n<link rel=\"canonical\" href=\"https:\/\/www.elpromaelectronics.com\/pl\/produkt\/poziom-1-inteligentna-antena\/\" \/>\n<meta property=\"og:locale\" content=\"pl_PL\" \/>\n<meta property=\"og:type\" content=\"article\" \/>\n<meta property=\"og:title\" content=\"POZIOM-1  INTELIGENTNA ANTENA\" \/>\n<meta property=\"og:description\" content=\"Pojedyncza inteligentna antena NTS jest standardowo do\u0142\u0105czona do serwera czasu NTS. Nadmiarowa druga antena jest opcjonalna. Poprawia to bezpiecze\u0144stwo i niezawodno\u015b\u0107 synchronizacji. W por\u00f3wnaniu do innych produkt\u00f3w, inteligentna antena NTS ma wbudowane modu\u0142owe odbiorniki GNSS. Wymienny odbiornik GNSS mo\u017ce by\u0107 obs\u0142ugiwany przez r\u00f3\u017cne uk\u0142ady CHIPS r\u00f3\u017cnych producent\u00f3w. Wymienne modu\u0142y odbiornik\u00f3w GNSS zapewniaj\u0105 najnowocze\u015bniejsz\u0105 technologi\u0119 na pok\u0142adzie. Przeniesienie odbiornika GNSS poza\u2026\" \/>\n<meta property=\"og:url\" content=\"https:\/\/www.elpromaelectronics.com\/pl\/produkt\/poziom-1-inteligentna-antena\/\" \/>\n<meta property=\"og:site_name\" content=\"Elproma\" \/>\n<meta property=\"og:image\" content=\"https:\/\/www.elpromaelectronics.com\/wp-content\/uploads\/2023\/07\/level-1-smart-antenna-1.jpg\" \/>\n\t<meta property=\"og:image:width\" content=\"800\" \/>\n\t<meta property=\"og:image:height\" content=\"500\" \/>\n\t<meta property=\"og:image:type\" content=\"image\/jpeg\" \/>\n<meta name=\"twitter:card\" content=\"summary_large_image\" \/>\n<meta name=\"twitter:label1\" content=\"Szacowany czas czytania\" \/>\n\t<meta name=\"twitter:data1\" content=\"1 minuta\" \/>\n<script type=\"application\/ld+json\" class=\"yoast-schema-graph\">{\"@context\":\"https:\/\/schema.org\",\"@graph\":[{\"@type\":\"WebPage\",\"@id\":\"https:\/\/www.elpromaelectronics.com\/pl\/produkt\/poziom-1-inteligentna-antena\/\",\"url\":\"https:\/\/www.elpromaelectronics.com\/pl\/produkt\/poziom-1-inteligentna-antena\/\",\"name\":\"POZIOM-1 INTELIGENTNA ANTENA - Elproma\",\"isPartOf\":{\"@id\":\"https:\/\/www.elpromaelectronics.com\/pl\/#website\"},\"primaryImageOfPage\":{\"@id\":\"https:\/\/www.elpromaelectronics.com\/pl\/produkt\/poziom-1-inteligentna-antena\/#primaryimage\"},\"image\":{\"@id\":\"https:\/\/www.elpromaelectronics.com\/pl\/produkt\/poziom-1-inteligentna-antena\/#primaryimage\"},\"thumbnailUrl\":\"https:\/\/www.elpromaelectronics.com\/wp-content\/uploads\/2023\/07\/level-1-smart-antenna-1.jpg\",\"datePublished\":\"2023-07-19T07:39:06+00:00\",\"breadcrumb\":{\"@id\":\"https:\/\/www.elpromaelectronics.com\/pl\/produkt\/poziom-1-inteligentna-antena\/#breadcrumb\"},\"inLanguage\":\"pl-PL\",\"potentialAction\":[{\"@type\":\"ReadAction\",\"target\":[\"https:\/\/www.elpromaelectronics.com\/pl\/produkt\/poziom-1-inteligentna-antena\/\"]}]},{\"@type\":\"ImageObject\",\"inLanguage\":\"pl-PL\",\"@id\":\"https:\/\/www.elpromaelectronics.com\/pl\/produkt\/poziom-1-inteligentna-antena\/#primaryimage\",\"url\":\"https:\/\/www.elpromaelectronics.com\/wp-content\/uploads\/2023\/07\/level-1-smart-antenna-1.jpg\",\"contentUrl\":\"https:\/\/www.elpromaelectronics.com\/wp-content\/uploads\/2023\/07\/level-1-smart-antenna-1.jpg\",\"width\":800,\"height\":500},{\"@type\":\"BreadcrumbList\",\"@id\":\"https:\/\/www.elpromaelectronics.com\/pl\/produkt\/poziom-1-inteligentna-antena\/#breadcrumb\",\"itemListElement\":[{\"@type\":\"ListItem\",\"position\":1,\"name\":\"Home\",\"item\":\"https:\/\/www.elpromaelectronics.com\/pl\/\"},{\"@type\":\"ListItem\",\"position\":2,\"name\":\"Sklep\",\"item\":\"https:\/\/www.elpromaelectronics.com\/pl\/sklep\/\"},{\"@type\":\"ListItem\",\"position\":3,\"name\":\"POZIOM-1 INTELIGENTNA ANTENA\"}]},{\"@type\":\"WebSite\",\"@id\":\"https:\/\/www.elpromaelectronics.com\/pl\/#website\",\"url\":\"https:\/\/www.elpromaelectronics.com\/pl\/\",\"name\":\"Elproma\",\"description\":\"\",\"publisher\":{\"@id\":\"https:\/\/www.elpromaelectronics.com\/pl\/#organization\"},\"potentialAction\":[{\"@type\":\"SearchAction\",\"target\":{\"@type\":\"EntryPoint\",\"urlTemplate\":\"https:\/\/www.elpromaelectronics.com\/pl\/?s={search_term_string}\"},\"query-input\":{\"@type\":\"PropertyValueSpecification\",\"valueRequired\":true,\"valueName\":\"search_term_string\"}}],\"inLanguage\":\"pl-PL\"},{\"@type\":\"Organization\",\"@id\":\"https:\/\/www.elpromaelectronics.com\/pl\/#organization\",\"name\":\"Elproma Elektronika Sp. z o.o.\",\"url\":\"https:\/\/www.elpromaelectronics.com\/pl\/\",\"logo\":{\"@type\":\"ImageObject\",\"inLanguage\":\"pl-PL\",\"@id\":\"https:\/\/www.elpromaelectronics.com\/pl\/#\/schema\/logo\/image\/\",\"url\":\"https:\/\/www.elpromaelectronics.com\/wp-content\/uploads\/2021\/09\/Elproma_logo.jpg\",\"contentUrl\":\"https:\/\/www.elpromaelectronics.com\/wp-content\/uploads\/2021\/09\/Elproma_logo.jpg\",\"width\":1024,\"height\":229,\"caption\":\"Elproma Elektronika Sp. z o.o.\"},\"image\":{\"@id\":\"https:\/\/www.elpromaelectronics.com\/pl\/#\/schema\/logo\/image\/\"},\"sameAs\":[\"https:\/\/www.linkedin.com\/company\/elproma-electronics\/\"]}]}<\/script>\n<!-- \/ Yoast SEO Premium plugin. -->","yoast_head_json":{"title":"POZIOM-1  INTELIGENTNA ANTENA - Elproma","robots":{"index":"index","follow":"follow","max-snippet":"max-snippet:-1","max-image-preview":"max-image-preview:large","max-video-preview":"max-video-preview:-1"},"canonical":"https:\/\/www.elpromaelectronics.com\/pl\/produkt\/poziom-1-inteligentna-antena\/","og_locale":"pl_PL","og_type":"article","og_title":"POZIOM-1  INTELIGENTNA ANTENA","og_description":"Pojedyncza inteligentna antena NTS jest standardowo do\u0142\u0105czona do serwera czasu NTS. Nadmiarowa druga antena jest opcjonalna. Poprawia to bezpiecze\u0144stwo i niezawodno\u015b\u0107 synchronizacji. W por\u00f3wnaniu do innych produkt\u00f3w, inteligentna antena NTS ma wbudowane modu\u0142owe odbiorniki GNSS. Wymienny odbiornik GNSS mo\u017ce by\u0107 obs\u0142ugiwany przez r\u00f3\u017cne uk\u0142ady CHIPS r\u00f3\u017cnych producent\u00f3w. Wymienne modu\u0142y odbiornik\u00f3w GNSS zapewniaj\u0105 najnowocze\u015bniejsz\u0105 technologi\u0119 na pok\u0142adzie. Przeniesienie odbiornika GNSS poza\u2026","og_url":"https:\/\/www.elpromaelectronics.com\/pl\/produkt\/poziom-1-inteligentna-antena\/","og_site_name":"Elproma","og_image":[{"width":800,"height":500,"url":"https:\/\/www.elpromaelectronics.com\/wp-content\/uploads\/2023\/07\/level-1-smart-antenna-1.jpg","type":"image\/jpeg"}],"twitter_card":"summary_large_image","twitter_misc":{"Szacowany czas czytania":"1 minuta"},"schema":{"@context":"https:\/\/schema.org","@graph":[{"@type":"WebPage","@id":"https:\/\/www.elpromaelectronics.com\/pl\/produkt\/poziom-1-inteligentna-antena\/","url":"https:\/\/www.elpromaelectronics.com\/pl\/produkt\/poziom-1-inteligentna-antena\/","name":"POZIOM-1 INTELIGENTNA ANTENA - Elproma","isPartOf":{"@id":"https:\/\/www.elpromaelectronics.com\/pl\/#website"},"primaryImageOfPage":{"@id":"https:\/\/www.elpromaelectronics.com\/pl\/produkt\/poziom-1-inteligentna-antena\/#primaryimage"},"image":{"@id":"https:\/\/www.elpromaelectronics.com\/pl\/produkt\/poziom-1-inteligentna-antena\/#primaryimage"},"thumbnailUrl":"https:\/\/www.elpromaelectronics.com\/wp-content\/uploads\/2023\/07\/level-1-smart-antenna-1.jpg","datePublished":"2023-07-19T07:39:06+00:00","breadcrumb":{"@id":"https:\/\/www.elpromaelectronics.com\/pl\/produkt\/poziom-1-inteligentna-antena\/#breadcrumb"},"inLanguage":"pl-PL","potentialAction":[{"@type":"ReadAction","target":["https:\/\/www.elpromaelectronics.com\/pl\/produkt\/poziom-1-inteligentna-antena\/"]}]},{"@type":"ImageObject","inLanguage":"pl-PL","@id":"https:\/\/www.elpromaelectronics.com\/pl\/produkt\/poziom-1-inteligentna-antena\/#primaryimage","url":"https:\/\/www.elpromaelectronics.com\/wp-content\/uploads\/2023\/07\/level-1-smart-antenna-1.jpg","contentUrl":"https:\/\/www.elpromaelectronics.com\/wp-content\/uploads\/2023\/07\/level-1-smart-antenna-1.jpg","width":800,"height":500},{"@type":"BreadcrumbList","@id":"https:\/\/www.elpromaelectronics.com\/pl\/produkt\/poziom-1-inteligentna-antena\/#breadcrumb","itemListElement":[{"@type":"ListItem","position":1,"name":"Home","item":"https:\/\/www.elpromaelectronics.com\/pl\/"},{"@type":"ListItem","position":2,"name":"Sklep","item":"https:\/\/www.elpromaelectronics.com\/pl\/sklep\/"},{"@type":"ListItem","position":3,"name":"POZIOM-1 INTELIGENTNA ANTENA"}]},{"@type":"WebSite","@id":"https:\/\/www.elpromaelectronics.com\/pl\/#website","url":"https:\/\/www.elpromaelectronics.com\/pl\/","name":"Elproma","description":"","publisher":{"@id":"https:\/\/www.elpromaelectronics.com\/pl\/#organization"},"potentialAction":[{"@type":"SearchAction","target":{"@type":"EntryPoint","urlTemplate":"https:\/\/www.elpromaelectronics.com\/pl\/?s={search_term_string}"},"query-input":{"@type":"PropertyValueSpecification","valueRequired":true,"valueName":"search_term_string"}}],"inLanguage":"pl-PL"},{"@type":"Organization","@id":"https:\/\/www.elpromaelectronics.com\/pl\/#organization","name":"Elproma Elektronika Sp. z o.o.","url":"https:\/\/www.elpromaelectronics.com\/pl\/","logo":{"@type":"ImageObject","inLanguage":"pl-PL","@id":"https:\/\/www.elpromaelectronics.com\/pl\/#\/schema\/logo\/image\/","url":"https:\/\/www.elpromaelectronics.com\/wp-content\/uploads\/2021\/09\/Elproma_logo.jpg","contentUrl":"https:\/\/www.elpromaelectronics.com\/wp-content\/uploads\/2021\/09\/Elproma_logo.jpg","width":1024,"height":229,"caption":"Elproma Elektronika Sp. z o.o."},"image":{"@id":"https:\/\/www.elpromaelectronics.com\/pl\/#\/schema\/logo\/image\/"},"sameAs":["https:\/\/www.linkedin.com\/company\/elproma-electronics\/"]}]}},"_links":{"self":[{"href":"https:\/\/www.elpromaelectronics.com\/pl\/wp-json\/wp\/v2\/product\/4165","targetHints":{"allow":["GET"]}}],"collection":[{"href":"https:\/\/www.elpromaelectronics.com\/pl\/wp-json\/wp\/v2\/product"}],"about":[{"href":"https:\/\/www.elpromaelectronics.com\/pl\/wp-json\/wp\/v2\/types\/product"}],"version-history":[{"count":0,"href":"https:\/\/www.elpromaelectronics.com\/pl\/wp-json\/wp\/v2\/product\/4165\/revisions"}],"wp:featuredmedia":[{"embeddable":true,"href":"https:\/\/www.elpromaelectronics.com\/pl\/wp-json\/wp\/v2\/media\/3626"}],"wp:attachment":[{"href":"https:\/\/www.elpromaelectronics.com\/pl\/wp-json\/wp\/v2\/media?parent=4165"}],"wp:term":[{"taxonomy":"component","embeddable":true,"href":"https:\/\/www.elpromaelectronics.com\/pl\/wp-json\/wp\/v2\/component?post=4165"},{"taxonomy":"product_brand","embeddable":true,"href":"https:\/\/www.elpromaelectronics.com\/pl\/wp-json\/wp\/v2\/product_brand?post=4165"},{"taxonomy":"product_cat","embeddable":true,"href":"https:\/\/www.elpromaelectronics.com\/pl\/wp-json\/wp\/v2\/product_cat?post=4165"},{"taxonomy":"product_tag","embeddable":true,"href":"https:\/\/www.elpromaelectronics.com\/pl\/wp-json\/wp\/v2\/product_tag?post=4165"}],"curies":[{"name":"wp","href":"https:\/\/api.w.org\/{rel}","templated":true}]}}