{"id":4166,"date":"2023-08-08T12:29:13","date_gmt":"2023-08-08T10:29:13","guid":{"rendered":"https:\/\/www.elpromaelectronics.com\/product\/rb900-pro\/"},"modified":"2025-05-26T09:55:24","modified_gmt":"2025-05-26T07:55:24","slug":"terminal-rb900-pro","status":"publish","type":"product","link":"https:\/\/www.elpromaelectronics.com\/pl\/produkt\/terminal-rb900-pro\/","title":{"rendered":"RB900-PRO"},"content":{"rendered":"<p style=\"text-align: left;\"><strong>Terminal RB900-PRO<\/strong> to kompletne rozwi\u0105zanie modemowe dla bezprzewodowych aplikacji m2m. Oparty na wysokiej jako\u015bci <a href=\"https:\/\/www.elpromaelectronics.com\/pl\/moduly\/\">module<\/a>, RB900-PRO oferuje wysoki poziom GSM\/UMTS\/ LTE Cat. 1, GPIO, <a href=\"https:\/\/en.wikipedia.org\/wiki\/1-Wire\">1-Wire<\/a>, opcjonalny Dual SIM, MIMO, odbiornik GNSS i wewn\u0119trzna bateria w kompaktowej aluminiowej obudowie ze wszystkimi standardowymi interfejsami. Niewielkie rozmiary i szeroki zakres napi\u0119cia zasilania u\u0142atwiaj\u0105 integracj\u0119 ze wszystkimi rodzajami maszyn. Urz\u0105dzenie mo\u017ce by\u0107 sterowane za pomoc\u0105 standardowych komend AT lub aplikacji klienta (dost\u0119pny system Linux).<\/p>\n<p>Terminal RB900-PRO<strong> umo\u017cliwiajacy po\u0142\u0105czenia e-mail, SMS, TCP\/UDP\/PPP i SMTP<\/strong> jest <strong>uniwersalnym rozwi\u0105zaniem dla wszystkich niskonak\u0142adowych aplikacji M2M i mobilnych aplikacji danych, w tym<\/strong>pomiar\u00f3w, system\u00f3w ruchu, transportu i logistyki, bezpiecze\u0144stwa, automat\u00f3w sprzedaj\u0105cych i zarz\u0105dzania obiektami.<\/p>\n","protected":false},"excerpt":{"rendered":"<p>Terminal RB900-PRO to kompletne rozwi\u0105zanie modemowe dla bezprzewodowych aplikacji m2m. Oparty na wysokiej jako\u015bci module, RB900-PRO oferuje wysoki poziom GSM\/UMTS\/ LTE Cat. 1, GPIO, 1-Wire, opcjonalny Dual SIM, MIMO, odbiornik GNSS i wewn\u0119trzna bateria w kompaktowej aluminiowej obudowie ze wszystkimi standardowymi interfejsami. Niewielkie rozmiary i szeroki zakres napi\u0119cia zasilania u\u0142atwiaj\u0105 integracj\u0119 ze wszystkimi rodzajami maszyn. Urz\u0105dzenie mo\u017ce by\u0107 sterowane za\u2026<\/p>\n","protected":false},"featured_media":4435,"template":"","meta":{"_acf_changed":false,"_themeisle_gutenberg_block_has_review":false},"component":[],"product_brand":[],"product_cat":[223],"product_tag":[240,237,239,238,242,241],"class_list":{"0":"post-4166","1":"product","2":"type-product","3":"status-publish","4":"has-post-thumbnail","6":"product_cat-telemetry-pl","7":"product_tag-automatyczny-odczyt-licznikow","8":"product_tag-automatyzacja-przemyslu","9":"product_tag-licznik-energii","10":"product_tag-stacje-pogodowe","11":"product_tag-teletechnika","12":"product_tag-zaawansowana-infrastruktura-pomiarowa","14":"first","15":"instock","16":"downloadable","17":"shipping-taxable","18":"product-type-simple"},"acf":[],"yoast_head":"<!-- This site is optimized with the Yoast SEO Premium plugin v23.0 (Yoast SEO v24.5) - https:\/\/yoast.com\/wordpress\/plugins\/seo\/ -->\n<title>Terminal RB900-PRO - Elproma<\/title>\n<meta name=\"description\" content=\"Terminal RB900-PRO z obs\u0142ug\u0105 GSM\/UMTS\/LTE Cat. 1, GPIO, opcjonalnie Dual SIM, MIMO, odbiornik GNSS, w\u0142\u0105czanie e-mail, SMS, TCP\/UDP\/PPP i SMTP, komendy AT\" \/>\n<meta name=\"robots\" content=\"index, follow, max-snippet:-1, max-image-preview:large, max-video-preview:-1\" \/>\n<link rel=\"canonical\" href=\"https:\/\/www.elpromaelectronics.com\/pl\/produkt\/terminal-rb900-pro\/\" \/>\n<meta property=\"og:locale\" content=\"pl_PL\" \/>\n<meta property=\"og:type\" content=\"article\" \/>\n<meta property=\"og:title\" content=\"RB900-PRO\" \/>\n<meta property=\"og:description\" content=\"Terminal RB900-PRO z obs\u0142ug\u0105 GSM\/UMTS\/LTE Cat. 1, GPIO, opcjonalnie Dual SIM, MIMO, odbiornik GNSS, w\u0142\u0105czanie e-mail, SMS, TCP\/UDP\/PPP i SMTP, komendy AT\" \/>\n<meta property=\"og:url\" content=\"https:\/\/www.elpromaelectronics.com\/pl\/produkt\/terminal-rb900-pro\/\" \/>\n<meta property=\"og:site_name\" content=\"Elproma\" \/>\n<meta property=\"article:modified_time\" content=\"2025-05-26T07:55:24+00:00\" \/>\n<meta property=\"og:image\" content=\"https:\/\/www.elpromaelectronics.com\/wp-content\/uploads\/2021\/09\/RB900-Pro_tyl2.jpg\" \/>\n\t<meta property=\"og:image:width\" content=\"727\" \/>\n\t<meta property=\"og:image:height\" content=\"773\" \/>\n\t<meta property=\"og:image:type\" content=\"image\/jpeg\" \/>\n<meta name=\"twitter:card\" content=\"summary_large_image\" \/>\n<meta name=\"twitter:label1\" content=\"Szacowany czas czytania\" \/>\n\t<meta name=\"twitter:data1\" content=\"1 minuta\" \/>\n<script type=\"application\/ld+json\" class=\"yoast-schema-graph\">{\"@context\":\"https:\/\/schema.org\",\"@graph\":[{\"@type\":\"WebPage\",\"@id\":\"https:\/\/www.elpromaelectronics.com\/pl\/produkt\/terminal-rb900-pro\/\",\"url\":\"https:\/\/www.elpromaelectronics.com\/pl\/produkt\/terminal-rb900-pro\/\",\"name\":\"Terminal RB900-PRO - Elproma\",\"isPartOf\":{\"@id\":\"https:\/\/www.elpromaelectronics.com\/pl\/#website\"},\"primaryImageOfPage\":{\"@id\":\"https:\/\/www.elpromaelectronics.com\/pl\/produkt\/terminal-rb900-pro\/#primaryimage\"},\"image\":{\"@id\":\"https:\/\/www.elpromaelectronics.com\/pl\/produkt\/terminal-rb900-pro\/#primaryimage\"},\"thumbnailUrl\":\"https:\/\/www.elpromaelectronics.com\/wp-content\/uploads\/2021\/09\/RB900-Pro_tyl2.jpg\",\"datePublished\":\"2023-08-08T10:29:13+00:00\",\"dateModified\":\"2025-05-26T07:55:24+00:00\",\"description\":\"Terminal RB900-PRO z obs\u0142ug\u0105 GSM\/UMTS\/LTE Cat. 1, GPIO, opcjonalnie Dual SIM, MIMO, odbiornik GNSS, w\u0142\u0105czanie e-mail, SMS, TCP\/UDP\/PPP i SMTP, komendy AT\",\"breadcrumb\":{\"@id\":\"https:\/\/www.elpromaelectronics.com\/pl\/produkt\/terminal-rb900-pro\/#breadcrumb\"},\"inLanguage\":\"pl-PL\",\"potentialAction\":[{\"@type\":\"ReadAction\",\"target\":[\"https:\/\/www.elpromaelectronics.com\/pl\/produkt\/terminal-rb900-pro\/\"]}]},{\"@type\":\"ImageObject\",\"inLanguage\":\"pl-PL\",\"@id\":\"https:\/\/www.elpromaelectronics.com\/pl\/produkt\/terminal-rb900-pro\/#primaryimage\",\"url\":\"https:\/\/www.elpromaelectronics.com\/wp-content\/uploads\/2021\/09\/RB900-Pro_tyl2.jpg\",\"contentUrl\":\"https:\/\/www.elpromaelectronics.com\/wp-content\/uploads\/2021\/09\/RB900-Pro_tyl2.jpg\",\"width\":727,\"height\":773,\"caption\":\"RB900-PRO terminal with high GSM\/UMTS\/ LTE Cat. 1 module\"},{\"@type\":\"BreadcrumbList\",\"@id\":\"https:\/\/www.elpromaelectronics.com\/pl\/produkt\/terminal-rb900-pro\/#breadcrumb\",\"itemListElement\":[{\"@type\":\"ListItem\",\"position\":1,\"name\":\"Home\",\"item\":\"https:\/\/www.elpromaelectronics.com\/pl\/\"},{\"@type\":\"ListItem\",\"position\":2,\"name\":\"Sklep\",\"item\":\"https:\/\/www.elpromaelectronics.com\/pl\/sklep\/\"},{\"@type\":\"ListItem\",\"position\":3,\"name\":\"RB900-PRO\"}]},{\"@type\":\"WebSite\",\"@id\":\"https:\/\/www.elpromaelectronics.com\/pl\/#website\",\"url\":\"https:\/\/www.elpromaelectronics.com\/pl\/\",\"name\":\"Elproma\",\"description\":\"\",\"publisher\":{\"@id\":\"https:\/\/www.elpromaelectronics.com\/pl\/#organization\"},\"potentialAction\":[{\"@type\":\"SearchAction\",\"target\":{\"@type\":\"EntryPoint\",\"urlTemplate\":\"https:\/\/www.elpromaelectronics.com\/pl\/?s={search_term_string}\"},\"query-input\":{\"@type\":\"PropertyValueSpecification\",\"valueRequired\":true,\"valueName\":\"search_term_string\"}}],\"inLanguage\":\"pl-PL\"},{\"@type\":\"Organization\",\"@id\":\"https:\/\/www.elpromaelectronics.com\/pl\/#organization\",\"name\":\"Elproma Elektronika Sp. z o.o.\",\"url\":\"https:\/\/www.elpromaelectronics.com\/pl\/\",\"logo\":{\"@type\":\"ImageObject\",\"inLanguage\":\"pl-PL\",\"@id\":\"https:\/\/www.elpromaelectronics.com\/pl\/#\/schema\/logo\/image\/\",\"url\":\"https:\/\/www.elpromaelectronics.com\/wp-content\/uploads\/2021\/09\/Elproma_logo.jpg\",\"contentUrl\":\"https:\/\/www.elpromaelectronics.com\/wp-content\/uploads\/2021\/09\/Elproma_logo.jpg\",\"width\":1024,\"height\":229,\"caption\":\"Elproma Elektronika Sp. z o.o.\"},\"image\":{\"@id\":\"https:\/\/www.elpromaelectronics.com\/pl\/#\/schema\/logo\/image\/\"},\"sameAs\":[\"https:\/\/www.linkedin.com\/company\/elproma-electronics\/\"]}]}<\/script>\n<!-- \/ Yoast SEO Premium plugin. -->","yoast_head_json":{"title":"Terminal RB900-PRO - Elproma","description":"Terminal RB900-PRO z obs\u0142ug\u0105 GSM\/UMTS\/LTE Cat. 1, GPIO, opcjonalnie Dual SIM, MIMO, odbiornik GNSS, w\u0142\u0105czanie e-mail, SMS, TCP\/UDP\/PPP i SMTP, komendy AT","robots":{"index":"index","follow":"follow","max-snippet":"max-snippet:-1","max-image-preview":"max-image-preview:large","max-video-preview":"max-video-preview:-1"},"canonical":"https:\/\/www.elpromaelectronics.com\/pl\/produkt\/terminal-rb900-pro\/","og_locale":"pl_PL","og_type":"article","og_title":"RB900-PRO","og_description":"Terminal RB900-PRO z obs\u0142ug\u0105 GSM\/UMTS\/LTE Cat. 1, GPIO, opcjonalnie Dual SIM, MIMO, odbiornik GNSS, w\u0142\u0105czanie e-mail, SMS, TCP\/UDP\/PPP i SMTP, komendy AT","og_url":"https:\/\/www.elpromaelectronics.com\/pl\/produkt\/terminal-rb900-pro\/","og_site_name":"Elproma","article_modified_time":"2025-05-26T07:55:24+00:00","og_image":[{"width":727,"height":773,"url":"https:\/\/www.elpromaelectronics.com\/wp-content\/uploads\/2021\/09\/RB900-Pro_tyl2.jpg","type":"image\/jpeg"}],"twitter_card":"summary_large_image","twitter_misc":{"Szacowany czas czytania":"1 minuta"},"schema":{"@context":"https:\/\/schema.org","@graph":[{"@type":"WebPage","@id":"https:\/\/www.elpromaelectronics.com\/pl\/produkt\/terminal-rb900-pro\/","url":"https:\/\/www.elpromaelectronics.com\/pl\/produkt\/terminal-rb900-pro\/","name":"Terminal RB900-PRO - Elproma","isPartOf":{"@id":"https:\/\/www.elpromaelectronics.com\/pl\/#website"},"primaryImageOfPage":{"@id":"https:\/\/www.elpromaelectronics.com\/pl\/produkt\/terminal-rb900-pro\/#primaryimage"},"image":{"@id":"https:\/\/www.elpromaelectronics.com\/pl\/produkt\/terminal-rb900-pro\/#primaryimage"},"thumbnailUrl":"https:\/\/www.elpromaelectronics.com\/wp-content\/uploads\/2021\/09\/RB900-Pro_tyl2.jpg","datePublished":"2023-08-08T10:29:13+00:00","dateModified":"2025-05-26T07:55:24+00:00","description":"Terminal RB900-PRO z obs\u0142ug\u0105 GSM\/UMTS\/LTE Cat. 1, GPIO, opcjonalnie Dual SIM, MIMO, odbiornik GNSS, w\u0142\u0105czanie e-mail, SMS, TCP\/UDP\/PPP i SMTP, komendy AT","breadcrumb":{"@id":"https:\/\/www.elpromaelectronics.com\/pl\/produkt\/terminal-rb900-pro\/#breadcrumb"},"inLanguage":"pl-PL","potentialAction":[{"@type":"ReadAction","target":["https:\/\/www.elpromaelectronics.com\/pl\/produkt\/terminal-rb900-pro\/"]}]},{"@type":"ImageObject","inLanguage":"pl-PL","@id":"https:\/\/www.elpromaelectronics.com\/pl\/produkt\/terminal-rb900-pro\/#primaryimage","url":"https:\/\/www.elpromaelectronics.com\/wp-content\/uploads\/2021\/09\/RB900-Pro_tyl2.jpg","contentUrl":"https:\/\/www.elpromaelectronics.com\/wp-content\/uploads\/2021\/09\/RB900-Pro_tyl2.jpg","width":727,"height":773,"caption":"RB900-PRO terminal with high GSM\/UMTS\/ LTE Cat. 1 module"},{"@type":"BreadcrumbList","@id":"https:\/\/www.elpromaelectronics.com\/pl\/produkt\/terminal-rb900-pro\/#breadcrumb","itemListElement":[{"@type":"ListItem","position":1,"name":"Home","item":"https:\/\/www.elpromaelectronics.com\/pl\/"},{"@type":"ListItem","position":2,"name":"Sklep","item":"https:\/\/www.elpromaelectronics.com\/pl\/sklep\/"},{"@type":"ListItem","position":3,"name":"RB900-PRO"}]},{"@type":"WebSite","@id":"https:\/\/www.elpromaelectronics.com\/pl\/#website","url":"https:\/\/www.elpromaelectronics.com\/pl\/","name":"Elproma","description":"","publisher":{"@id":"https:\/\/www.elpromaelectronics.com\/pl\/#organization"},"potentialAction":[{"@type":"SearchAction","target":{"@type":"EntryPoint","urlTemplate":"https:\/\/www.elpromaelectronics.com\/pl\/?s={search_term_string}"},"query-input":{"@type":"PropertyValueSpecification","valueRequired":true,"valueName":"search_term_string"}}],"inLanguage":"pl-PL"},{"@type":"Organization","@id":"https:\/\/www.elpromaelectronics.com\/pl\/#organization","name":"Elproma Elektronika Sp. z o.o.","url":"https:\/\/www.elpromaelectronics.com\/pl\/","logo":{"@type":"ImageObject","inLanguage":"pl-PL","@id":"https:\/\/www.elpromaelectronics.com\/pl\/#\/schema\/logo\/image\/","url":"https:\/\/www.elpromaelectronics.com\/wp-content\/uploads\/2021\/09\/Elproma_logo.jpg","contentUrl":"https:\/\/www.elpromaelectronics.com\/wp-content\/uploads\/2021\/09\/Elproma_logo.jpg","width":1024,"height":229,"caption":"Elproma Elektronika Sp. z o.o."},"image":{"@id":"https:\/\/www.elpromaelectronics.com\/pl\/#\/schema\/logo\/image\/"},"sameAs":["https:\/\/www.linkedin.com\/company\/elproma-electronics\/"]}]}},"_links":{"self":[{"href":"https:\/\/www.elpromaelectronics.com\/pl\/wp-json\/wp\/v2\/product\/4166","targetHints":{"allow":["GET"]}}],"collection":[{"href":"https:\/\/www.elpromaelectronics.com\/pl\/wp-json\/wp\/v2\/product"}],"about":[{"href":"https:\/\/www.elpromaelectronics.com\/pl\/wp-json\/wp\/v2\/types\/product"}],"version-history":[{"count":2,"href":"https:\/\/www.elpromaelectronics.com\/pl\/wp-json\/wp\/v2\/product\/4166\/revisions"}],"predecessor-version":[{"id":4455,"href":"https:\/\/www.elpromaelectronics.com\/pl\/wp-json\/wp\/v2\/product\/4166\/revisions\/4455"}],"wp:featuredmedia":[{"embeddable":true,"href":"https:\/\/www.elpromaelectronics.com\/pl\/wp-json\/wp\/v2\/media\/4435"}],"wp:attachment":[{"href":"https:\/\/www.elpromaelectronics.com\/pl\/wp-json\/wp\/v2\/media?parent=4166"}],"wp:term":[{"taxonomy":"component","embeddable":true,"href":"https:\/\/www.elpromaelectronics.com\/pl\/wp-json\/wp\/v2\/component?post=4166"},{"taxonomy":"product_brand","embeddable":true,"href":"https:\/\/www.elpromaelectronics.com\/pl\/wp-json\/wp\/v2\/product_brand?post=4166"},{"taxonomy":"product_cat","embeddable":true,"href":"https:\/\/www.elpromaelectronics.com\/pl\/wp-json\/wp\/v2\/product_cat?post=4166"},{"taxonomy":"product_tag","embeddable":true,"href":"https:\/\/www.elpromaelectronics.com\/pl\/wp-json\/wp\/v2\/product_tag?post=4166"}],"curies":[{"name":"wp","href":"https:\/\/api.w.org\/{rel}","templated":true}]}}