{"id":4172,"date":"2023-07-19T09:43:32","date_gmt":"2023-07-19T07:43:32","guid":{"rendered":"https:\/\/www.elpromaelectronics.com\/product\/fosrem\/"},"modified":"2025-04-09T10:41:23","modified_gmt":"2025-04-09T08:41:23","slug":"fosrem","status":"publish","type":"product","link":"https:\/\/www.elpromaelectronics.com\/pl\/produkt\/fosrem\/","title":{"rendered":"FOSREM"},"content":{"rendered":"<p align=\"justify\"><strong>FOSREM <\/strong>to mobilny, oparty na <strong>interferometrze Sagnaca<\/strong>, \u015bwiat\u0142owodowy system monitorowania (przez Internet lub GSM) zdarze\u0144 i zjawisk rotacyjnych (w pa\u015bmie detekcji 0,01 -100 Hz). Urz\u0105dzenie zostanie zoptymalizowane do pomiaru pr\u0119dko\u015bci obrotowej z rozdzielczo\u015bci\u0105 w zakresie 10E-8 rad\/s dla pasma detekcji 1 Hz. Powy\u017csza czu\u0142o\u015b\u0107, jak r\u00f3wnie\u017c pasmo przenoszenia spe\u0142niaj\u0105 oczekiwane zdarzenia rotacyjne i zjawiska zwi\u0105zane z nieregularnymi ruchami obiekt\u00f3w wyst\u0119puj\u0105cymi podczas silnych wiatr\u00f3w, ruch\u00f3w tektonicznych i trz\u0119sie\u0144 ziemi. W ten spos\u00f3b opracowany system jest dedykowany do <strong>monitorowania drga\u0144 obrotowych<\/strong> wyst\u0119puj\u0105cych w takich obiektach jak elektrownie wiatrowe, wysokie nieregularne budynki, mosty i niespokojne tereny.<\/p>\n<p>Projekt rozwijany jest od 2002 roku, najpierw w <a href=\"https:\/\/70.wat.edu.pl\/portfolio\/swiatlowodowy-sejsmograf-rotacyjny-fosrem\/\">Wojskowej Akademii Technicznej <\/a>we wsp\u00f3\u0142pracy z firm\u0105 m-Soft Sp. z o. o. W okresie 2021 -2023 Elproma Electronics opracowa\u0142a sz\u00f3st\u0105 generacj\u0119 czujnik\u00f3w FOSREM jako FOS6.<\/p>\n<p>Wi\u0119cej szczeg\u00f3\u0142\u00f3w na temat tego urz\u0105dzenia mo\u017cna znale\u017a\u0107 na stronie internetowej: <a href=\"https:\/\/fosrem.eu\"><strong>https:\/\/fosrem.eu<\/strong><\/a><\/p>\n","protected":false},"excerpt":{"rendered":"<p><a href=\"https:\/\/www.elpromaelectronics.com\/pl\/fosrem-od-nieba-poprzez-ziemie-az-do-podziemnych-zastosowan\/\"><img fetchpriority=\"high\" decoding=\"async\" class=\"alignnone wp-image-5615\" src=\"https:\/\/www.elpromaelectronics.com\/wp-content\/uploads\/2023\/07\/fosrem-eu-1536x128.png\" alt=\"\" width=\"1536\" height=\"128\" srcset=\"https:\/\/www.elpromaelectronics.com\/wp-content\/uploads\/2023\/07\/fosrem-eu-1536x128.png 1536w, https:\/\/www.elpromaelectronics.com\/wp-content\/uploads\/2023\/07\/fosrem-eu-700x59.png 700w, https:\/\/www.elpromaelectronics.com\/wp-content\/uploads\/2023\/07\/fosrem-eu-1000x84.png 1000w, https:\/\/www.elpromaelectronics.com\/wp-content\/uploads\/2023\/07\/fosrem-eu-300x25.png 300w, https:\/\/www.elpromaelectronics.com\/wp-content\/uploads\/2023\/07\/fosrem-eu-1024x86.png 1024w, https:\/\/www.elpromaelectronics.com\/wp-content\/uploads\/2023\/07\/fosrem-eu-768x64.png 768w, https:\/\/www.elpromaelectronics.com\/wp-content\/uploads\/2023\/07\/fosrem-eu-2048x171.png 2048w\" sizes=\"(max-width: 1536px) 100vw, 1536px\" \/><\/a><\/p>\n","protected":false},"featured_media":5365,"template":"","meta":{"_acf_changed":false,"_themeisle_gutenberg_block_has_review":false},"component":[],"product_brand":[],"product_cat":[364],"product_tag":[],"class_list":{"0":"post-4172","1":"product","2":"type-product","3":"status-publish","4":"has-post-thumbnail","6":"product_cat-photonical-systems-pl","8":"first","9":"instock","10":"downloadable","11":"shipping-taxable","12":"product-type-simple"},"acf":[],"yoast_head":"<!-- This site is optimized with the Yoast SEO Premium plugin v23.0 (Yoast SEO v24.5) - https:\/\/yoast.com\/wordpress\/plugins\/seo\/ -->\n<title>FOSREM - Elproma<\/title>\n<meta name=\"robots\" content=\"index, follow, max-snippet:-1, max-image-preview:large, max-video-preview:-1\" \/>\n<link rel=\"canonical\" href=\"https:\/\/www.elpromaelectronics.com\/pl\/produkt\/fosrem\/\" \/>\n<meta property=\"og:locale\" content=\"pl_PL\" \/>\n<meta property=\"og:type\" content=\"article\" \/>\n<meta property=\"og:title\" content=\"FOSREM\" \/>\n<meta property=\"og:url\" content=\"https:\/\/www.elpromaelectronics.com\/pl\/produkt\/fosrem\/\" \/>\n<meta property=\"og:site_name\" content=\"Elproma\" \/>\n<meta property=\"article:modified_time\" content=\"2025-04-09T08:41:23+00:00\" \/>\n<meta property=\"og:image\" content=\"https:\/\/www.elpromaelectronics.com\/wp-content\/uploads\/2023\/07\/fosrem2.png\" \/>\n\t<meta property=\"og:image:width\" content=\"2369\" \/>\n\t<meta property=\"og:image:height\" content=\"2337\" \/>\n\t<meta property=\"og:image:type\" content=\"image\/png\" \/>\n<meta name=\"twitter:card\" content=\"summary_large_image\" \/>\n<meta name=\"twitter:label1\" content=\"Szacowany czas czytania\" \/>\n\t<meta name=\"twitter:data1\" content=\"1 minuta\" \/>\n<script type=\"application\/ld+json\" class=\"yoast-schema-graph\">{\"@context\":\"https:\/\/schema.org\",\"@graph\":[{\"@type\":\"WebPage\",\"@id\":\"https:\/\/www.elpromaelectronics.com\/pl\/produkt\/fosrem\/\",\"url\":\"https:\/\/www.elpromaelectronics.com\/pl\/produkt\/fosrem\/\",\"name\":\"FOSREM - Elproma\",\"isPartOf\":{\"@id\":\"https:\/\/www.elpromaelectronics.com\/pl\/#website\"},\"primaryImageOfPage\":{\"@id\":\"https:\/\/www.elpromaelectronics.com\/pl\/produkt\/fosrem\/#primaryimage\"},\"image\":{\"@id\":\"https:\/\/www.elpromaelectronics.com\/pl\/produkt\/fosrem\/#primaryimage\"},\"thumbnailUrl\":\"https:\/\/www.elpromaelectronics.com\/wp-content\/uploads\/2023\/07\/fosrem2.png\",\"datePublished\":\"2023-07-19T07:43:32+00:00\",\"dateModified\":\"2025-04-09T08:41:23+00:00\",\"breadcrumb\":{\"@id\":\"https:\/\/www.elpromaelectronics.com\/pl\/produkt\/fosrem\/#breadcrumb\"},\"inLanguage\":\"pl-PL\",\"potentialAction\":[{\"@type\":\"ReadAction\",\"target\":[\"https:\/\/www.elpromaelectronics.com\/pl\/produkt\/fosrem\/\"]}]},{\"@type\":\"ImageObject\",\"inLanguage\":\"pl-PL\",\"@id\":\"https:\/\/www.elpromaelectronics.com\/pl\/produkt\/fosrem\/#primaryimage\",\"url\":\"https:\/\/www.elpromaelectronics.com\/wp-content\/uploads\/2023\/07\/fosrem2.png\",\"contentUrl\":\"https:\/\/www.elpromaelectronics.com\/wp-content\/uploads\/2023\/07\/fosrem2.png\",\"width\":2369,\"height\":2337},{\"@type\":\"BreadcrumbList\",\"@id\":\"https:\/\/www.elpromaelectronics.com\/pl\/produkt\/fosrem\/#breadcrumb\",\"itemListElement\":[{\"@type\":\"ListItem\",\"position\":1,\"name\":\"Home\",\"item\":\"https:\/\/www.elpromaelectronics.com\/pl\/\"},{\"@type\":\"ListItem\",\"position\":2,\"name\":\"Sklep\",\"item\":\"https:\/\/www.elpromaelectronics.com\/pl\/sklep\/\"},{\"@type\":\"ListItem\",\"position\":3,\"name\":\"FOSREM\"}]},{\"@type\":\"WebSite\",\"@id\":\"https:\/\/www.elpromaelectronics.com\/pl\/#website\",\"url\":\"https:\/\/www.elpromaelectronics.com\/pl\/\",\"name\":\"Elproma\",\"description\":\"\",\"publisher\":{\"@id\":\"https:\/\/www.elpromaelectronics.com\/pl\/#organization\"},\"potentialAction\":[{\"@type\":\"SearchAction\",\"target\":{\"@type\":\"EntryPoint\",\"urlTemplate\":\"https:\/\/www.elpromaelectronics.com\/pl\/?s={search_term_string}\"},\"query-input\":{\"@type\":\"PropertyValueSpecification\",\"valueRequired\":true,\"valueName\":\"search_term_string\"}}],\"inLanguage\":\"pl-PL\"},{\"@type\":\"Organization\",\"@id\":\"https:\/\/www.elpromaelectronics.com\/pl\/#organization\",\"name\":\"Elproma Elektronika Sp. z o.o.\",\"url\":\"https:\/\/www.elpromaelectronics.com\/pl\/\",\"logo\":{\"@type\":\"ImageObject\",\"inLanguage\":\"pl-PL\",\"@id\":\"https:\/\/www.elpromaelectronics.com\/pl\/#\/schema\/logo\/image\/\",\"url\":\"https:\/\/www.elpromaelectronics.com\/wp-content\/uploads\/2021\/09\/Elproma_logo.jpg\",\"contentUrl\":\"https:\/\/www.elpromaelectronics.com\/wp-content\/uploads\/2021\/09\/Elproma_logo.jpg\",\"width\":1024,\"height\":229,\"caption\":\"Elproma Elektronika Sp. z o.o.\"},\"image\":{\"@id\":\"https:\/\/www.elpromaelectronics.com\/pl\/#\/schema\/logo\/image\/\"},\"sameAs\":[\"https:\/\/www.linkedin.com\/company\/elproma-electronics\/\"]}]}<\/script>\n<!-- \/ Yoast SEO Premium plugin. -->","yoast_head_json":{"title":"FOSREM - Elproma","robots":{"index":"index","follow":"follow","max-snippet":"max-snippet:-1","max-image-preview":"max-image-preview:large","max-video-preview":"max-video-preview:-1"},"canonical":"https:\/\/www.elpromaelectronics.com\/pl\/produkt\/fosrem\/","og_locale":"pl_PL","og_type":"article","og_title":"FOSREM","og_url":"https:\/\/www.elpromaelectronics.com\/pl\/produkt\/fosrem\/","og_site_name":"Elproma","article_modified_time":"2025-04-09T08:41:23+00:00","og_image":[{"width":2369,"height":2337,"url":"https:\/\/www.elpromaelectronics.com\/wp-content\/uploads\/2023\/07\/fosrem2.png","type":"image\/png"}],"twitter_card":"summary_large_image","twitter_misc":{"Szacowany czas czytania":"1 minuta"},"schema":{"@context":"https:\/\/schema.org","@graph":[{"@type":"WebPage","@id":"https:\/\/www.elpromaelectronics.com\/pl\/produkt\/fosrem\/","url":"https:\/\/www.elpromaelectronics.com\/pl\/produkt\/fosrem\/","name":"FOSREM - Elproma","isPartOf":{"@id":"https:\/\/www.elpromaelectronics.com\/pl\/#website"},"primaryImageOfPage":{"@id":"https:\/\/www.elpromaelectronics.com\/pl\/produkt\/fosrem\/#primaryimage"},"image":{"@id":"https:\/\/www.elpromaelectronics.com\/pl\/produkt\/fosrem\/#primaryimage"},"thumbnailUrl":"https:\/\/www.elpromaelectronics.com\/wp-content\/uploads\/2023\/07\/fosrem2.png","datePublished":"2023-07-19T07:43:32+00:00","dateModified":"2025-04-09T08:41:23+00:00","breadcrumb":{"@id":"https:\/\/www.elpromaelectronics.com\/pl\/produkt\/fosrem\/#breadcrumb"},"inLanguage":"pl-PL","potentialAction":[{"@type":"ReadAction","target":["https:\/\/www.elpromaelectronics.com\/pl\/produkt\/fosrem\/"]}]},{"@type":"ImageObject","inLanguage":"pl-PL","@id":"https:\/\/www.elpromaelectronics.com\/pl\/produkt\/fosrem\/#primaryimage","url":"https:\/\/www.elpromaelectronics.com\/wp-content\/uploads\/2023\/07\/fosrem2.png","contentUrl":"https:\/\/www.elpromaelectronics.com\/wp-content\/uploads\/2023\/07\/fosrem2.png","width":2369,"height":2337},{"@type":"BreadcrumbList","@id":"https:\/\/www.elpromaelectronics.com\/pl\/produkt\/fosrem\/#breadcrumb","itemListElement":[{"@type":"ListItem","position":1,"name":"Home","item":"https:\/\/www.elpromaelectronics.com\/pl\/"},{"@type":"ListItem","position":2,"name":"Sklep","item":"https:\/\/www.elpromaelectronics.com\/pl\/sklep\/"},{"@type":"ListItem","position":3,"name":"FOSREM"}]},{"@type":"WebSite","@id":"https:\/\/www.elpromaelectronics.com\/pl\/#website","url":"https:\/\/www.elpromaelectronics.com\/pl\/","name":"Elproma","description":"","publisher":{"@id":"https:\/\/www.elpromaelectronics.com\/pl\/#organization"},"potentialAction":[{"@type":"SearchAction","target":{"@type":"EntryPoint","urlTemplate":"https:\/\/www.elpromaelectronics.com\/pl\/?s={search_term_string}"},"query-input":{"@type":"PropertyValueSpecification","valueRequired":true,"valueName":"search_term_string"}}],"inLanguage":"pl-PL"},{"@type":"Organization","@id":"https:\/\/www.elpromaelectronics.com\/pl\/#organization","name":"Elproma Elektronika Sp. z o.o.","url":"https:\/\/www.elpromaelectronics.com\/pl\/","logo":{"@type":"ImageObject","inLanguage":"pl-PL","@id":"https:\/\/www.elpromaelectronics.com\/pl\/#\/schema\/logo\/image\/","url":"https:\/\/www.elpromaelectronics.com\/wp-content\/uploads\/2021\/09\/Elproma_logo.jpg","contentUrl":"https:\/\/www.elpromaelectronics.com\/wp-content\/uploads\/2021\/09\/Elproma_logo.jpg","width":1024,"height":229,"caption":"Elproma Elektronika Sp. z o.o."},"image":{"@id":"https:\/\/www.elpromaelectronics.com\/pl\/#\/schema\/logo\/image\/"},"sameAs":["https:\/\/www.linkedin.com\/company\/elproma-electronics\/"]}]}},"_links":{"self":[{"href":"https:\/\/www.elpromaelectronics.com\/pl\/wp-json\/wp\/v2\/product\/4172","targetHints":{"allow":["GET"]}}],"collection":[{"href":"https:\/\/www.elpromaelectronics.com\/pl\/wp-json\/wp\/v2\/product"}],"about":[{"href":"https:\/\/www.elpromaelectronics.com\/pl\/wp-json\/wp\/v2\/types\/product"}],"version-history":[{"count":17,"href":"https:\/\/www.elpromaelectronics.com\/pl\/wp-json\/wp\/v2\/product\/4172\/revisions"}],"predecessor-version":[{"id":5932,"href":"https:\/\/www.elpromaelectronics.com\/pl\/wp-json\/wp\/v2\/product\/4172\/revisions\/5932"}],"wp:featuredmedia":[{"embeddable":true,"href":"https:\/\/www.elpromaelectronics.com\/pl\/wp-json\/wp\/v2\/media\/5365"}],"wp:attachment":[{"href":"https:\/\/www.elpromaelectronics.com\/pl\/wp-json\/wp\/v2\/media?parent=4172"}],"wp:term":[{"taxonomy":"component","embeddable":true,"href":"https:\/\/www.elpromaelectronics.com\/pl\/wp-json\/wp\/v2\/component?post=4172"},{"taxonomy":"product_brand","embeddable":true,"href":"https:\/\/www.elpromaelectronics.com\/pl\/wp-json\/wp\/v2\/product_brand?post=4172"},{"taxonomy":"product_cat","embeddable":true,"href":"https:\/\/www.elpromaelectronics.com\/pl\/wp-json\/wp\/v2\/product_cat?post=4172"},{"taxonomy":"product_tag","embeddable":true,"href":"https:\/\/www.elpromaelectronics.com\/pl\/wp-json\/wp\/v2\/product_tag?post=4172"}],"curies":[{"name":"wp","href":"https:\/\/api.w.org\/{rel}","templated":true}]}}