{"id":4177,"date":"2023-07-19T09:40:06","date_gmt":"2023-07-19T07:40:06","guid":{"rendered":"https:\/\/www.elpromaelectronics.com\/product\/poziom-3-symulator-gnss\/"},"modified":"2025-10-09T13:59:41","modified_gmt":"2025-10-09T11:59:41","slug":"poziom-3-symulator-gnss","status":"publish","type":"product","link":"https:\/\/www.elpromaelectronics.com\/pl\/produkt\/poziom-3-symulator-gnss\/","title":{"rendered":"POZIOM-3  <br>SYMULATOR GNSS"},"content":{"rendered":"<p><strong>&#8222;SafeTime GNSS Guard&#8221;, podobnie jak zapora sieciowa, rozwi\u0105zuje problem ochrony istniej\u0105cych system\u00f3w IT\/OT poprzez zapewnienie separacji pomi\u0119dzy fizycznymi systemami GNSS.<\/strong><br \/>\n<strong>i serwer czasu NTP\/IEEE1588.<\/strong> Chroni dowolny serwer czasu klasy ELPROMA, w tym. NTS-5000 i NTS-4000.<\/p>\n<p><strong>&#8222;SafeTime GNSS Guard&#8221; chroni ka\u017cd\u0105 krytyczn\u0105 infrastruktur\u0119 (w tym banki, gie\u0142d\u0119, kontrol\u0119 ruchu lotniczego, koleje, elektrownie, telekomunikacj\u0119, finanse) przed niezaufanymi sygna\u0142ami satelitarnymi GNSS<\/strong>. Jest to silnik oprogramowania, kt\u00f3ry analizuje czas z ka\u017cdego wybranego podsystemu GNSS: GPS, GALILEO, GLONASS, BEIDOU, IRNSS oddzielnie, dostarczaj\u0105c symulowane dane wyj\u015bciowe GNSS, kt\u00f3re s\u0105 w 100% zgodne z GPS L1.<\/p>\n<p>Urz\u0105dzenie SafeTime GNSS Guard jest wyposa\u017cone w specjaln\u0105 analiz\u0119 czasu. Opcjonalnie mo\u017ce by\u0107 wyposa\u017cony w aktywny filtr przeciwzak\u0142\u00f3ceniowy GPS L1 (technologia null steering), chroni\u0105cy przed amatorskimi mobilnymi zag\u0142uszaczami GPS L1. Wraz z innymi algorytmami chroni dane wej\u015bciowe serwera czasu przed zag\u0142uszaniem i\/lub spoofingiem GNSS.<\/p>\n<p>Dzia\u0142anie opiera si\u0119 na sprawdzeniu kilku warunk\u00f3w, w tym kryteri\u00f3w zak\u0142\u00f3caj\u0105cych, takich jak: liczba satelit\u00f3w GNSS, niedopasowanie lokalizacji anteny GNSS, odchylenie fazy \/ czasu, intensywno\u015b\u0107 RF \/ si\u0142a sygna\u0142u, poziomy SNR sygna\u0142\u00f3w GNSS. Dane LOG mog\u0105 by\u0107 opcjonalnie przechowywane wewn\u0105trz lub eksportowane do zewn\u0119trznego oprogramowania klasy SCADA\/NMS\/OSS.<\/p>\n<p>SafeTime GNSS Guard dzia\u0142a za po\u015brednictwem pu\u0142apek MIB-2 ze wszystkimi wiod\u0105cymi programami klasy OSS. Ponadto, ref. Czas UTC mo\u017ce by\u0107 dostarczany do interfejsu wej\u015bciowego LAN SafeTime Guard ze zdalnego centrum kopii zapasowych czasu.<\/p>\n<p>Produkt akceptuje uwierzytelnione kryptograficznie protoko\u0142y NTP i\/lub PTP IEEE15). Jest to w\u0142a\u015bciwe podej\u015bcie do uzyskania kopii zapasowej czasu odniesienia przez Internet lub chmur\u0119 z krajowych instytut\u00f3w metrologicznych (NMI), takich jak: US NIST, UK NPL, polski GUM, w\u0142oski INRIM itp. W przypadku awarii sieci \/link\u00f3w(-)\/ lub podczas cyberatak\u00f3w (ataki DDoS, TDA -Time Delay Attack) urz\u0105dzenie automatycznie prze\u0142\u0105cza si\u0119 w tryb podtrzymania OCXO\/Rubidium*. Dok\u0142adno\u015b\u0107 synchronizacji urz\u0105dzenia jest lepsza ni\u017c 1us.<\/p>\n","protected":false},"excerpt":{"rendered":"<p>&#8222;SafeTime GNSS Guard&#8221;, podobnie jak zapora sieciowa, rozwi\u0105zuje problem ochrony istniej\u0105cych system\u00f3w IT\/OT poprzez zapewnienie separacji pomi\u0119dzy fizycznymi systemami GNSS. i serwer czasu NTP\/IEEE1588. Chroni dowolny serwer czasu klasy ELPROMA, w tym. NTS-5000 i NTS-4000. &#8222;SafeTime GNSS Guard&#8221; chroni ka\u017cd\u0105 krytyczn\u0105 infrastruktur\u0119 (w tym banki, gie\u0142d\u0119, kontrol\u0119 ruchu lotniczego, koleje, elektrownie, telekomunikacj\u0119, finanse) przed niezaufanymi sygna\u0142ami satelitarnymi GNSS. Jest to\u2026<\/p>\n","protected":false},"featured_media":6433,"template":"","meta":{"_acf_changed":false,"_themeisle_gutenberg_block_has_review":false},"component":[],"product_brand":[],"product_cat":[231],"product_tag":[],"class_list":{"0":"post-4177","1":"product","2":"type-product","3":"status-publish","4":"has-post-thumbnail","6":"product_cat-elproma-time-pl","8":"first","9":"instock","10":"downloadable","11":"shipping-taxable","12":"product-type-simple"},"acf":[],"yoast_head":"<!-- This site is optimized with the Yoast SEO Premium plugin v23.0 (Yoast SEO v24.5) - https:\/\/yoast.com\/wordpress\/plugins\/seo\/ -->\n<title>POZIOM-3 SYMULATOR GNSS - Elproma<\/title>\n<meta name=\"robots\" content=\"index, follow, max-snippet:-1, max-image-preview:large, max-video-preview:-1\" \/>\n<link rel=\"canonical\" href=\"https:\/\/www.elpromaelectronics.com\/pl\/produkt\/poziom-3-symulator-gnss\/\" \/>\n<meta property=\"og:locale\" content=\"pl_PL\" \/>\n<meta property=\"og:type\" content=\"article\" \/>\n<meta property=\"og:title\" content=\"POZIOM-3 SYMULATOR GNSS\" \/>\n<meta property=\"og:description\" content=\"&#8222;SafeTime GNSS Guard&#8221;, podobnie jak zapora sieciowa, rozwi\u0105zuje problem ochrony istniej\u0105cych system\u00f3w IT\/OT poprzez zapewnienie separacji pomi\u0119dzy fizycznymi systemami GNSS. i serwer czasu NTP\/IEEE1588. Chroni dowolny serwer czasu klasy ELPROMA, w tym. NTS-5000 i NTS-4000. &#8222;SafeTime GNSS Guard&#8221; chroni ka\u017cd\u0105 krytyczn\u0105 infrastruktur\u0119 (w tym banki, gie\u0142d\u0119, kontrol\u0119 ruchu lotniczego, koleje, elektrownie, telekomunikacj\u0119, finanse) przed niezaufanymi sygna\u0142ami satelitarnymi GNSS. Jest to\u2026\" \/>\n<meta property=\"og:url\" content=\"https:\/\/www.elpromaelectronics.com\/pl\/produkt\/poziom-3-symulator-gnss\/\" \/>\n<meta property=\"og:site_name\" content=\"Elproma\" \/>\n<meta property=\"article:modified_time\" content=\"2025-10-09T11:59:41+00:00\" \/>\n<meta property=\"og:image\" content=\"https:\/\/www.elpromaelectronics.com\/wp-content\/uploads\/2023\/07\/NTS-LEVEL3_front.png\" \/>\n\t<meta property=\"og:image:width\" content=\"2448\" \/>\n\t<meta property=\"og:image:height\" content=\"750\" \/>\n\t<meta property=\"og:image:type\" content=\"image\/png\" \/>\n<meta name=\"twitter:card\" content=\"summary_large_image\" \/>\n<meta name=\"twitter:label1\" content=\"Szacowany czas czytania\" \/>\n\t<meta name=\"twitter:data1\" content=\"2 minuty\" \/>\n<script type=\"application\/ld+json\" class=\"yoast-schema-graph\">{\"@context\":\"https:\/\/schema.org\",\"@graph\":[{\"@type\":\"WebPage\",\"@id\":\"https:\/\/www.elpromaelectronics.com\/pl\/produkt\/poziom-3-symulator-gnss\/\",\"url\":\"https:\/\/www.elpromaelectronics.com\/pl\/produkt\/poziom-3-symulator-gnss\/\",\"name\":\"POZIOM-3 SYMULATOR GNSS - Elproma\",\"isPartOf\":{\"@id\":\"https:\/\/www.elpromaelectronics.com\/pl\/#website\"},\"primaryImageOfPage\":{\"@id\":\"https:\/\/www.elpromaelectronics.com\/pl\/produkt\/poziom-3-symulator-gnss\/#primaryimage\"},\"image\":{\"@id\":\"https:\/\/www.elpromaelectronics.com\/pl\/produkt\/poziom-3-symulator-gnss\/#primaryimage\"},\"thumbnailUrl\":\"https:\/\/www.elpromaelectronics.com\/wp-content\/uploads\/2023\/07\/NTS-LEVEL3_front.png\",\"datePublished\":\"2023-07-19T07:40:06+00:00\",\"dateModified\":\"2025-10-09T11:59:41+00:00\",\"breadcrumb\":{\"@id\":\"https:\/\/www.elpromaelectronics.com\/pl\/produkt\/poziom-3-symulator-gnss\/#breadcrumb\"},\"inLanguage\":\"pl-PL\",\"potentialAction\":[{\"@type\":\"ReadAction\",\"target\":[\"https:\/\/www.elpromaelectronics.com\/pl\/produkt\/poziom-3-symulator-gnss\/\"]}]},{\"@type\":\"ImageObject\",\"inLanguage\":\"pl-PL\",\"@id\":\"https:\/\/www.elpromaelectronics.com\/pl\/produkt\/poziom-3-symulator-gnss\/#primaryimage\",\"url\":\"https:\/\/www.elpromaelectronics.com\/wp-content\/uploads\/2023\/07\/NTS-LEVEL3_front.png\",\"contentUrl\":\"https:\/\/www.elpromaelectronics.com\/wp-content\/uploads\/2023\/07\/NTS-LEVEL3_front.png\",\"width\":2448,\"height\":750},{\"@type\":\"BreadcrumbList\",\"@id\":\"https:\/\/www.elpromaelectronics.com\/pl\/produkt\/poziom-3-symulator-gnss\/#breadcrumb\",\"itemListElement\":[{\"@type\":\"ListItem\",\"position\":1,\"name\":\"Home\",\"item\":\"https:\/\/www.elpromaelectronics.com\/pl\/\"},{\"@type\":\"ListItem\",\"position\":2,\"name\":\"Sklep\",\"item\":\"https:\/\/www.elpromaelectronics.com\/pl\/sklep\/\"},{\"@type\":\"ListItem\",\"position\":3,\"name\":\"POZIOM-3 SYMULATOR GNSS\"}]},{\"@type\":\"WebSite\",\"@id\":\"https:\/\/www.elpromaelectronics.com\/pl\/#website\",\"url\":\"https:\/\/www.elpromaelectronics.com\/pl\/\",\"name\":\"Elproma\",\"description\":\"\",\"publisher\":{\"@id\":\"https:\/\/www.elpromaelectronics.com\/pl\/#organization\"},\"potentialAction\":[{\"@type\":\"SearchAction\",\"target\":{\"@type\":\"EntryPoint\",\"urlTemplate\":\"https:\/\/www.elpromaelectronics.com\/pl\/?s={search_term_string}\"},\"query-input\":{\"@type\":\"PropertyValueSpecification\",\"valueRequired\":true,\"valueName\":\"search_term_string\"}}],\"inLanguage\":\"pl-PL\"},{\"@type\":\"Organization\",\"@id\":\"https:\/\/www.elpromaelectronics.com\/pl\/#organization\",\"name\":\"Elproma Elektronika Sp. z o.o.\",\"url\":\"https:\/\/www.elpromaelectronics.com\/pl\/\",\"logo\":{\"@type\":\"ImageObject\",\"inLanguage\":\"pl-PL\",\"@id\":\"https:\/\/www.elpromaelectronics.com\/pl\/#\/schema\/logo\/image\/\",\"url\":\"https:\/\/www.elpromaelectronics.com\/wp-content\/uploads\/2021\/09\/Elproma_logo.jpg\",\"contentUrl\":\"https:\/\/www.elpromaelectronics.com\/wp-content\/uploads\/2021\/09\/Elproma_logo.jpg\",\"width\":1024,\"height\":229,\"caption\":\"Elproma Elektronika Sp. z o.o.\"},\"image\":{\"@id\":\"https:\/\/www.elpromaelectronics.com\/pl\/#\/schema\/logo\/image\/\"},\"sameAs\":[\"https:\/\/www.linkedin.com\/company\/elproma-electronics\/\"]}]}<\/script>\n<!-- \/ Yoast SEO Premium plugin. -->","yoast_head_json":{"title":"POZIOM-3 SYMULATOR GNSS - Elproma","robots":{"index":"index","follow":"follow","max-snippet":"max-snippet:-1","max-image-preview":"max-image-preview:large","max-video-preview":"max-video-preview:-1"},"canonical":"https:\/\/www.elpromaelectronics.com\/pl\/produkt\/poziom-3-symulator-gnss\/","og_locale":"pl_PL","og_type":"article","og_title":"POZIOM-3 SYMULATOR GNSS","og_description":"&#8222;SafeTime GNSS Guard&#8221;, podobnie jak zapora sieciowa, rozwi\u0105zuje problem ochrony istniej\u0105cych system\u00f3w IT\/OT poprzez zapewnienie separacji pomi\u0119dzy fizycznymi systemami GNSS. i serwer czasu NTP\/IEEE1588. Chroni dowolny serwer czasu klasy ELPROMA, w tym. NTS-5000 i NTS-4000. &#8222;SafeTime GNSS Guard&#8221; chroni ka\u017cd\u0105 krytyczn\u0105 infrastruktur\u0119 (w tym banki, gie\u0142d\u0119, kontrol\u0119 ruchu lotniczego, koleje, elektrownie, telekomunikacj\u0119, finanse) przed niezaufanymi sygna\u0142ami satelitarnymi GNSS. Jest to\u2026","og_url":"https:\/\/www.elpromaelectronics.com\/pl\/produkt\/poziom-3-symulator-gnss\/","og_site_name":"Elproma","article_modified_time":"2025-10-09T11:59:41+00:00","og_image":[{"width":2448,"height":750,"url":"https:\/\/www.elpromaelectronics.com\/wp-content\/uploads\/2023\/07\/NTS-LEVEL3_front.png","type":"image\/png"}],"twitter_card":"summary_large_image","twitter_misc":{"Szacowany czas czytania":"2 minuty"},"schema":{"@context":"https:\/\/schema.org","@graph":[{"@type":"WebPage","@id":"https:\/\/www.elpromaelectronics.com\/pl\/produkt\/poziom-3-symulator-gnss\/","url":"https:\/\/www.elpromaelectronics.com\/pl\/produkt\/poziom-3-symulator-gnss\/","name":"POZIOM-3 SYMULATOR GNSS - Elproma","isPartOf":{"@id":"https:\/\/www.elpromaelectronics.com\/pl\/#website"},"primaryImageOfPage":{"@id":"https:\/\/www.elpromaelectronics.com\/pl\/produkt\/poziom-3-symulator-gnss\/#primaryimage"},"image":{"@id":"https:\/\/www.elpromaelectronics.com\/pl\/produkt\/poziom-3-symulator-gnss\/#primaryimage"},"thumbnailUrl":"https:\/\/www.elpromaelectronics.com\/wp-content\/uploads\/2023\/07\/NTS-LEVEL3_front.png","datePublished":"2023-07-19T07:40:06+00:00","dateModified":"2025-10-09T11:59:41+00:00","breadcrumb":{"@id":"https:\/\/www.elpromaelectronics.com\/pl\/produkt\/poziom-3-symulator-gnss\/#breadcrumb"},"inLanguage":"pl-PL","potentialAction":[{"@type":"ReadAction","target":["https:\/\/www.elpromaelectronics.com\/pl\/produkt\/poziom-3-symulator-gnss\/"]}]},{"@type":"ImageObject","inLanguage":"pl-PL","@id":"https:\/\/www.elpromaelectronics.com\/pl\/produkt\/poziom-3-symulator-gnss\/#primaryimage","url":"https:\/\/www.elpromaelectronics.com\/wp-content\/uploads\/2023\/07\/NTS-LEVEL3_front.png","contentUrl":"https:\/\/www.elpromaelectronics.com\/wp-content\/uploads\/2023\/07\/NTS-LEVEL3_front.png","width":2448,"height":750},{"@type":"BreadcrumbList","@id":"https:\/\/www.elpromaelectronics.com\/pl\/produkt\/poziom-3-symulator-gnss\/#breadcrumb","itemListElement":[{"@type":"ListItem","position":1,"name":"Home","item":"https:\/\/www.elpromaelectronics.com\/pl\/"},{"@type":"ListItem","position":2,"name":"Sklep","item":"https:\/\/www.elpromaelectronics.com\/pl\/sklep\/"},{"@type":"ListItem","position":3,"name":"POZIOM-3 SYMULATOR GNSS"}]},{"@type":"WebSite","@id":"https:\/\/www.elpromaelectronics.com\/pl\/#website","url":"https:\/\/www.elpromaelectronics.com\/pl\/","name":"Elproma","description":"","publisher":{"@id":"https:\/\/www.elpromaelectronics.com\/pl\/#organization"},"potentialAction":[{"@type":"SearchAction","target":{"@type":"EntryPoint","urlTemplate":"https:\/\/www.elpromaelectronics.com\/pl\/?s={search_term_string}"},"query-input":{"@type":"PropertyValueSpecification","valueRequired":true,"valueName":"search_term_string"}}],"inLanguage":"pl-PL"},{"@type":"Organization","@id":"https:\/\/www.elpromaelectronics.com\/pl\/#organization","name":"Elproma Elektronika Sp. z o.o.","url":"https:\/\/www.elpromaelectronics.com\/pl\/","logo":{"@type":"ImageObject","inLanguage":"pl-PL","@id":"https:\/\/www.elpromaelectronics.com\/pl\/#\/schema\/logo\/image\/","url":"https:\/\/www.elpromaelectronics.com\/wp-content\/uploads\/2021\/09\/Elproma_logo.jpg","contentUrl":"https:\/\/www.elpromaelectronics.com\/wp-content\/uploads\/2021\/09\/Elproma_logo.jpg","width":1024,"height":229,"caption":"Elproma Elektronika Sp. z o.o."},"image":{"@id":"https:\/\/www.elpromaelectronics.com\/pl\/#\/schema\/logo\/image\/"},"sameAs":["https:\/\/www.linkedin.com\/company\/elproma-electronics\/"]}]}},"_links":{"self":[{"href":"https:\/\/www.elpromaelectronics.com\/pl\/wp-json\/wp\/v2\/product\/4177","targetHints":{"allow":["GET"]}}],"collection":[{"href":"https:\/\/www.elpromaelectronics.com\/pl\/wp-json\/wp\/v2\/product"}],"about":[{"href":"https:\/\/www.elpromaelectronics.com\/pl\/wp-json\/wp\/v2\/types\/product"}],"version-history":[{"count":1,"href":"https:\/\/www.elpromaelectronics.com\/pl\/wp-json\/wp\/v2\/product\/4177\/revisions"}],"predecessor-version":[{"id":6468,"href":"https:\/\/www.elpromaelectronics.com\/pl\/wp-json\/wp\/v2\/product\/4177\/revisions\/6468"}],"wp:featuredmedia":[{"embeddable":true,"href":"https:\/\/www.elpromaelectronics.com\/pl\/wp-json\/wp\/v2\/media\/6433"}],"wp:attachment":[{"href":"https:\/\/www.elpromaelectronics.com\/pl\/wp-json\/wp\/v2\/media?parent=4177"}],"wp:term":[{"taxonomy":"component","embeddable":true,"href":"https:\/\/www.elpromaelectronics.com\/pl\/wp-json\/wp\/v2\/component?post=4177"},{"taxonomy":"product_brand","embeddable":true,"href":"https:\/\/www.elpromaelectronics.com\/pl\/wp-json\/wp\/v2\/product_brand?post=4177"},{"taxonomy":"product_cat","embeddable":true,"href":"https:\/\/www.elpromaelectronics.com\/pl\/wp-json\/wp\/v2\/product_cat?post=4177"},{"taxonomy":"product_tag","embeddable":true,"href":"https:\/\/www.elpromaelectronics.com\/pl\/wp-json\/wp\/v2\/product_tag?post=4177"}],"curies":[{"name":"wp","href":"https:\/\/api.w.org\/{rel}","templated":true}]}}