{"id":4209,"date":"2023-05-23T13:22:13","date_gmt":"2023-05-23T11:22:13","guid":{"rendered":"https:\/\/www.elpromaelectronics.com\/product\/roger-przemienniki-gps\/"},"modified":"2023-05-23T13:22:13","modified_gmt":"2023-05-23T11:22:13","slug":"roger-przemienniki-gps","status":"publish","type":"product","link":"https:\/\/www.elpromaelectronics.com\/pl\/produkt\/roger-przemienniki-gps\/","title":{"rendered":"ROGER &#8211; PRZEMIENNIKI GPS"},"content":{"rendered":"<p>Seria TFD-100 to modu\u0142owy dystrybutor czasu i cz\u0119stotliwo\u015bci o wysoko\u015bci 1U, montowany w szafie rack. Zapewnia precyzyjn\u0105 dystrybucj\u0119 dowolnej cz\u0119stotliwo\u015bci od 1PPS do 10MHz w najpopularniejszych standardach: 1PPS (TTL), IRIG-DCLS (TTL), 10MHz (TTL i Sine).<\/p>\n<p><strong>Najwa\u017cniejsze cechy:<\/strong><\/p>\n<ul>\n<li>Dystrybucja sygna\u0142u 1PPS (TTL)<\/li>\n<li>Dystrybucja 10 MHz (TTL\/sinus)<\/li>\n<li>Dystrybucja IRIG-DCLS (TTL)<\/li>\n<li>Gniazda BNC lub SMA<\/li>\n<li>Nadmiarowe zasilanie 230VAC lub\/i 48VDC<\/li>\n<\/ul>\n","protected":false},"excerpt":{"rendered":"<p>Seria TFD-100 to modu\u0142owy dystrybutor czasu i cz\u0119stotliwo\u015bci o wysoko\u015bci 1U, montowany w szafie rack. Zapewnia precyzyjn\u0105 dystrybucj\u0119 dowolnej cz\u0119stotliwo\u015bci od 1PPS do 10MHz w najpopularniejszych standardach: 1PPS (TTL), IRIG-DCLS (TTL), 10MHz (TTL i Sine). Najwa\u017cniejsze cechy: Dystrybucja sygna\u0142u 1PPS (TTL) Dystrybucja 10 MHz (TTL\/sinus) Dystrybucja IRIG-DCLS (TTL) Gniazda BNC lub SMA Nadmiarowe zasilanie 230VAC lub\/i 48VDC<\/p>\n","protected":false},"featured_media":3413,"template":"","meta":{"_acf_changed":false,"_themeisle_gutenberg_block_has_review":false},"component":[],"product_brand":[],"product_cat":[230],"product_tag":[],"class_list":{"0":"post-4209","1":"product","2":"type-product","3":"status-publish","4":"has-post-thumbnail","6":"product_cat-components-pl","8":"first","9":"instock","10":"shipping-taxable","11":"product-type-simple"},"acf":[],"yoast_head":"<!-- This site is optimized with the Yoast SEO Premium plugin v23.0 (Yoast SEO v24.5) - https:\/\/yoast.com\/wordpress\/plugins\/seo\/ -->\n<title>ROGER - PRZEMIENNIKI GPS - Elproma<\/title>\n<meta name=\"robots\" content=\"index, follow, max-snippet:-1, max-image-preview:large, max-video-preview:-1\" \/>\n<link rel=\"canonical\" href=\"https:\/\/www.elpromaelectronics.com\/pl\/produkt\/roger-przemienniki-gps\/\" \/>\n<meta property=\"og:locale\" content=\"pl_PL\" \/>\n<meta property=\"og:type\" content=\"article\" \/>\n<meta property=\"og:title\" content=\"ROGER - PRZEMIENNIKI GPS\" \/>\n<meta property=\"og:description\" content=\"Seria TFD-100 to modu\u0142owy dystrybutor czasu i cz\u0119stotliwo\u015bci o wysoko\u015bci 1U, montowany w szafie rack. Zapewnia precyzyjn\u0105 dystrybucj\u0119 dowolnej cz\u0119stotliwo\u015bci od 1PPS do 10MHz w najpopularniejszych standardach: 1PPS (TTL), IRIG-DCLS (TTL), 10MHz (TTL i Sine). Najwa\u017cniejsze cechy: Dystrybucja sygna\u0142u 1PPS (TTL) Dystrybucja 10 MHz (TTL\/sinus) Dystrybucja IRIG-DCLS (TTL) Gniazda BNC lub SMA Nadmiarowe zasilanie 230VAC lub\/i 48VDC\" \/>\n<meta property=\"og:url\" content=\"https:\/\/www.elpromaelectronics.com\/pl\/produkt\/roger-przemienniki-gps\/\" \/>\n<meta property=\"og:site_name\" content=\"Elproma\" \/>\n<meta property=\"og:image\" content=\"https:\/\/www.elpromaelectronics.com\/wp-content\/uploads\/2023\/09\/roger-gps-galileo-glonass-repeater-gnss-l1g1ga-ip67-414x304-1.png\" \/>\n\t<meta property=\"og:image:width\" content=\"400\" \/>\n\t<meta property=\"og:image:height\" content=\"208\" \/>\n\t<meta property=\"og:image:type\" content=\"image\/png\" \/>\n<meta name=\"twitter:card\" content=\"summary_large_image\" \/>\n<script type=\"application\/ld+json\" class=\"yoast-schema-graph\">{\"@context\":\"https:\/\/schema.org\",\"@graph\":[{\"@type\":\"WebPage\",\"@id\":\"https:\/\/www.elpromaelectronics.com\/pl\/produkt\/roger-przemienniki-gps\/\",\"url\":\"https:\/\/www.elpromaelectronics.com\/pl\/produkt\/roger-przemienniki-gps\/\",\"name\":\"ROGER - PRZEMIENNIKI GPS - Elproma\",\"isPartOf\":{\"@id\":\"https:\/\/www.elpromaelectronics.com\/pl\/#website\"},\"primaryImageOfPage\":{\"@id\":\"https:\/\/www.elpromaelectronics.com\/pl\/produkt\/roger-przemienniki-gps\/#primaryimage\"},\"image\":{\"@id\":\"https:\/\/www.elpromaelectronics.com\/pl\/produkt\/roger-przemienniki-gps\/#primaryimage\"},\"thumbnailUrl\":\"https:\/\/www.elpromaelectronics.com\/wp-content\/uploads\/2023\/09\/roger-gps-galileo-glonass-repeater-gnss-l1g1ga-ip67-414x304-1.png\",\"datePublished\":\"2023-05-23T11:22:13+00:00\",\"breadcrumb\":{\"@id\":\"https:\/\/www.elpromaelectronics.com\/pl\/produkt\/roger-przemienniki-gps\/#breadcrumb\"},\"inLanguage\":\"pl-PL\",\"potentialAction\":[{\"@type\":\"ReadAction\",\"target\":[\"https:\/\/www.elpromaelectronics.com\/pl\/produkt\/roger-przemienniki-gps\/\"]}]},{\"@type\":\"ImageObject\",\"inLanguage\":\"pl-PL\",\"@id\":\"https:\/\/www.elpromaelectronics.com\/pl\/produkt\/roger-przemienniki-gps\/#primaryimage\",\"url\":\"https:\/\/www.elpromaelectronics.com\/wp-content\/uploads\/2023\/09\/roger-gps-galileo-glonass-repeater-gnss-l1g1ga-ip67-414x304-1.png\",\"contentUrl\":\"https:\/\/www.elpromaelectronics.com\/wp-content\/uploads\/2023\/09\/roger-gps-galileo-glonass-repeater-gnss-l1g1ga-ip67-414x304-1.png\",\"width\":400,\"height\":208},{\"@type\":\"BreadcrumbList\",\"@id\":\"https:\/\/www.elpromaelectronics.com\/pl\/produkt\/roger-przemienniki-gps\/#breadcrumb\",\"itemListElement\":[{\"@type\":\"ListItem\",\"position\":1,\"name\":\"Home\",\"item\":\"https:\/\/www.elpromaelectronics.com\/pl\/\"},{\"@type\":\"ListItem\",\"position\":2,\"name\":\"Sklep\",\"item\":\"https:\/\/www.elpromaelectronics.com\/pl\/sklep\/\"},{\"@type\":\"ListItem\",\"position\":3,\"name\":\"ROGER &#8211; PRZEMIENNIKI GPS\"}]},{\"@type\":\"WebSite\",\"@id\":\"https:\/\/www.elpromaelectronics.com\/pl\/#website\",\"url\":\"https:\/\/www.elpromaelectronics.com\/pl\/\",\"name\":\"Elproma\",\"description\":\"\",\"publisher\":{\"@id\":\"https:\/\/www.elpromaelectronics.com\/pl\/#organization\"},\"potentialAction\":[{\"@type\":\"SearchAction\",\"target\":{\"@type\":\"EntryPoint\",\"urlTemplate\":\"https:\/\/www.elpromaelectronics.com\/pl\/?s={search_term_string}\"},\"query-input\":{\"@type\":\"PropertyValueSpecification\",\"valueRequired\":true,\"valueName\":\"search_term_string\"}}],\"inLanguage\":\"pl-PL\"},{\"@type\":\"Organization\",\"@id\":\"https:\/\/www.elpromaelectronics.com\/pl\/#organization\",\"name\":\"Elproma Elektronika Sp. z o.o.\",\"url\":\"https:\/\/www.elpromaelectronics.com\/pl\/\",\"logo\":{\"@type\":\"ImageObject\",\"inLanguage\":\"pl-PL\",\"@id\":\"https:\/\/www.elpromaelectronics.com\/pl\/#\/schema\/logo\/image\/\",\"url\":\"https:\/\/www.elpromaelectronics.com\/wp-content\/uploads\/2021\/09\/Elproma_logo.jpg\",\"contentUrl\":\"https:\/\/www.elpromaelectronics.com\/wp-content\/uploads\/2021\/09\/Elproma_logo.jpg\",\"width\":1024,\"height\":229,\"caption\":\"Elproma Elektronika Sp. z o.o.\"},\"image\":{\"@id\":\"https:\/\/www.elpromaelectronics.com\/pl\/#\/schema\/logo\/image\/\"},\"sameAs\":[\"https:\/\/www.linkedin.com\/company\/elproma-electronics\/\"]}]}<\/script>\n<!-- \/ Yoast SEO Premium plugin. -->","yoast_head_json":{"title":"ROGER - PRZEMIENNIKI GPS - Elproma","robots":{"index":"index","follow":"follow","max-snippet":"max-snippet:-1","max-image-preview":"max-image-preview:large","max-video-preview":"max-video-preview:-1"},"canonical":"https:\/\/www.elpromaelectronics.com\/pl\/produkt\/roger-przemienniki-gps\/","og_locale":"pl_PL","og_type":"article","og_title":"ROGER - PRZEMIENNIKI GPS","og_description":"Seria TFD-100 to modu\u0142owy dystrybutor czasu i cz\u0119stotliwo\u015bci o wysoko\u015bci 1U, montowany w szafie rack. Zapewnia precyzyjn\u0105 dystrybucj\u0119 dowolnej cz\u0119stotliwo\u015bci od 1PPS do 10MHz w najpopularniejszych standardach: 1PPS (TTL), IRIG-DCLS (TTL), 10MHz (TTL i Sine). Najwa\u017cniejsze cechy: Dystrybucja sygna\u0142u 1PPS (TTL) Dystrybucja 10 MHz (TTL\/sinus) Dystrybucja IRIG-DCLS (TTL) Gniazda BNC lub SMA Nadmiarowe zasilanie 230VAC lub\/i 48VDC","og_url":"https:\/\/www.elpromaelectronics.com\/pl\/produkt\/roger-przemienniki-gps\/","og_site_name":"Elproma","og_image":[{"width":400,"height":208,"url":"https:\/\/www.elpromaelectronics.com\/wp-content\/uploads\/2023\/09\/roger-gps-galileo-glonass-repeater-gnss-l1g1ga-ip67-414x304-1.png","type":"image\/png"}],"twitter_card":"summary_large_image","schema":{"@context":"https:\/\/schema.org","@graph":[{"@type":"WebPage","@id":"https:\/\/www.elpromaelectronics.com\/pl\/produkt\/roger-przemienniki-gps\/","url":"https:\/\/www.elpromaelectronics.com\/pl\/produkt\/roger-przemienniki-gps\/","name":"ROGER - PRZEMIENNIKI GPS - Elproma","isPartOf":{"@id":"https:\/\/www.elpromaelectronics.com\/pl\/#website"},"primaryImageOfPage":{"@id":"https:\/\/www.elpromaelectronics.com\/pl\/produkt\/roger-przemienniki-gps\/#primaryimage"},"image":{"@id":"https:\/\/www.elpromaelectronics.com\/pl\/produkt\/roger-przemienniki-gps\/#primaryimage"},"thumbnailUrl":"https:\/\/www.elpromaelectronics.com\/wp-content\/uploads\/2023\/09\/roger-gps-galileo-glonass-repeater-gnss-l1g1ga-ip67-414x304-1.png","datePublished":"2023-05-23T11:22:13+00:00","breadcrumb":{"@id":"https:\/\/www.elpromaelectronics.com\/pl\/produkt\/roger-przemienniki-gps\/#breadcrumb"},"inLanguage":"pl-PL","potentialAction":[{"@type":"ReadAction","target":["https:\/\/www.elpromaelectronics.com\/pl\/produkt\/roger-przemienniki-gps\/"]}]},{"@type":"ImageObject","inLanguage":"pl-PL","@id":"https:\/\/www.elpromaelectronics.com\/pl\/produkt\/roger-przemienniki-gps\/#primaryimage","url":"https:\/\/www.elpromaelectronics.com\/wp-content\/uploads\/2023\/09\/roger-gps-galileo-glonass-repeater-gnss-l1g1ga-ip67-414x304-1.png","contentUrl":"https:\/\/www.elpromaelectronics.com\/wp-content\/uploads\/2023\/09\/roger-gps-galileo-glonass-repeater-gnss-l1g1ga-ip67-414x304-1.png","width":400,"height":208},{"@type":"BreadcrumbList","@id":"https:\/\/www.elpromaelectronics.com\/pl\/produkt\/roger-przemienniki-gps\/#breadcrumb","itemListElement":[{"@type":"ListItem","position":1,"name":"Home","item":"https:\/\/www.elpromaelectronics.com\/pl\/"},{"@type":"ListItem","position":2,"name":"Sklep","item":"https:\/\/www.elpromaelectronics.com\/pl\/sklep\/"},{"@type":"ListItem","position":3,"name":"ROGER &#8211; PRZEMIENNIKI GPS"}]},{"@type":"WebSite","@id":"https:\/\/www.elpromaelectronics.com\/pl\/#website","url":"https:\/\/www.elpromaelectronics.com\/pl\/","name":"Elproma","description":"","publisher":{"@id":"https:\/\/www.elpromaelectronics.com\/pl\/#organization"},"potentialAction":[{"@type":"SearchAction","target":{"@type":"EntryPoint","urlTemplate":"https:\/\/www.elpromaelectronics.com\/pl\/?s={search_term_string}"},"query-input":{"@type":"PropertyValueSpecification","valueRequired":true,"valueName":"search_term_string"}}],"inLanguage":"pl-PL"},{"@type":"Organization","@id":"https:\/\/www.elpromaelectronics.com\/pl\/#organization","name":"Elproma Elektronika Sp. z o.o.","url":"https:\/\/www.elpromaelectronics.com\/pl\/","logo":{"@type":"ImageObject","inLanguage":"pl-PL","@id":"https:\/\/www.elpromaelectronics.com\/pl\/#\/schema\/logo\/image\/","url":"https:\/\/www.elpromaelectronics.com\/wp-content\/uploads\/2021\/09\/Elproma_logo.jpg","contentUrl":"https:\/\/www.elpromaelectronics.com\/wp-content\/uploads\/2021\/09\/Elproma_logo.jpg","width":1024,"height":229,"caption":"Elproma Elektronika Sp. z o.o."},"image":{"@id":"https:\/\/www.elpromaelectronics.com\/pl\/#\/schema\/logo\/image\/"},"sameAs":["https:\/\/www.linkedin.com\/company\/elproma-electronics\/"]}]}},"_links":{"self":[{"href":"https:\/\/www.elpromaelectronics.com\/pl\/wp-json\/wp\/v2\/product\/4209","targetHints":{"allow":["GET"]}}],"collection":[{"href":"https:\/\/www.elpromaelectronics.com\/pl\/wp-json\/wp\/v2\/product"}],"about":[{"href":"https:\/\/www.elpromaelectronics.com\/pl\/wp-json\/wp\/v2\/types\/product"}],"version-history":[{"count":0,"href":"https:\/\/www.elpromaelectronics.com\/pl\/wp-json\/wp\/v2\/product\/4209\/revisions"}],"wp:featuredmedia":[{"embeddable":true,"href":"https:\/\/www.elpromaelectronics.com\/pl\/wp-json\/wp\/v2\/media\/3413"}],"wp:attachment":[{"href":"https:\/\/www.elpromaelectronics.com\/pl\/wp-json\/wp\/v2\/media?parent=4209"}],"wp:term":[{"taxonomy":"component","embeddable":true,"href":"https:\/\/www.elpromaelectronics.com\/pl\/wp-json\/wp\/v2\/component?post=4209"},{"taxonomy":"product_brand","embeddable":true,"href":"https:\/\/www.elpromaelectronics.com\/pl\/wp-json\/wp\/v2\/product_brand?post=4209"},{"taxonomy":"product_cat","embeddable":true,"href":"https:\/\/www.elpromaelectronics.com\/pl\/wp-json\/wp\/v2\/product_cat?post=4209"},{"taxonomy":"product_tag","embeddable":true,"href":"https:\/\/www.elpromaelectronics.com\/pl\/wp-json\/wp\/v2\/product_tag?post=4209"}],"curies":[{"name":"wp","href":"https:\/\/api.w.org\/{rel}","templated":true}]}}