{"id":4220,"date":"2023-05-23T13:20:08","date_gmt":"2023-05-23T11:20:08","guid":{"rendered":"https:\/\/www.elpromaelectronics.com\/product\/pq-sense\/"},"modified":"2024-02-16T16:56:41","modified_gmt":"2024-02-16T15:56:41","slug":"pqsense-system","status":"publish","type":"product","link":"https:\/\/www.elpromaelectronics.com\/pl\/produkt\/pqsense-system\/","title":{"rendered":"PQSense system"},"content":{"rendered":"<p><strong>PQSense system<\/strong> zawiera pasywne czujniki RFID i kontroler zdolny do odbierania danych o temperaturze z czujnika i jego anteny. Antena kontrolera <strong>stale wysy\u0142a sygna\u0142 o cz\u0119stotliwo\u015bci radiowej do czujnika umieszczonego na monitorowanym elemencie<\/strong>.<\/p>\n<p>Z jednej strony <strong>cz\u0119stotliwo\u015b\u0107 radiowa przesy\u0142a energi\u0119 do zasilania czujnika, a jednocze\u015bnie, wysy\u0142aj\u0105c polecenie zawieraj\u0105ce identyfikator czujnika<\/strong>, przesy\u0142a polecenia pomiaru temperatury. Po aktywacji czujnik wysy\u0142a aktualn\u0105 temperatur\u0119 do sterownika. Ca\u0142y proces odbywa si\u0119 za pomoc\u0105 bezprzewodowej transmisji cyfrowej z kodem CRC w protokole ISO RFID, dzi\u0119ki czemu jest stabilny i niezawodny.<\/p>\n<p>Du\u017c\u0105 zalet\u0105 systemu PQSense technologii RFID jest jej pasywny tryb dzia\u0142ania. Czujniki nie wymagaj\u0105 baterii, s\u0105 wyposa\u017cone w bezprzewodowe zasilanie, bezprzewodow\u0105 transmisj\u0119 danych, d\u0142ug\u0105 \u017cywotno\u015b\u0107 i nie wymagaj\u0105 konserwacji. To sprawia, \u017ce idealnie nadaj\u0105 si\u0119 do \u015brodowisk inteligentnych sieci, w kt\u00f3rych wyst\u0119puj\u0105 wysokie napi\u0119cia lub wysokie pr\u0105dy.<\/p>\n<p>Wi\u0119cej wa\u017cnych informacji na temat komponent\u00f3w systemu monitorowania mo\u017cna znale\u017a\u0107 na naszej stronie internetowej: <a href=\"http:\/\/www.pqsense.eu\">www.pqsense.eu<\/a>.<\/p><\/p>\n","protected":false},"excerpt":{"rendered":"<p>PQSense system zawiera pasywne czujniki RFID i kontroler zdolny do odbierania danych o temperaturze z czujnika i jego anteny. Antena kontrolera stale wysy\u0142a sygna\u0142 o cz\u0119stotliwo\u015bci radiowej do czujnika umieszczonego na monitorowanym elemencie. Z jednej strony cz\u0119stotliwo\u015b\u0107 radiowa przesy\u0142a energi\u0119 do zasilania czujnika, a jednocze\u015bnie, wysy\u0142aj\u0105c polecenie zawieraj\u0105ce identyfikator czujnika, przesy\u0142a polecenia pomiaru temperatury. Po aktywacji czujnik wysy\u0142a aktualn\u0105 temperatur\u0119\u2026<\/p>\n","protected":false},"featured_media":4003,"template":"","meta":{"_acf_changed":false,"_themeisle_gutenberg_block_has_review":false},"component":[],"product_brand":[],"product_cat":[223],"product_tag":[255,254,253,256,257],"class_list":{"0":"post-4220","1":"product","2":"type-product","3":"status-publish","4":"has-post-thumbnail","6":"product_cat-telemetry-pl","7":"product_tag-czujniki","8":"product_tag-czujniki-rfid","9":"product_tag-monitoring-pl","10":"product_tag-powersubstations-pl","11":"product_tag-temperatura","13":"first","14":"instock","15":"downloadable","16":"shipping-taxable","17":"product-type-simple"},"acf":[],"yoast_head":"<!-- This site is optimized with the Yoast SEO Premium plugin v23.0 (Yoast SEO v24.5) - https:\/\/yoast.com\/wordpress\/plugins\/seo\/ -->\n<title>PQSense system - Elproma<\/title>\n<meta name=\"description\" content=\"PQSense system czujnik\u00f3w RFID, elementy energetyczne monitoruj\u0105ce temperatur\u0119, kontroler zdolny do odbierania danych o temperaturze z czujnika i jego anteny\" \/>\n<meta name=\"robots\" content=\"index, follow, max-snippet:-1, max-image-preview:large, max-video-preview:-1\" \/>\n<link rel=\"canonical\" href=\"https:\/\/www.elpromaelectronics.com\/pl\/produkt\/pqsense-system\/\" \/>\n<meta property=\"og:locale\" content=\"pl_PL\" \/>\n<meta property=\"og:type\" content=\"article\" \/>\n<meta property=\"og:title\" content=\"PQSense system\" \/>\n<meta property=\"og:description\" content=\"PQSense system czujnik\u00f3w RFID, elementy energetyczne monitoruj\u0105ce temperatur\u0119, kontroler zdolny do odbierania danych o temperaturze z czujnika i jego anteny\" \/>\n<meta property=\"og:url\" content=\"https:\/\/www.elpromaelectronics.com\/pl\/produkt\/pqsense-system\/\" \/>\n<meta property=\"og:site_name\" content=\"Elproma\" \/>\n<meta property=\"article:modified_time\" content=\"2024-02-16T15:56:41+00:00\" \/>\n<meta property=\"og:image\" content=\"https:\/\/www.elpromaelectronics.com\/wp-content\/uploads\/2023\/05\/pq-sense.jpg\" \/>\n\t<meta property=\"og:image:width\" content=\"800\" \/>\n\t<meta property=\"og:image:height\" content=\"800\" \/>\n\t<meta property=\"og:image:type\" content=\"image\/jpeg\" \/>\n<meta name=\"twitter:card\" content=\"summary_large_image\" \/>\n<script type=\"application\/ld+json\" class=\"yoast-schema-graph\">{\"@context\":\"https:\/\/schema.org\",\"@graph\":[{\"@type\":\"WebPage\",\"@id\":\"https:\/\/www.elpromaelectronics.com\/pl\/produkt\/pqsense-system\/\",\"url\":\"https:\/\/www.elpromaelectronics.com\/pl\/produkt\/pqsense-system\/\",\"name\":\"PQSense system - Elproma\",\"isPartOf\":{\"@id\":\"https:\/\/www.elpromaelectronics.com\/pl\/#website\"},\"primaryImageOfPage\":{\"@id\":\"https:\/\/www.elpromaelectronics.com\/pl\/produkt\/pqsense-system\/#primaryimage\"},\"image\":{\"@id\":\"https:\/\/www.elpromaelectronics.com\/pl\/produkt\/pqsense-system\/#primaryimage\"},\"thumbnailUrl\":\"https:\/\/www.elpromaelectronics.com\/wp-content\/uploads\/2023\/05\/pq-sense.jpg\",\"datePublished\":\"2023-05-23T11:20:08+00:00\",\"dateModified\":\"2024-02-16T15:56:41+00:00\",\"description\":\"PQSense system czujnik\u00f3w RFID, elementy energetyczne monitoruj\u0105ce temperatur\u0119, kontroler zdolny do odbierania danych o temperaturze z czujnika i jego anteny\",\"breadcrumb\":{\"@id\":\"https:\/\/www.elpromaelectronics.com\/pl\/produkt\/pqsense-system\/#breadcrumb\"},\"inLanguage\":\"pl-PL\",\"potentialAction\":[{\"@type\":\"ReadAction\",\"target\":[\"https:\/\/www.elpromaelectronics.com\/pl\/produkt\/pqsense-system\/\"]}]},{\"@type\":\"ImageObject\",\"inLanguage\":\"pl-PL\",\"@id\":\"https:\/\/www.elpromaelectronics.com\/pl\/produkt\/pqsense-system\/#primaryimage\",\"url\":\"https:\/\/www.elpromaelectronics.com\/wp-content\/uploads\/2023\/05\/pq-sense.jpg\",\"contentUrl\":\"https:\/\/www.elpromaelectronics.com\/wp-content\/uploads\/2023\/05\/pq-sense.jpg\",\"width\":800,\"height\":800,\"caption\":\"PQSense system\"},{\"@type\":\"BreadcrumbList\",\"@id\":\"https:\/\/www.elpromaelectronics.com\/pl\/produkt\/pqsense-system\/#breadcrumb\",\"itemListElement\":[{\"@type\":\"ListItem\",\"position\":1,\"name\":\"Home\",\"item\":\"https:\/\/www.elpromaelectronics.com\/pl\/\"},{\"@type\":\"ListItem\",\"position\":2,\"name\":\"Sklep\",\"item\":\"https:\/\/www.elpromaelectronics.com\/pl\/sklep\/\"},{\"@type\":\"ListItem\",\"position\":3,\"name\":\"PQSense system\"}]},{\"@type\":\"WebSite\",\"@id\":\"https:\/\/www.elpromaelectronics.com\/pl\/#website\",\"url\":\"https:\/\/www.elpromaelectronics.com\/pl\/\",\"name\":\"Elproma\",\"description\":\"\",\"publisher\":{\"@id\":\"https:\/\/www.elpromaelectronics.com\/pl\/#organization\"},\"potentialAction\":[{\"@type\":\"SearchAction\",\"target\":{\"@type\":\"EntryPoint\",\"urlTemplate\":\"https:\/\/www.elpromaelectronics.com\/pl\/?s={search_term_string}\"},\"query-input\":{\"@type\":\"PropertyValueSpecification\",\"valueRequired\":true,\"valueName\":\"search_term_string\"}}],\"inLanguage\":\"pl-PL\"},{\"@type\":\"Organization\",\"@id\":\"https:\/\/www.elpromaelectronics.com\/pl\/#organization\",\"name\":\"Elproma Elektronika Sp. z o.o.\",\"url\":\"https:\/\/www.elpromaelectronics.com\/pl\/\",\"logo\":{\"@type\":\"ImageObject\",\"inLanguage\":\"pl-PL\",\"@id\":\"https:\/\/www.elpromaelectronics.com\/pl\/#\/schema\/logo\/image\/\",\"url\":\"https:\/\/www.elpromaelectronics.com\/wp-content\/uploads\/2021\/09\/Elproma_logo.jpg\",\"contentUrl\":\"https:\/\/www.elpromaelectronics.com\/wp-content\/uploads\/2021\/09\/Elproma_logo.jpg\",\"width\":1024,\"height\":229,\"caption\":\"Elproma Elektronika Sp. z o.o.\"},\"image\":{\"@id\":\"https:\/\/www.elpromaelectronics.com\/pl\/#\/schema\/logo\/image\/\"},\"sameAs\":[\"https:\/\/www.linkedin.com\/company\/elproma-electronics\/\"]}]}<\/script>\n<!-- \/ Yoast SEO Premium plugin. -->","yoast_head_json":{"title":"PQSense system - Elproma","description":"PQSense system czujnik\u00f3w RFID, elementy energetyczne monitoruj\u0105ce temperatur\u0119, kontroler zdolny do odbierania danych o temperaturze z czujnika i jego anteny","robots":{"index":"index","follow":"follow","max-snippet":"max-snippet:-1","max-image-preview":"max-image-preview:large","max-video-preview":"max-video-preview:-1"},"canonical":"https:\/\/www.elpromaelectronics.com\/pl\/produkt\/pqsense-system\/","og_locale":"pl_PL","og_type":"article","og_title":"PQSense system","og_description":"PQSense system czujnik\u00f3w RFID, elementy energetyczne monitoruj\u0105ce temperatur\u0119, kontroler zdolny do odbierania danych o temperaturze z czujnika i jego anteny","og_url":"https:\/\/www.elpromaelectronics.com\/pl\/produkt\/pqsense-system\/","og_site_name":"Elproma","article_modified_time":"2024-02-16T15:56:41+00:00","og_image":[{"width":800,"height":800,"url":"https:\/\/www.elpromaelectronics.com\/wp-content\/uploads\/2023\/05\/pq-sense.jpg","type":"image\/jpeg"}],"twitter_card":"summary_large_image","schema":{"@context":"https:\/\/schema.org","@graph":[{"@type":"WebPage","@id":"https:\/\/www.elpromaelectronics.com\/pl\/produkt\/pqsense-system\/","url":"https:\/\/www.elpromaelectronics.com\/pl\/produkt\/pqsense-system\/","name":"PQSense system - Elproma","isPartOf":{"@id":"https:\/\/www.elpromaelectronics.com\/pl\/#website"},"primaryImageOfPage":{"@id":"https:\/\/www.elpromaelectronics.com\/pl\/produkt\/pqsense-system\/#primaryimage"},"image":{"@id":"https:\/\/www.elpromaelectronics.com\/pl\/produkt\/pqsense-system\/#primaryimage"},"thumbnailUrl":"https:\/\/www.elpromaelectronics.com\/wp-content\/uploads\/2023\/05\/pq-sense.jpg","datePublished":"2023-05-23T11:20:08+00:00","dateModified":"2024-02-16T15:56:41+00:00","description":"PQSense system czujnik\u00f3w RFID, elementy energetyczne monitoruj\u0105ce temperatur\u0119, kontroler zdolny do odbierania danych o temperaturze z czujnika i jego anteny","breadcrumb":{"@id":"https:\/\/www.elpromaelectronics.com\/pl\/produkt\/pqsense-system\/#breadcrumb"},"inLanguage":"pl-PL","potentialAction":[{"@type":"ReadAction","target":["https:\/\/www.elpromaelectronics.com\/pl\/produkt\/pqsense-system\/"]}]},{"@type":"ImageObject","inLanguage":"pl-PL","@id":"https:\/\/www.elpromaelectronics.com\/pl\/produkt\/pqsense-system\/#primaryimage","url":"https:\/\/www.elpromaelectronics.com\/wp-content\/uploads\/2023\/05\/pq-sense.jpg","contentUrl":"https:\/\/www.elpromaelectronics.com\/wp-content\/uploads\/2023\/05\/pq-sense.jpg","width":800,"height":800,"caption":"PQSense system"},{"@type":"BreadcrumbList","@id":"https:\/\/www.elpromaelectronics.com\/pl\/produkt\/pqsense-system\/#breadcrumb","itemListElement":[{"@type":"ListItem","position":1,"name":"Home","item":"https:\/\/www.elpromaelectronics.com\/pl\/"},{"@type":"ListItem","position":2,"name":"Sklep","item":"https:\/\/www.elpromaelectronics.com\/pl\/sklep\/"},{"@type":"ListItem","position":3,"name":"PQSense system"}]},{"@type":"WebSite","@id":"https:\/\/www.elpromaelectronics.com\/pl\/#website","url":"https:\/\/www.elpromaelectronics.com\/pl\/","name":"Elproma","description":"","publisher":{"@id":"https:\/\/www.elpromaelectronics.com\/pl\/#organization"},"potentialAction":[{"@type":"SearchAction","target":{"@type":"EntryPoint","urlTemplate":"https:\/\/www.elpromaelectronics.com\/pl\/?s={search_term_string}"},"query-input":{"@type":"PropertyValueSpecification","valueRequired":true,"valueName":"search_term_string"}}],"inLanguage":"pl-PL"},{"@type":"Organization","@id":"https:\/\/www.elpromaelectronics.com\/pl\/#organization","name":"Elproma Elektronika Sp. z o.o.","url":"https:\/\/www.elpromaelectronics.com\/pl\/","logo":{"@type":"ImageObject","inLanguage":"pl-PL","@id":"https:\/\/www.elpromaelectronics.com\/pl\/#\/schema\/logo\/image\/","url":"https:\/\/www.elpromaelectronics.com\/wp-content\/uploads\/2021\/09\/Elproma_logo.jpg","contentUrl":"https:\/\/www.elpromaelectronics.com\/wp-content\/uploads\/2021\/09\/Elproma_logo.jpg","width":1024,"height":229,"caption":"Elproma Elektronika Sp. z o.o."},"image":{"@id":"https:\/\/www.elpromaelectronics.com\/pl\/#\/schema\/logo\/image\/"},"sameAs":["https:\/\/www.linkedin.com\/company\/elproma-electronics\/"]}]}},"_links":{"self":[{"href":"https:\/\/www.elpromaelectronics.com\/pl\/wp-json\/wp\/v2\/product\/4220","targetHints":{"allow":["GET"]}}],"collection":[{"href":"https:\/\/www.elpromaelectronics.com\/pl\/wp-json\/wp\/v2\/product"}],"about":[{"href":"https:\/\/www.elpromaelectronics.com\/pl\/wp-json\/wp\/v2\/types\/product"}],"version-history":[{"count":7,"href":"https:\/\/www.elpromaelectronics.com\/pl\/wp-json\/wp\/v2\/product\/4220\/revisions"}],"predecessor-version":[{"id":4463,"href":"https:\/\/www.elpromaelectronics.com\/pl\/wp-json\/wp\/v2\/product\/4220\/revisions\/4463"}],"wp:featuredmedia":[{"embeddable":true,"href":"https:\/\/www.elpromaelectronics.com\/pl\/wp-json\/wp\/v2\/media\/4003"}],"wp:attachment":[{"href":"https:\/\/www.elpromaelectronics.com\/pl\/wp-json\/wp\/v2\/media?parent=4220"}],"wp:term":[{"taxonomy":"component","embeddable":true,"href":"https:\/\/www.elpromaelectronics.com\/pl\/wp-json\/wp\/v2\/component?post=4220"},{"taxonomy":"product_brand","embeddable":true,"href":"https:\/\/www.elpromaelectronics.com\/pl\/wp-json\/wp\/v2\/product_brand?post=4220"},{"taxonomy":"product_cat","embeddable":true,"href":"https:\/\/www.elpromaelectronics.com\/pl\/wp-json\/wp\/v2\/product_cat?post=4220"},{"taxonomy":"product_tag","embeddable":true,"href":"https:\/\/www.elpromaelectronics.com\/pl\/wp-json\/wp\/v2\/product_tag?post=4220"}],"curies":[{"name":"wp","href":"https:\/\/api.w.org\/{rel}","templated":true}]}}