{"id":4221,"date":"2023-05-17T11:23:48","date_gmt":"2023-05-17T09:23:48","guid":{"rendered":"https:\/\/www.elpromaelectronics.com\/product\/nts-4000\/"},"modified":"2025-08-26T16:08:22","modified_gmt":"2025-08-26T14:08:22","slug":"nts-4000","status":"publish","type":"product","link":"https:\/\/www.elpromaelectronics.com\/pl\/produkt\/nts-4000\/","title":{"rendered":"NTS-4000"},"content":{"rendered":"<p><strong>NTS-4000<\/strong> to zegar grandmaster IEEE1588, serwer czasu NTP stratum1 i urz\u0105dzenie sieciowe klasy zegara PRTC-A. Standard. obs\u0142uguje podtrzymanie <strong>HQ OCXO <\/strong>. LAN1-2 obs\u0142uguje 1x 100 Mb\/s RJ45 i 2x 1 Gb\/s SFP.<br \/>\nDodatkowa opcja 2x 1 Gb\/s SFP jest dost\u0119pna na tylnym panelu.<br \/>\nKarta NIC ma <strong>w\u0142asny prywatny <\/strong>stos <strong>PTP <\/strong>przechowywany wewn\u0105trz <strong>prywatnego uk\u0142adu FPGA<\/strong>. Takie podej\u015bcie zapewnia najlepsze <strong>cyberbezpiecze\u0144stwo <\/strong>i wysok\u0105 stabilno\u015b\u0107 synchronizacji. Serwer obs\u0142uguje 2 x redundantne odbiorniki GNSS i 2 x redundantne zasilacze. Wej\u015bcia\/wyj\u015bcia synchronizacji to: PPS, 10MHz, IRIG-B, ToD. To urz\u0105dzenie jest odpowiednie do obs\u0142ugi infrastruktury krytycznej. Ten serwer czasu obs\u0142uguje oba protoko\u0142y: NTP PTP.<\/p>\n","protected":false},"excerpt":{"rendered":"<ul>\n<li>Serwer czasu NTP STRATUM1<\/li>\n<li>IEEE1588 PTP &amp; NTP<\/li>\n<li>1x 100 Mb\/s RJ45 na panelu przednim<\/li>\n<li>2x 1 Gb\/s SFP na panelu tylnym<\/li>\n<li>Holdover HQ OCXO<\/li>\n<li>2x redundantne wej\u015bcia odbiornika GNSS ANT1&amp;2.<\/li>\n<\/ul>\n","protected":false},"featured_media":5471,"template":"","meta":{"_acf_changed":false,"_themeisle_gutenberg_block_has_review":false},"component":[],"product_brand":[],"product_cat":[231],"product_tag":[248,232,250,251,246],"class_list":{"0":"post-4221","1":"product","2":"type-product","3":"status-publish","4":"has-post-thumbnail","6":"product_cat-elproma-time-pl","7":"product_tag-banki-i-gieldy-papierow-wartosciowych","8":"product_tag-cyberbezpieczenstwo","9":"product_tag-infrastruktura-krytyczna","10":"product_tag-rzad","11":"product_tag-uzytecznosc-energetyczna-inteligentna-siec","13":"first","14":"instock","15":"downloadable","16":"shipping-taxable","17":"product-type-simple"},"acf":[],"yoast_head":"<!-- This site is optimized with the Yoast SEO Premium plugin v23.0 (Yoast SEO v24.5) - https:\/\/yoast.com\/wordpress\/plugins\/seo\/ -->\n<title>NTS-4000 - Elproma<\/title>\n<meta name=\"description\" content=\"NTS-4000 to zegar grandmaster IEEE1588, serwer czasu NTP stratum1 i urz\u0105dzenie sieciowe klasy zegara PRTC-A. Standard. obs\u0142uguje podtrzymanie HQ OCXO.\" \/>\n<meta name=\"robots\" content=\"index, follow, max-snippet:-1, max-image-preview:large, max-video-preview:-1\" \/>\n<link rel=\"canonical\" href=\"https:\/\/www.elpromaelectronics.com\/pl\/produkt\/nts-4000\/\" \/>\n<meta property=\"og:locale\" content=\"pl_PL\" \/>\n<meta property=\"og:type\" content=\"article\" \/>\n<meta property=\"og:title\" content=\"NTS-4000\" \/>\n<meta property=\"og:description\" content=\"NTS-4000 to zegar grandmaster IEEE1588, serwer czasu NTP stratum1 i urz\u0105dzenie sieciowe klasy zegara PRTC-A. Standard. obs\u0142uguje podtrzymanie HQ OCXO.\" \/>\n<meta property=\"og:url\" content=\"https:\/\/www.elpromaelectronics.com\/pl\/produkt\/nts-4000\/\" \/>\n<meta property=\"og:site_name\" content=\"Elproma\" \/>\n<meta property=\"article:modified_time\" content=\"2025-08-26T14:08:22+00:00\" \/>\n<meta property=\"og:image\" content=\"https:\/\/www.elpromaelectronics.com\/wp-content\/uploads\/2023\/05\/NTS-4000.1U_www-scaled.jpg\" \/>\n\t<meta property=\"og:image:width\" content=\"2560\" \/>\n\t<meta property=\"og:image:height\" content=\"476\" \/>\n\t<meta property=\"og:image:type\" content=\"image\/jpeg\" \/>\n<meta name=\"twitter:card\" content=\"summary_large_image\" \/>\n<meta name=\"twitter:label1\" content=\"Szacowany czas czytania\" \/>\n\t<meta name=\"twitter:data1\" content=\"1 minuta\" \/>\n<script type=\"application\/ld+json\" class=\"yoast-schema-graph\">{\"@context\":\"https:\/\/schema.org\",\"@graph\":[{\"@type\":\"WebPage\",\"@id\":\"https:\/\/www.elpromaelectronics.com\/pl\/produkt\/nts-4000\/\",\"url\":\"https:\/\/www.elpromaelectronics.com\/pl\/produkt\/nts-4000\/\",\"name\":\"NTS-4000 - Elproma\",\"isPartOf\":{\"@id\":\"https:\/\/www.elpromaelectronics.com\/pl\/#website\"},\"primaryImageOfPage\":{\"@id\":\"https:\/\/www.elpromaelectronics.com\/pl\/produkt\/nts-4000\/#primaryimage\"},\"image\":{\"@id\":\"https:\/\/www.elpromaelectronics.com\/pl\/produkt\/nts-4000\/#primaryimage\"},\"thumbnailUrl\":\"https:\/\/www.elpromaelectronics.com\/wp-content\/uploads\/2023\/05\/NTS-4000.1U_www-scaled.jpg\",\"datePublished\":\"2023-05-17T09:23:48+00:00\",\"dateModified\":\"2025-08-26T14:08:22+00:00\",\"description\":\"NTS-4000 to zegar grandmaster IEEE1588, serwer czasu NTP stratum1 i urz\u0105dzenie sieciowe klasy zegara PRTC-A. Standard. obs\u0142uguje podtrzymanie HQ OCXO.\",\"breadcrumb\":{\"@id\":\"https:\/\/www.elpromaelectronics.com\/pl\/produkt\/nts-4000\/#breadcrumb\"},\"inLanguage\":\"pl-PL\",\"potentialAction\":[{\"@type\":\"ReadAction\",\"target\":[\"https:\/\/www.elpromaelectronics.com\/pl\/produkt\/nts-4000\/\"]}]},{\"@type\":\"ImageObject\",\"inLanguage\":\"pl-PL\",\"@id\":\"https:\/\/www.elpromaelectronics.com\/pl\/produkt\/nts-4000\/#primaryimage\",\"url\":\"https:\/\/www.elpromaelectronics.com\/wp-content\/uploads\/2023\/05\/NTS-4000.1U_www-scaled.jpg\",\"contentUrl\":\"https:\/\/www.elpromaelectronics.com\/wp-content\/uploads\/2023\/05\/NTS-4000.1U_www-scaled.jpg\",\"width\":2560,\"height\":476,\"caption\":\"NTS-4000 time server\"},{\"@type\":\"BreadcrumbList\",\"@id\":\"https:\/\/www.elpromaelectronics.com\/pl\/produkt\/nts-4000\/#breadcrumb\",\"itemListElement\":[{\"@type\":\"ListItem\",\"position\":1,\"name\":\"Home\",\"item\":\"https:\/\/www.elpromaelectronics.com\/pl\/\"},{\"@type\":\"ListItem\",\"position\":2,\"name\":\"Sklep\",\"item\":\"https:\/\/www.elpromaelectronics.com\/pl\/sklep\/\"},{\"@type\":\"ListItem\",\"position\":3,\"name\":\"NTS-4000\"}]},{\"@type\":\"WebSite\",\"@id\":\"https:\/\/www.elpromaelectronics.com\/pl\/#website\",\"url\":\"https:\/\/www.elpromaelectronics.com\/pl\/\",\"name\":\"Elproma\",\"description\":\"\",\"publisher\":{\"@id\":\"https:\/\/www.elpromaelectronics.com\/pl\/#organization\"},\"potentialAction\":[{\"@type\":\"SearchAction\",\"target\":{\"@type\":\"EntryPoint\",\"urlTemplate\":\"https:\/\/www.elpromaelectronics.com\/pl\/?s={search_term_string}\"},\"query-input\":{\"@type\":\"PropertyValueSpecification\",\"valueRequired\":true,\"valueName\":\"search_term_string\"}}],\"inLanguage\":\"pl-PL\"},{\"@type\":\"Organization\",\"@id\":\"https:\/\/www.elpromaelectronics.com\/pl\/#organization\",\"name\":\"Elproma Elektronika Sp. z o.o.\",\"url\":\"https:\/\/www.elpromaelectronics.com\/pl\/\",\"logo\":{\"@type\":\"ImageObject\",\"inLanguage\":\"pl-PL\",\"@id\":\"https:\/\/www.elpromaelectronics.com\/pl\/#\/schema\/logo\/image\/\",\"url\":\"https:\/\/www.elpromaelectronics.com\/wp-content\/uploads\/2021\/09\/Elproma_logo.jpg\",\"contentUrl\":\"https:\/\/www.elpromaelectronics.com\/wp-content\/uploads\/2021\/09\/Elproma_logo.jpg\",\"width\":1024,\"height\":229,\"caption\":\"Elproma Elektronika Sp. z o.o.\"},\"image\":{\"@id\":\"https:\/\/www.elpromaelectronics.com\/pl\/#\/schema\/logo\/image\/\"},\"sameAs\":[\"https:\/\/www.linkedin.com\/company\/elproma-electronics\/\"]}]}<\/script>\n<!-- \/ Yoast SEO Premium plugin. -->","yoast_head_json":{"title":"NTS-4000 - Elproma","description":"NTS-4000 to zegar grandmaster IEEE1588, serwer czasu NTP stratum1 i urz\u0105dzenie sieciowe klasy zegara PRTC-A. Standard. obs\u0142uguje podtrzymanie HQ OCXO.","robots":{"index":"index","follow":"follow","max-snippet":"max-snippet:-1","max-image-preview":"max-image-preview:large","max-video-preview":"max-video-preview:-1"},"canonical":"https:\/\/www.elpromaelectronics.com\/pl\/produkt\/nts-4000\/","og_locale":"pl_PL","og_type":"article","og_title":"NTS-4000","og_description":"NTS-4000 to zegar grandmaster IEEE1588, serwer czasu NTP stratum1 i urz\u0105dzenie sieciowe klasy zegara PRTC-A. Standard. obs\u0142uguje podtrzymanie HQ OCXO.","og_url":"https:\/\/www.elpromaelectronics.com\/pl\/produkt\/nts-4000\/","og_site_name":"Elproma","article_modified_time":"2025-08-26T14:08:22+00:00","og_image":[{"width":2560,"height":476,"url":"https:\/\/www.elpromaelectronics.com\/wp-content\/uploads\/2023\/05\/NTS-4000.1U_www-scaled.jpg","type":"image\/jpeg"}],"twitter_card":"summary_large_image","twitter_misc":{"Szacowany czas czytania":"1 minuta"},"schema":{"@context":"https:\/\/schema.org","@graph":[{"@type":"WebPage","@id":"https:\/\/www.elpromaelectronics.com\/pl\/produkt\/nts-4000\/","url":"https:\/\/www.elpromaelectronics.com\/pl\/produkt\/nts-4000\/","name":"NTS-4000 - Elproma","isPartOf":{"@id":"https:\/\/www.elpromaelectronics.com\/pl\/#website"},"primaryImageOfPage":{"@id":"https:\/\/www.elpromaelectronics.com\/pl\/produkt\/nts-4000\/#primaryimage"},"image":{"@id":"https:\/\/www.elpromaelectronics.com\/pl\/produkt\/nts-4000\/#primaryimage"},"thumbnailUrl":"https:\/\/www.elpromaelectronics.com\/wp-content\/uploads\/2023\/05\/NTS-4000.1U_www-scaled.jpg","datePublished":"2023-05-17T09:23:48+00:00","dateModified":"2025-08-26T14:08:22+00:00","description":"NTS-4000 to zegar grandmaster IEEE1588, serwer czasu NTP stratum1 i urz\u0105dzenie sieciowe klasy zegara PRTC-A. Standard. obs\u0142uguje podtrzymanie HQ OCXO.","breadcrumb":{"@id":"https:\/\/www.elpromaelectronics.com\/pl\/produkt\/nts-4000\/#breadcrumb"},"inLanguage":"pl-PL","potentialAction":[{"@type":"ReadAction","target":["https:\/\/www.elpromaelectronics.com\/pl\/produkt\/nts-4000\/"]}]},{"@type":"ImageObject","inLanguage":"pl-PL","@id":"https:\/\/www.elpromaelectronics.com\/pl\/produkt\/nts-4000\/#primaryimage","url":"https:\/\/www.elpromaelectronics.com\/wp-content\/uploads\/2023\/05\/NTS-4000.1U_www-scaled.jpg","contentUrl":"https:\/\/www.elpromaelectronics.com\/wp-content\/uploads\/2023\/05\/NTS-4000.1U_www-scaled.jpg","width":2560,"height":476,"caption":"NTS-4000 time server"},{"@type":"BreadcrumbList","@id":"https:\/\/www.elpromaelectronics.com\/pl\/produkt\/nts-4000\/#breadcrumb","itemListElement":[{"@type":"ListItem","position":1,"name":"Home","item":"https:\/\/www.elpromaelectronics.com\/pl\/"},{"@type":"ListItem","position":2,"name":"Sklep","item":"https:\/\/www.elpromaelectronics.com\/pl\/sklep\/"},{"@type":"ListItem","position":3,"name":"NTS-4000"}]},{"@type":"WebSite","@id":"https:\/\/www.elpromaelectronics.com\/pl\/#website","url":"https:\/\/www.elpromaelectronics.com\/pl\/","name":"Elproma","description":"","publisher":{"@id":"https:\/\/www.elpromaelectronics.com\/pl\/#organization"},"potentialAction":[{"@type":"SearchAction","target":{"@type":"EntryPoint","urlTemplate":"https:\/\/www.elpromaelectronics.com\/pl\/?s={search_term_string}"},"query-input":{"@type":"PropertyValueSpecification","valueRequired":true,"valueName":"search_term_string"}}],"inLanguage":"pl-PL"},{"@type":"Organization","@id":"https:\/\/www.elpromaelectronics.com\/pl\/#organization","name":"Elproma Elektronika Sp. z o.o.","url":"https:\/\/www.elpromaelectronics.com\/pl\/","logo":{"@type":"ImageObject","inLanguage":"pl-PL","@id":"https:\/\/www.elpromaelectronics.com\/pl\/#\/schema\/logo\/image\/","url":"https:\/\/www.elpromaelectronics.com\/wp-content\/uploads\/2021\/09\/Elproma_logo.jpg","contentUrl":"https:\/\/www.elpromaelectronics.com\/wp-content\/uploads\/2021\/09\/Elproma_logo.jpg","width":1024,"height":229,"caption":"Elproma Elektronika Sp. z o.o."},"image":{"@id":"https:\/\/www.elpromaelectronics.com\/pl\/#\/schema\/logo\/image\/"},"sameAs":["https:\/\/www.linkedin.com\/company\/elproma-electronics\/"]}]}},"_links":{"self":[{"href":"https:\/\/www.elpromaelectronics.com\/pl\/wp-json\/wp\/v2\/product\/4221","targetHints":{"allow":["GET"]}}],"collection":[{"href":"https:\/\/www.elpromaelectronics.com\/pl\/wp-json\/wp\/v2\/product"}],"about":[{"href":"https:\/\/www.elpromaelectronics.com\/pl\/wp-json\/wp\/v2\/types\/product"}],"version-history":[{"count":6,"href":"https:\/\/www.elpromaelectronics.com\/pl\/wp-json\/wp\/v2\/product\/4221\/revisions"}],"predecessor-version":[{"id":6318,"href":"https:\/\/www.elpromaelectronics.com\/pl\/wp-json\/wp\/v2\/product\/4221\/revisions\/6318"}],"wp:featuredmedia":[{"embeddable":true,"href":"https:\/\/www.elpromaelectronics.com\/pl\/wp-json\/wp\/v2\/media\/5471"}],"wp:attachment":[{"href":"https:\/\/www.elpromaelectronics.com\/pl\/wp-json\/wp\/v2\/media?parent=4221"}],"wp:term":[{"taxonomy":"component","embeddable":true,"href":"https:\/\/www.elpromaelectronics.com\/pl\/wp-json\/wp\/v2\/component?post=4221"},{"taxonomy":"product_brand","embeddable":true,"href":"https:\/\/www.elpromaelectronics.com\/pl\/wp-json\/wp\/v2\/product_brand?post=4221"},{"taxonomy":"product_cat","embeddable":true,"href":"https:\/\/www.elpromaelectronics.com\/pl\/wp-json\/wp\/v2\/product_cat?post=4221"},{"taxonomy":"product_tag","embeddable":true,"href":"https:\/\/www.elpromaelectronics.com\/pl\/wp-json\/wp\/v2\/product_tag?post=4221"}],"curies":[{"name":"wp","href":"https:\/\/api.w.org\/{rel}","templated":true}]}}