{"id":4222,"date":"2023-05-23T13:19:46","date_gmt":"2023-05-23T11:19:46","guid":{"rendered":"https:\/\/www.elpromaelectronics.com\/product\/rb900l3\/"},"modified":"2024-02-16T16:31:50","modified_gmt":"2024-02-16T15:31:50","slug":"terminal-rb900l3","status":"publish","type":"product","link":"https:\/\/www.elpromaelectronics.com\/pl\/produkt\/terminal-rb900l3\/","title":{"rendered":"RB900L3"},"content":{"rendered":"<p><strong>Terminal RB900L3<\/strong> to kompletne rozwi\u0105zanie modemowe dla <strong>bezprzewodowych aplikacji <a href=\"https:\/\/en.wikipedia.org\/wiki\/Machine_to_machine\">m2m<\/a><\/strong>. Oparty na wysokiej jako\u015bci <a href=\"https:\/\/www.elpromaelectronics.com\/pl\/moduly\/\">module<\/a>, oferuje <strong>wysoki poziom<\/strong> funkcji <strong>LTE<\/strong> w kompaktowej aluminiowej obudowie ze wszystkimi standardowymi interfejsami. Wraz z niewielkimi rozmiarami i szerokim zakresem napi\u0119cia zasilania, u\u0142atwia integracj\u0119 z wszelkiego rodzaju maszynami.<\/p>\n<p>Terminal RB900L3 umo\u017cliwiaj\u0105cy szybk\u0105<strong> transmisj\u0119 danych, wysy\u0142anie wiadomo\u015bci e-mail SMS, komunikacj\u0119 TCP\/UDP\/PPP<\/strong> jest uniwersalnym rozwi\u0105zaniem dla wszystkich niskonak\u0142adowych aplikacji M2M i mobilnych aplikacji danych, w tym pomiar\u00f3w, system\u00f3w ruchu, transportu i logistyki, bezpiecze\u0144stwa, automat\u00f3w sprzedaj\u0105cych i zarz\u0105dzania obiektami.<\/p>\n<p>Urz\u0105dzenie mo\u017ce by\u0107 sterowane za pomoc\u0105 standardowych komend AT, dzi\u0119ki czemu jest najmniejsz\u0105, kompletn\u0105 platform\u0105 SMT dla rozwi\u0105za\u0144 M2M.<\/p>\n","protected":false},"excerpt":{"rendered":"<p>Terminal RB900L3 to kompletne rozwi\u0105zanie modemowe dla bezprzewodowych aplikacji m2m. Oparty na wysokiej jako\u015bci module, oferuje wysoki poziom funkcji LTE w kompaktowej aluminiowej obudowie ze wszystkimi standardowymi interfejsami. Wraz z niewielkimi rozmiarami i szerokim zakresem napi\u0119cia zasilania, u\u0142atwia integracj\u0119 z wszelkiego rodzaju maszynami. Terminal RB900L3 umo\u017cliwiaj\u0105cy szybk\u0105 transmisj\u0119 danych, wysy\u0142anie wiadomo\u015bci e-mail SMS, komunikacj\u0119 TCP\/UDP\/PPP jest uniwersalnym rozwi\u0105zaniem dla wszystkich\u2026<\/p>\n","protected":false},"featured_media":4000,"template":"","meta":{"_acf_changed":false,"_themeisle_gutenberg_block_has_review":false},"component":[],"product_brand":[],"product_cat":[223],"product_tag":[237,265,259,260,263,238,261,264,262],"class_list":{"0":"post-4222","1":"product","2":"type-product","3":"status-publish","4":"has-post-thumbnail","6":"product_cat-telemetry-pl","7":"product_tag-automatyzacja-przemyslu","8":"product_tag-elektromechanika","9":"product_tag-informacje-drogowe","10":"product_tag-inteligentne-miasto","11":"product_tag-rolnictwo","12":"product_tag-stacje-pogodowe","13":"product_tag-systemy-fotowoltaiczne","14":"product_tag-teleinformatyka","15":"product_tag-telekomunikacja","17":"first","18":"instock","19":"downloadable","20":"shipping-taxable","21":"product-type-simple"},"acf":[],"yoast_head":"<!-- This site is optimized with the Yoast SEO Premium plugin v23.0 (Yoast SEO v24.5) - https:\/\/yoast.com\/wordpress\/plugins\/seo\/ -->\n<title>Terminal RB900L3 - Elproma<\/title>\n<meta name=\"description\" content=\"terminal RB900L3 z modu\u0142em LTE, umo\u017cliwiaj\u0105cy szybk\u0105 transmisj\u0119 danych, wysy\u0142anie wiadomo\u015bci SMS, komunikacj\u0119 TCP\/UDP\/PPP, sterowany komendami AT\" \/>\n<meta name=\"robots\" content=\"index, follow, max-snippet:-1, max-image-preview:large, max-video-preview:-1\" \/>\n<link rel=\"canonical\" href=\"https:\/\/www.elpromaelectronics.com\/pl\/produkt\/terminal-rb900l3\/\" \/>\n<meta property=\"og:locale\" content=\"pl_PL\" \/>\n<meta property=\"og:type\" content=\"article\" \/>\n<meta property=\"og:title\" content=\"RB900L3\" \/>\n<meta property=\"og:description\" content=\"terminal RB900L3 z modu\u0142em LTE, umo\u017cliwiaj\u0105cy szybk\u0105 transmisj\u0119 danych, wysy\u0142anie wiadomo\u015bci SMS, komunikacj\u0119 TCP\/UDP\/PPP, sterowany komendami AT\" \/>\n<meta property=\"og:url\" content=\"https:\/\/www.elpromaelectronics.com\/pl\/produkt\/terminal-rb900l3\/\" \/>\n<meta property=\"og:site_name\" content=\"Elproma\" \/>\n<meta property=\"article:modified_time\" content=\"2024-02-16T15:31:50+00:00\" \/>\n<meta property=\"og:image\" content=\"https:\/\/www.elpromaelectronics.com\/wp-content\/uploads\/2023\/05\/rb900l3.jpg\" \/>\n\t<meta property=\"og:image:width\" content=\"800\" \/>\n\t<meta property=\"og:image:height\" content=\"800\" \/>\n\t<meta property=\"og:image:type\" content=\"image\/jpeg\" \/>\n<meta name=\"twitter:card\" content=\"summary_large_image\" \/>\n<meta name=\"twitter:label1\" content=\"Szacowany czas czytania\" \/>\n\t<meta name=\"twitter:data1\" content=\"1 minuta\" \/>\n<script type=\"application\/ld+json\" class=\"yoast-schema-graph\">{\"@context\":\"https:\/\/schema.org\",\"@graph\":[{\"@type\":\"WebPage\",\"@id\":\"https:\/\/www.elpromaelectronics.com\/pl\/produkt\/terminal-rb900l3\/\",\"url\":\"https:\/\/www.elpromaelectronics.com\/pl\/produkt\/terminal-rb900l3\/\",\"name\":\"Terminal RB900L3 - Elproma\",\"isPartOf\":{\"@id\":\"https:\/\/www.elpromaelectronics.com\/pl\/#website\"},\"primaryImageOfPage\":{\"@id\":\"https:\/\/www.elpromaelectronics.com\/pl\/produkt\/terminal-rb900l3\/#primaryimage\"},\"image\":{\"@id\":\"https:\/\/www.elpromaelectronics.com\/pl\/produkt\/terminal-rb900l3\/#primaryimage\"},\"thumbnailUrl\":\"https:\/\/www.elpromaelectronics.com\/wp-content\/uploads\/2023\/05\/rb900l3.jpg\",\"datePublished\":\"2023-05-23T11:19:46+00:00\",\"dateModified\":\"2024-02-16T15:31:50+00:00\",\"description\":\"terminal RB900L3 z modu\u0142em LTE, umo\u017cliwiaj\u0105cy szybk\u0105 transmisj\u0119 danych, wysy\u0142anie wiadomo\u015bci SMS, komunikacj\u0119 TCP\/UDP\/PPP, sterowany komendami AT\",\"breadcrumb\":{\"@id\":\"https:\/\/www.elpromaelectronics.com\/pl\/produkt\/terminal-rb900l3\/#breadcrumb\"},\"inLanguage\":\"pl-PL\",\"potentialAction\":[{\"@type\":\"ReadAction\",\"target\":[\"https:\/\/www.elpromaelectronics.com\/pl\/produkt\/terminal-rb900l3\/\"]}]},{\"@type\":\"ImageObject\",\"inLanguage\":\"pl-PL\",\"@id\":\"https:\/\/www.elpromaelectronics.com\/pl\/produkt\/terminal-rb900l3\/#primaryimage\",\"url\":\"https:\/\/www.elpromaelectronics.com\/wp-content\/uploads\/2023\/05\/rb900l3.jpg\",\"contentUrl\":\"https:\/\/www.elpromaelectronics.com\/wp-content\/uploads\/2023\/05\/rb900l3.jpg\",\"width\":800,\"height\":800,\"caption\":\"Terminal RB900L3\"},{\"@type\":\"BreadcrumbList\",\"@id\":\"https:\/\/www.elpromaelectronics.com\/pl\/produkt\/terminal-rb900l3\/#breadcrumb\",\"itemListElement\":[{\"@type\":\"ListItem\",\"position\":1,\"name\":\"Home\",\"item\":\"https:\/\/www.elpromaelectronics.com\/pl\/\"},{\"@type\":\"ListItem\",\"position\":2,\"name\":\"Sklep\",\"item\":\"https:\/\/www.elpromaelectronics.com\/pl\/sklep\/\"},{\"@type\":\"ListItem\",\"position\":3,\"name\":\"RB900L3\"}]},{\"@type\":\"WebSite\",\"@id\":\"https:\/\/www.elpromaelectronics.com\/pl\/#website\",\"url\":\"https:\/\/www.elpromaelectronics.com\/pl\/\",\"name\":\"Elproma\",\"description\":\"\",\"publisher\":{\"@id\":\"https:\/\/www.elpromaelectronics.com\/pl\/#organization\"},\"potentialAction\":[{\"@type\":\"SearchAction\",\"target\":{\"@type\":\"EntryPoint\",\"urlTemplate\":\"https:\/\/www.elpromaelectronics.com\/pl\/?s={search_term_string}\"},\"query-input\":{\"@type\":\"PropertyValueSpecification\",\"valueRequired\":true,\"valueName\":\"search_term_string\"}}],\"inLanguage\":\"pl-PL\"},{\"@type\":\"Organization\",\"@id\":\"https:\/\/www.elpromaelectronics.com\/pl\/#organization\",\"name\":\"Elproma Elektronika Sp. z o.o.\",\"url\":\"https:\/\/www.elpromaelectronics.com\/pl\/\",\"logo\":{\"@type\":\"ImageObject\",\"inLanguage\":\"pl-PL\",\"@id\":\"https:\/\/www.elpromaelectronics.com\/pl\/#\/schema\/logo\/image\/\",\"url\":\"https:\/\/www.elpromaelectronics.com\/wp-content\/uploads\/2021\/09\/Elproma_logo.jpg\",\"contentUrl\":\"https:\/\/www.elpromaelectronics.com\/wp-content\/uploads\/2021\/09\/Elproma_logo.jpg\",\"width\":1024,\"height\":229,\"caption\":\"Elproma Elektronika Sp. z o.o.\"},\"image\":{\"@id\":\"https:\/\/www.elpromaelectronics.com\/pl\/#\/schema\/logo\/image\/\"},\"sameAs\":[\"https:\/\/www.linkedin.com\/company\/elproma-electronics\/\"]}]}<\/script>\n<!-- \/ Yoast SEO Premium plugin. -->","yoast_head_json":{"title":"Terminal RB900L3 - Elproma","description":"terminal RB900L3 z modu\u0142em LTE, umo\u017cliwiaj\u0105cy szybk\u0105 transmisj\u0119 danych, wysy\u0142anie wiadomo\u015bci SMS, komunikacj\u0119 TCP\/UDP\/PPP, sterowany komendami AT","robots":{"index":"index","follow":"follow","max-snippet":"max-snippet:-1","max-image-preview":"max-image-preview:large","max-video-preview":"max-video-preview:-1"},"canonical":"https:\/\/www.elpromaelectronics.com\/pl\/produkt\/terminal-rb900l3\/","og_locale":"pl_PL","og_type":"article","og_title":"RB900L3","og_description":"terminal RB900L3 z modu\u0142em LTE, umo\u017cliwiaj\u0105cy szybk\u0105 transmisj\u0119 danych, wysy\u0142anie wiadomo\u015bci SMS, komunikacj\u0119 TCP\/UDP\/PPP, sterowany komendami AT","og_url":"https:\/\/www.elpromaelectronics.com\/pl\/produkt\/terminal-rb900l3\/","og_site_name":"Elproma","article_modified_time":"2024-02-16T15:31:50+00:00","og_image":[{"width":800,"height":800,"url":"https:\/\/www.elpromaelectronics.com\/wp-content\/uploads\/2023\/05\/rb900l3.jpg","type":"image\/jpeg"}],"twitter_card":"summary_large_image","twitter_misc":{"Szacowany czas czytania":"1 minuta"},"schema":{"@context":"https:\/\/schema.org","@graph":[{"@type":"WebPage","@id":"https:\/\/www.elpromaelectronics.com\/pl\/produkt\/terminal-rb900l3\/","url":"https:\/\/www.elpromaelectronics.com\/pl\/produkt\/terminal-rb900l3\/","name":"Terminal RB900L3 - Elproma","isPartOf":{"@id":"https:\/\/www.elpromaelectronics.com\/pl\/#website"},"primaryImageOfPage":{"@id":"https:\/\/www.elpromaelectronics.com\/pl\/produkt\/terminal-rb900l3\/#primaryimage"},"image":{"@id":"https:\/\/www.elpromaelectronics.com\/pl\/produkt\/terminal-rb900l3\/#primaryimage"},"thumbnailUrl":"https:\/\/www.elpromaelectronics.com\/wp-content\/uploads\/2023\/05\/rb900l3.jpg","datePublished":"2023-05-23T11:19:46+00:00","dateModified":"2024-02-16T15:31:50+00:00","description":"terminal RB900L3 z modu\u0142em LTE, umo\u017cliwiaj\u0105cy szybk\u0105 transmisj\u0119 danych, wysy\u0142anie wiadomo\u015bci SMS, komunikacj\u0119 TCP\/UDP\/PPP, sterowany komendami AT","breadcrumb":{"@id":"https:\/\/www.elpromaelectronics.com\/pl\/produkt\/terminal-rb900l3\/#breadcrumb"},"inLanguage":"pl-PL","potentialAction":[{"@type":"ReadAction","target":["https:\/\/www.elpromaelectronics.com\/pl\/produkt\/terminal-rb900l3\/"]}]},{"@type":"ImageObject","inLanguage":"pl-PL","@id":"https:\/\/www.elpromaelectronics.com\/pl\/produkt\/terminal-rb900l3\/#primaryimage","url":"https:\/\/www.elpromaelectronics.com\/wp-content\/uploads\/2023\/05\/rb900l3.jpg","contentUrl":"https:\/\/www.elpromaelectronics.com\/wp-content\/uploads\/2023\/05\/rb900l3.jpg","width":800,"height":800,"caption":"Terminal RB900L3"},{"@type":"BreadcrumbList","@id":"https:\/\/www.elpromaelectronics.com\/pl\/produkt\/terminal-rb900l3\/#breadcrumb","itemListElement":[{"@type":"ListItem","position":1,"name":"Home","item":"https:\/\/www.elpromaelectronics.com\/pl\/"},{"@type":"ListItem","position":2,"name":"Sklep","item":"https:\/\/www.elpromaelectronics.com\/pl\/sklep\/"},{"@type":"ListItem","position":3,"name":"RB900L3"}]},{"@type":"WebSite","@id":"https:\/\/www.elpromaelectronics.com\/pl\/#website","url":"https:\/\/www.elpromaelectronics.com\/pl\/","name":"Elproma","description":"","publisher":{"@id":"https:\/\/www.elpromaelectronics.com\/pl\/#organization"},"potentialAction":[{"@type":"SearchAction","target":{"@type":"EntryPoint","urlTemplate":"https:\/\/www.elpromaelectronics.com\/pl\/?s={search_term_string}"},"query-input":{"@type":"PropertyValueSpecification","valueRequired":true,"valueName":"search_term_string"}}],"inLanguage":"pl-PL"},{"@type":"Organization","@id":"https:\/\/www.elpromaelectronics.com\/pl\/#organization","name":"Elproma Elektronika Sp. z o.o.","url":"https:\/\/www.elpromaelectronics.com\/pl\/","logo":{"@type":"ImageObject","inLanguage":"pl-PL","@id":"https:\/\/www.elpromaelectronics.com\/pl\/#\/schema\/logo\/image\/","url":"https:\/\/www.elpromaelectronics.com\/wp-content\/uploads\/2021\/09\/Elproma_logo.jpg","contentUrl":"https:\/\/www.elpromaelectronics.com\/wp-content\/uploads\/2021\/09\/Elproma_logo.jpg","width":1024,"height":229,"caption":"Elproma Elektronika Sp. z o.o."},"image":{"@id":"https:\/\/www.elpromaelectronics.com\/pl\/#\/schema\/logo\/image\/"},"sameAs":["https:\/\/www.linkedin.com\/company\/elproma-electronics\/"]}]}},"_links":{"self":[{"href":"https:\/\/www.elpromaelectronics.com\/pl\/wp-json\/wp\/v2\/product\/4222","targetHints":{"allow":["GET"]}}],"collection":[{"href":"https:\/\/www.elpromaelectronics.com\/pl\/wp-json\/wp\/v2\/product"}],"about":[{"href":"https:\/\/www.elpromaelectronics.com\/pl\/wp-json\/wp\/v2\/types\/product"}],"version-history":[{"count":2,"href":"https:\/\/www.elpromaelectronics.com\/pl\/wp-json\/wp\/v2\/product\/4222\/revisions"}],"predecessor-version":[{"id":4451,"href":"https:\/\/www.elpromaelectronics.com\/pl\/wp-json\/wp\/v2\/product\/4222\/revisions\/4451"}],"wp:featuredmedia":[{"embeddable":true,"href":"https:\/\/www.elpromaelectronics.com\/pl\/wp-json\/wp\/v2\/media\/4000"}],"wp:attachment":[{"href":"https:\/\/www.elpromaelectronics.com\/pl\/wp-json\/wp\/v2\/media?parent=4222"}],"wp:term":[{"taxonomy":"component","embeddable":true,"href":"https:\/\/www.elpromaelectronics.com\/pl\/wp-json\/wp\/v2\/component?post=4222"},{"taxonomy":"product_brand","embeddable":true,"href":"https:\/\/www.elpromaelectronics.com\/pl\/wp-json\/wp\/v2\/product_brand?post=4222"},{"taxonomy":"product_cat","embeddable":true,"href":"https:\/\/www.elpromaelectronics.com\/pl\/wp-json\/wp\/v2\/product_cat?post=4222"},{"taxonomy":"product_tag","embeddable":true,"href":"https:\/\/www.elpromaelectronics.com\/pl\/wp-json\/wp\/v2\/product_tag?post=4222"}],"curies":[{"name":"wp","href":"https:\/\/api.w.org\/{rel}","templated":true}]}}