{"id":4225,"date":"2023-04-05T12:02:27","date_gmt":"2023-04-05T10:02:27","guid":{"rendered":"https:\/\/www.elpromaelectronics.com\/product\/nts-pico3\/"},"modified":"2025-01-07T11:08:35","modified_gmt":"2025-01-07T10:08:35","slug":"nts-pico3","status":"publish","type":"product","link":"https:\/\/www.elpromaelectronics.com\/pl\/produkt\/nts-pico3\/","title":{"rendered":"NTS-PICO3"},"content":{"rendered":"<p><strong>NTS-PICO3 <\/strong>to <strong>ultra-miniaturowy<\/strong> serwer czasu nowej generacji Industry 4.0. Dostarcza czas bezpo\u015brednio do sieci za pomoc\u0105 protoko\u0142\u00f3w NTP i IEEE1588. Wyposa\u017cony jest w pojedynczy port Ethernet 100\/10Mbps pracuj\u0105cy z protoko\u0142ami IPv4\/IPv6*. Urz\u0105dzenia obs\u0142uguj\u0105 sprz\u0119towe znaczniki czasu PTP PHY. Jednostka posiada r\u00f3wnie\u017c naturalne ch\u0142odzenie powietrzem i zapewnia prac\u0119 w trybie 24\/7. Zosta\u0142 zaprojektowany z my\u015bl\u0105 o autonomicznych pojazdach i robotach Przemys\u0142u 4.0 oraz sterowaniu farm\u0105 paneli s\u0142onecznych. Serwer czasu ma bardzo szybkie odzyskiwanie zegara (OFF-ON) wa\u017cne dla rozpocz\u0119cia synchronizacji, dop\u00f3ki GNSS nie jest gotowy (zimny\/ciep\u0142y start).<\/p>\n<p>Urz\u0105dzenia mog\u0105 r\u00f3wnie\u017c obs\u0142ugiwa\u0107 ma\u0142e sieci przemys\u0142owe i pracowa\u0107 w trybie 24\/7. Specjalne panele rac 19&#8243; mog\u0105 obs\u0142ugiwa\u0107 do 6x<br \/>\nNTS-PICO3 wsp\u00f3\u0142dzieli pojedyncz\u0105 anten\u0119 GNSS i pojedynczy zasilacz. Urz\u0105dzenie jest zasilane napi\u0119ciem w zakresie od 9VDC do 30VDC. Jest on wyposa\u017cony w anten\u0119 GNSS i 30-metrowy kabel koncentryczny (zako\u0144czony SMA). Morska antena kopu\u0142kowa ma wbudowany wzmacniacz sygna\u0142u GPS (wzmocnienie 38 dB) i oscylator TCXO do pracy bez GNSS.<\/p>\n","protected":false},"excerpt":{"rendered":"<ul>\n<li>Miniaturowy serwer czasu NTP\/IEE 1588<\/li>\n<li>Interfejsy:<br \/>\n&#8211; LAN1 &#8211; 100\/10 Mbps<br \/>\n&#8211; RS232\/485\/USB<\/li>\n<li>Zatrzymanie TCXO<\/li>\n<li>Przeciwdzia\u0142anie zag\u0142uszaniu\/spoofingowi GNSS<\/li>\n<li>Antena 30 m (38 dB) w zestawie<\/li>\n<\/ul>\n","protected":false},"featured_media":4008,"template":"","meta":{"_acf_changed":false,"_themeisle_gutenberg_block_has_review":false},"component":[],"product_brand":[],"product_cat":[231],"product_tag":[237,341,340,260,339,337,338,336,261,249,335,334,246],"class_list":{"0":"post-4225","1":"product","2":"type-product","3":"status-publish","4":"has-post-thumbnail","6":"product_cat-elproma-time-pl","7":"product_tag-automatyzacja-przemyslu","8":"product_tag-bezpieczenstwo-kontrola-dostepu","9":"product_tag-elektroniczne-automaty-do-gier-kasyno","10":"product_tag-inteligentne-miasto","11":"product_tag-nadawanie","12":"product_tag-pojazd-autonomiczny","13":"product_tag-przemysl-4-0","14":"product_tag-systemy-bezpieczenstwa-cctv","15":"product_tag-systemy-fotowoltaiczne","16":"product_tag-sztuczna-inteligencja-uczenie-maszynowe","17":"product_tag-telemedycyna","18":"product_tag-telemetria","19":"product_tag-uzytecznosc-energetyczna-inteligentna-siec","21":"first","22":"instock","23":"downloadable","24":"shipping-taxable","25":"product-type-simple"},"acf":[],"yoast_head":"<!-- This site is optimized with the Yoast SEO Premium plugin v23.0 (Yoast SEO v24.5) - https:\/\/yoast.com\/wordpress\/plugins\/seo\/ -->\n<title>NTS-PICO3 - Elproma<\/title>\n<meta name=\"description\" content=\"ultra-miniaturowy serwer czasu, dostarcza czas bezpo\u015brednio do sieci za pomoc\u0105 protoko\u0142\u00f3w NTP i IEEE1588, pojedynczy Ethernet 100\/10Mbps, pojedyncza antena GNSS\" \/>\n<meta name=\"robots\" content=\"index, follow, max-snippet:-1, max-image-preview:large, max-video-preview:-1\" \/>\n<link rel=\"canonical\" href=\"https:\/\/www.elpromaelectronics.com\/pl\/produkt\/nts-pico3\/\" \/>\n<meta property=\"og:locale\" content=\"pl_PL\" \/>\n<meta property=\"og:type\" content=\"article\" \/>\n<meta property=\"og:title\" content=\"NTS-PICO3\" \/>\n<meta property=\"og:description\" content=\"ultra-miniaturowy serwer czasu, dostarcza czas bezpo\u015brednio do sieci za pomoc\u0105 protoko\u0142\u00f3w NTP i IEEE1588, pojedynczy Ethernet 100\/10Mbps, pojedyncza antena GNSS\" \/>\n<meta property=\"og:url\" content=\"https:\/\/www.elpromaelectronics.com\/pl\/produkt\/nts-pico3\/\" \/>\n<meta property=\"og:site_name\" content=\"Elproma\" \/>\n<meta property=\"article:modified_time\" content=\"2025-01-07T10:08:35+00:00\" \/>\n<meta property=\"og:image\" content=\"https:\/\/www.elpromaelectronics.com\/wp-content\/uploads\/2023\/04\/nts-pico3-2.jpg\" \/>\n\t<meta property=\"og:image:width\" content=\"800\" \/>\n\t<meta property=\"og:image:height\" content=\"500\" \/>\n\t<meta property=\"og:image:type\" content=\"image\/jpeg\" \/>\n<meta name=\"twitter:card\" content=\"summary_large_image\" \/>\n<meta name=\"twitter:label1\" content=\"Szacowany czas czytania\" \/>\n\t<meta name=\"twitter:data1\" content=\"1 minuta\" \/>\n<script type=\"application\/ld+json\" class=\"yoast-schema-graph\">{\"@context\":\"https:\/\/schema.org\",\"@graph\":[{\"@type\":\"WebPage\",\"@id\":\"https:\/\/www.elpromaelectronics.com\/pl\/produkt\/nts-pico3\/\",\"url\":\"https:\/\/www.elpromaelectronics.com\/pl\/produkt\/nts-pico3\/\",\"name\":\"NTS-PICO3 - Elproma\",\"isPartOf\":{\"@id\":\"https:\/\/www.elpromaelectronics.com\/pl\/#website\"},\"primaryImageOfPage\":{\"@id\":\"https:\/\/www.elpromaelectronics.com\/pl\/produkt\/nts-pico3\/#primaryimage\"},\"image\":{\"@id\":\"https:\/\/www.elpromaelectronics.com\/pl\/produkt\/nts-pico3\/#primaryimage\"},\"thumbnailUrl\":\"https:\/\/www.elpromaelectronics.com\/wp-content\/uploads\/2023\/04\/nts-pico3-2.jpg\",\"datePublished\":\"2023-04-05T10:02:27+00:00\",\"dateModified\":\"2025-01-07T10:08:35+00:00\",\"description\":\"ultra-miniaturowy serwer czasu, dostarcza czas bezpo\u015brednio do sieci za pomoc\u0105 protoko\u0142\u00f3w NTP i IEEE1588, pojedynczy Ethernet 100\/10Mbps, pojedyncza antena GNSS\",\"breadcrumb\":{\"@id\":\"https:\/\/www.elpromaelectronics.com\/pl\/produkt\/nts-pico3\/#breadcrumb\"},\"inLanguage\":\"pl-PL\",\"potentialAction\":[{\"@type\":\"ReadAction\",\"target\":[\"https:\/\/www.elpromaelectronics.com\/pl\/produkt\/nts-pico3\/\"]}]},{\"@type\":\"ImageObject\",\"inLanguage\":\"pl-PL\",\"@id\":\"https:\/\/www.elpromaelectronics.com\/pl\/produkt\/nts-pico3\/#primaryimage\",\"url\":\"https:\/\/www.elpromaelectronics.com\/wp-content\/uploads\/2023\/04\/nts-pico3-2.jpg\",\"contentUrl\":\"https:\/\/www.elpromaelectronics.com\/wp-content\/uploads\/2023\/04\/nts-pico3-2.jpg\",\"width\":800,\"height\":500},{\"@type\":\"BreadcrumbList\",\"@id\":\"https:\/\/www.elpromaelectronics.com\/pl\/produkt\/nts-pico3\/#breadcrumb\",\"itemListElement\":[{\"@type\":\"ListItem\",\"position\":1,\"name\":\"Home\",\"item\":\"https:\/\/www.elpromaelectronics.com\/pl\/\"},{\"@type\":\"ListItem\",\"position\":2,\"name\":\"Sklep\",\"item\":\"https:\/\/www.elpromaelectronics.com\/pl\/sklep\/\"},{\"@type\":\"ListItem\",\"position\":3,\"name\":\"NTS-PICO3\"}]},{\"@type\":\"WebSite\",\"@id\":\"https:\/\/www.elpromaelectronics.com\/pl\/#website\",\"url\":\"https:\/\/www.elpromaelectronics.com\/pl\/\",\"name\":\"Elproma\",\"description\":\"\",\"publisher\":{\"@id\":\"https:\/\/www.elpromaelectronics.com\/pl\/#organization\"},\"potentialAction\":[{\"@type\":\"SearchAction\",\"target\":{\"@type\":\"EntryPoint\",\"urlTemplate\":\"https:\/\/www.elpromaelectronics.com\/pl\/?s={search_term_string}\"},\"query-input\":{\"@type\":\"PropertyValueSpecification\",\"valueRequired\":true,\"valueName\":\"search_term_string\"}}],\"inLanguage\":\"pl-PL\"},{\"@type\":\"Organization\",\"@id\":\"https:\/\/www.elpromaelectronics.com\/pl\/#organization\",\"name\":\"Elproma Elektronika Sp. z o.o.\",\"url\":\"https:\/\/www.elpromaelectronics.com\/pl\/\",\"logo\":{\"@type\":\"ImageObject\",\"inLanguage\":\"pl-PL\",\"@id\":\"https:\/\/www.elpromaelectronics.com\/pl\/#\/schema\/logo\/image\/\",\"url\":\"https:\/\/www.elpromaelectronics.com\/wp-content\/uploads\/2021\/09\/Elproma_logo.jpg\",\"contentUrl\":\"https:\/\/www.elpromaelectronics.com\/wp-content\/uploads\/2021\/09\/Elproma_logo.jpg\",\"width\":1024,\"height\":229,\"caption\":\"Elproma Elektronika Sp. z o.o.\"},\"image\":{\"@id\":\"https:\/\/www.elpromaelectronics.com\/pl\/#\/schema\/logo\/image\/\"},\"sameAs\":[\"https:\/\/www.linkedin.com\/company\/elproma-electronics\/\"]}]}<\/script>\n<!-- \/ Yoast SEO Premium plugin. -->","yoast_head_json":{"title":"NTS-PICO3 - Elproma","description":"ultra-miniaturowy serwer czasu, dostarcza czas bezpo\u015brednio do sieci za pomoc\u0105 protoko\u0142\u00f3w NTP i IEEE1588, pojedynczy Ethernet 100\/10Mbps, pojedyncza antena GNSS","robots":{"index":"index","follow":"follow","max-snippet":"max-snippet:-1","max-image-preview":"max-image-preview:large","max-video-preview":"max-video-preview:-1"},"canonical":"https:\/\/www.elpromaelectronics.com\/pl\/produkt\/nts-pico3\/","og_locale":"pl_PL","og_type":"article","og_title":"NTS-PICO3","og_description":"ultra-miniaturowy serwer czasu, dostarcza czas bezpo\u015brednio do sieci za pomoc\u0105 protoko\u0142\u00f3w NTP i IEEE1588, pojedynczy Ethernet 100\/10Mbps, pojedyncza antena GNSS","og_url":"https:\/\/www.elpromaelectronics.com\/pl\/produkt\/nts-pico3\/","og_site_name":"Elproma","article_modified_time":"2025-01-07T10:08:35+00:00","og_image":[{"width":800,"height":500,"url":"https:\/\/www.elpromaelectronics.com\/wp-content\/uploads\/2023\/04\/nts-pico3-2.jpg","type":"image\/jpeg"}],"twitter_card":"summary_large_image","twitter_misc":{"Szacowany czas czytania":"1 minuta"},"schema":{"@context":"https:\/\/schema.org","@graph":[{"@type":"WebPage","@id":"https:\/\/www.elpromaelectronics.com\/pl\/produkt\/nts-pico3\/","url":"https:\/\/www.elpromaelectronics.com\/pl\/produkt\/nts-pico3\/","name":"NTS-PICO3 - Elproma","isPartOf":{"@id":"https:\/\/www.elpromaelectronics.com\/pl\/#website"},"primaryImageOfPage":{"@id":"https:\/\/www.elpromaelectronics.com\/pl\/produkt\/nts-pico3\/#primaryimage"},"image":{"@id":"https:\/\/www.elpromaelectronics.com\/pl\/produkt\/nts-pico3\/#primaryimage"},"thumbnailUrl":"https:\/\/www.elpromaelectronics.com\/wp-content\/uploads\/2023\/04\/nts-pico3-2.jpg","datePublished":"2023-04-05T10:02:27+00:00","dateModified":"2025-01-07T10:08:35+00:00","description":"ultra-miniaturowy serwer czasu, dostarcza czas bezpo\u015brednio do sieci za pomoc\u0105 protoko\u0142\u00f3w NTP i IEEE1588, pojedynczy Ethernet 100\/10Mbps, pojedyncza antena GNSS","breadcrumb":{"@id":"https:\/\/www.elpromaelectronics.com\/pl\/produkt\/nts-pico3\/#breadcrumb"},"inLanguage":"pl-PL","potentialAction":[{"@type":"ReadAction","target":["https:\/\/www.elpromaelectronics.com\/pl\/produkt\/nts-pico3\/"]}]},{"@type":"ImageObject","inLanguage":"pl-PL","@id":"https:\/\/www.elpromaelectronics.com\/pl\/produkt\/nts-pico3\/#primaryimage","url":"https:\/\/www.elpromaelectronics.com\/wp-content\/uploads\/2023\/04\/nts-pico3-2.jpg","contentUrl":"https:\/\/www.elpromaelectronics.com\/wp-content\/uploads\/2023\/04\/nts-pico3-2.jpg","width":800,"height":500},{"@type":"BreadcrumbList","@id":"https:\/\/www.elpromaelectronics.com\/pl\/produkt\/nts-pico3\/#breadcrumb","itemListElement":[{"@type":"ListItem","position":1,"name":"Home","item":"https:\/\/www.elpromaelectronics.com\/pl\/"},{"@type":"ListItem","position":2,"name":"Sklep","item":"https:\/\/www.elpromaelectronics.com\/pl\/sklep\/"},{"@type":"ListItem","position":3,"name":"NTS-PICO3"}]},{"@type":"WebSite","@id":"https:\/\/www.elpromaelectronics.com\/pl\/#website","url":"https:\/\/www.elpromaelectronics.com\/pl\/","name":"Elproma","description":"","publisher":{"@id":"https:\/\/www.elpromaelectronics.com\/pl\/#organization"},"potentialAction":[{"@type":"SearchAction","target":{"@type":"EntryPoint","urlTemplate":"https:\/\/www.elpromaelectronics.com\/pl\/?s={search_term_string}"},"query-input":{"@type":"PropertyValueSpecification","valueRequired":true,"valueName":"search_term_string"}}],"inLanguage":"pl-PL"},{"@type":"Organization","@id":"https:\/\/www.elpromaelectronics.com\/pl\/#organization","name":"Elproma Elektronika Sp. z o.o.","url":"https:\/\/www.elpromaelectronics.com\/pl\/","logo":{"@type":"ImageObject","inLanguage":"pl-PL","@id":"https:\/\/www.elpromaelectronics.com\/pl\/#\/schema\/logo\/image\/","url":"https:\/\/www.elpromaelectronics.com\/wp-content\/uploads\/2021\/09\/Elproma_logo.jpg","contentUrl":"https:\/\/www.elpromaelectronics.com\/wp-content\/uploads\/2021\/09\/Elproma_logo.jpg","width":1024,"height":229,"caption":"Elproma Elektronika Sp. z o.o."},"image":{"@id":"https:\/\/www.elpromaelectronics.com\/pl\/#\/schema\/logo\/image\/"},"sameAs":["https:\/\/www.linkedin.com\/company\/elproma-electronics\/"]}]}},"_links":{"self":[{"href":"https:\/\/www.elpromaelectronics.com\/pl\/wp-json\/wp\/v2\/product\/4225","targetHints":{"allow":["GET"]}}],"collection":[{"href":"https:\/\/www.elpromaelectronics.com\/pl\/wp-json\/wp\/v2\/product"}],"about":[{"href":"https:\/\/www.elpromaelectronics.com\/pl\/wp-json\/wp\/v2\/types\/product"}],"version-history":[{"count":6,"href":"https:\/\/www.elpromaelectronics.com\/pl\/wp-json\/wp\/v2\/product\/4225\/revisions"}],"predecessor-version":[{"id":5499,"href":"https:\/\/www.elpromaelectronics.com\/pl\/wp-json\/wp\/v2\/product\/4225\/revisions\/5499"}],"wp:featuredmedia":[{"embeddable":true,"href":"https:\/\/www.elpromaelectronics.com\/pl\/wp-json\/wp\/v2\/media\/4008"}],"wp:attachment":[{"href":"https:\/\/www.elpromaelectronics.com\/pl\/wp-json\/wp\/v2\/media?parent=4225"}],"wp:term":[{"taxonomy":"component","embeddable":true,"href":"https:\/\/www.elpromaelectronics.com\/pl\/wp-json\/wp\/v2\/component?post=4225"},{"taxonomy":"product_brand","embeddable":true,"href":"https:\/\/www.elpromaelectronics.com\/pl\/wp-json\/wp\/v2\/product_brand?post=4225"},{"taxonomy":"product_cat","embeddable":true,"href":"https:\/\/www.elpromaelectronics.com\/pl\/wp-json\/wp\/v2\/product_cat?post=4225"},{"taxonomy":"product_tag","embeddable":true,"href":"https:\/\/www.elpromaelectronics.com\/pl\/wp-json\/wp\/v2\/product_tag?post=4225"}],"curies":[{"name":"wp","href":"https:\/\/api.w.org\/{rel}","templated":true}]}}