{"id":4229,"date":"2023-05-23T13:17:46","date_gmt":"2023-05-23T11:17:46","guid":{"rendered":"https:\/\/www.elpromaelectronics.com\/product\/rbmtx-viper\/"},"modified":"2024-02-16T15:31:11","modified_gmt":"2024-02-16T14:31:11","slug":"rbmtx-viper","status":"publish","type":"product","link":"https:\/\/www.elpromaelectronics.com\/pl\/produkt\/rbmtx-viper\/","title":{"rendered":"RBMTX-VIPER"},"content":{"rendered":"<p><strong>Router RBMTX-VIPER<\/strong> jest odpowiedzi\u0105 na rosn\u0105ce oczekiwania klient\u00f3w dotycz\u0105ce mo\u017cliwo\u015bci pod\u0142\u0105czenia kilku urz\u0105dze\u0144 jednocze\u015bnie za pomoc\u0105 <a href=\"https:\/\/en.wikipedia.org\/wiki\/Gigabit_Ethernet\"><strong>port\u00f3w Gigabit Ethernet<\/strong><\/a>. Obs\u0142uga globalnej sieci bezprzewodowej dzi\u0119ki <a href=\"https:\/\/www.elpromaelectronics.com\/pl\/moduly\/\">modu\u0142owi LTE Cat. 4<\/a>, system operacyjny Linux z SDK, passive PoE, WiFi\/Bluetooth i \u0142atwe w u\u017cyciu narz\u0119dzia konfiguracyjne to g\u0142\u00f3wne zalety RBMTX-VIPER.<\/p>\n<p><strong>Dost\u0119pno\u015b\u0107 produktu: Q2\/2024<\/strong><\/p>\n","protected":false},"excerpt":{"rendered":"<p>Router RBMTX-VIPER jest odpowiedzi\u0105 na rosn\u0105ce oczekiwania klient\u00f3w dotycz\u0105ce mo\u017cliwo\u015bci pod\u0142\u0105czenia kilku urz\u0105dze\u0144 jednocze\u015bnie za pomoc\u0105 port\u00f3w Gigabit Ethernet. Obs\u0142uga globalnej sieci bezprzewodowej dzi\u0119ki modu\u0142owi LTE Cat. 4, system operacyjny Linux z SDK, passive PoE, WiFi\/Bluetooth i \u0142atwe w u\u017cyciu narz\u0119dzia konfiguracyjne to g\u0142\u00f3wne zalety RBMTX-VIPER. Dost\u0119pno\u015b\u0107 produktu: Q2\/2024<\/p>\n","protected":false},"featured_media":4347,"template":"","meta":{"_acf_changed":false,"_themeisle_gutenberg_block_has_review":false},"component":[],"product_brand":[],"product_cat":[223],"product_tag":[237,349,351,259,260,347,338,350,336,261,348,262,335],"class_list":{"0":"post-4229","1":"product","2":"type-product","3":"status-publish","4":"has-post-thumbnail","6":"product_cat-telemetry-pl","7":"product_tag-automatyzacja-przemyslu","8":"product_tag-digital-signage-pl","9":"product_tag-fotowoltaika-elektrownie","10":"product_tag-informacje-drogowe","11":"product_tag-inteligentne-miasto","12":"product_tag-paczkomaty","13":"product_tag-przemysl-4-0","14":"product_tag-stacje-ladowania-pojazdow-elektrycznych","15":"product_tag-systemy-bezpieczenstwa-cctv","16":"product_tag-systemy-fotowoltaiczne","17":"product_tag-systemy-parkingowe","18":"product_tag-telekomunikacja","19":"product_tag-telemedycyna","21":"first","22":"instock","23":"downloadable","24":"shipping-taxable","25":"product-type-simple"},"acf":[],"yoast_head":"<!-- This site is optimized with the Yoast SEO Premium plugin v23.0 (Yoast SEO v24.5) - https:\/\/yoast.com\/wordpress\/plugins\/seo\/ -->\n<title>Router RBMTX-VIPER - Elproma<\/title>\n<meta name=\"description\" content=\"Router RBMTX-VIPER router przemys\u0142owy, interfejsy Gigabit Ethernet, Worldwide LTE Cat. 4 modu\u0142y, oprogramowanie Linux OS z SDK, pasywne PoE, WiFi\/Bluetooth\" \/>\n<meta name=\"robots\" content=\"index, follow, max-snippet:-1, max-image-preview:large, max-video-preview:-1\" \/>\n<link rel=\"canonical\" href=\"https:\/\/www.elpromaelectronics.com\/pl\/produkt\/rbmtx-viper\/\" \/>\n<meta property=\"og:locale\" content=\"pl_PL\" \/>\n<meta property=\"og:type\" content=\"article\" \/>\n<meta property=\"og:title\" content=\"RBMTX-VIPER\" \/>\n<meta property=\"og:description\" content=\"Router RBMTX-VIPER router przemys\u0142owy, interfejsy Gigabit Ethernet, Worldwide LTE Cat. 4 modu\u0142y, oprogramowanie Linux OS z SDK, pasywne PoE, WiFi\/Bluetooth\" \/>\n<meta property=\"og:url\" content=\"https:\/\/www.elpromaelectronics.com\/pl\/produkt\/rbmtx-viper\/\" \/>\n<meta property=\"og:site_name\" content=\"Elproma\" \/>\n<meta property=\"article:modified_time\" content=\"2024-02-16T14:31:11+00:00\" \/>\n<meta property=\"og:image\" content=\"https:\/\/www.elpromaelectronics.com\/wp-content\/uploads\/2021\/09\/RBMTX-Viper_2000.png\" \/>\n\t<meta property=\"og:image:width\" content=\"2000\" \/>\n\t<meta property=\"og:image:height\" content=\"2000\" \/>\n\t<meta property=\"og:image:type\" content=\"image\/png\" \/>\n<meta name=\"twitter:card\" content=\"summary_large_image\" \/>\n<meta name=\"twitter:label1\" content=\"Szacowany czas czytania\" \/>\n\t<meta name=\"twitter:data1\" content=\"1 minuta\" \/>\n<script type=\"application\/ld+json\" class=\"yoast-schema-graph\">{\"@context\":\"https:\/\/schema.org\",\"@graph\":[{\"@type\":\"WebPage\",\"@id\":\"https:\/\/www.elpromaelectronics.com\/pl\/produkt\/rbmtx-viper\/\",\"url\":\"https:\/\/www.elpromaelectronics.com\/pl\/produkt\/rbmtx-viper\/\",\"name\":\"Router RBMTX-VIPER - Elproma\",\"isPartOf\":{\"@id\":\"https:\/\/www.elpromaelectronics.com\/pl\/#website\"},\"primaryImageOfPage\":{\"@id\":\"https:\/\/www.elpromaelectronics.com\/pl\/produkt\/rbmtx-viper\/#primaryimage\"},\"image\":{\"@id\":\"https:\/\/www.elpromaelectronics.com\/pl\/produkt\/rbmtx-viper\/#primaryimage\"},\"thumbnailUrl\":\"https:\/\/www.elpromaelectronics.com\/wp-content\/uploads\/2021\/09\/RBMTX-Viper_2000.png\",\"datePublished\":\"2023-05-23T11:17:46+00:00\",\"dateModified\":\"2024-02-16T14:31:11+00:00\",\"description\":\"Router RBMTX-VIPER router przemys\u0142owy, interfejsy Gigabit Ethernet, Worldwide LTE Cat. 4 modu\u0142y, oprogramowanie Linux OS z SDK, pasywne PoE, WiFi\/Bluetooth\",\"breadcrumb\":{\"@id\":\"https:\/\/www.elpromaelectronics.com\/pl\/produkt\/rbmtx-viper\/#breadcrumb\"},\"inLanguage\":\"pl-PL\",\"potentialAction\":[{\"@type\":\"ReadAction\",\"target\":[\"https:\/\/www.elpromaelectronics.com\/pl\/produkt\/rbmtx-viper\/\"]}]},{\"@type\":\"ImageObject\",\"inLanguage\":\"pl-PL\",\"@id\":\"https:\/\/www.elpromaelectronics.com\/pl\/produkt\/rbmtx-viper\/#primaryimage\",\"url\":\"https:\/\/www.elpromaelectronics.com\/wp-content\/uploads\/2021\/09\/RBMTX-Viper_2000.png\",\"contentUrl\":\"https:\/\/www.elpromaelectronics.com\/wp-content\/uploads\/2021\/09\/RBMTX-Viper_2000.png\",\"width\":2000,\"height\":2000,\"caption\":\"rbmtx-viper - router with gigabit\"},{\"@type\":\"BreadcrumbList\",\"@id\":\"https:\/\/www.elpromaelectronics.com\/pl\/produkt\/rbmtx-viper\/#breadcrumb\",\"itemListElement\":[{\"@type\":\"ListItem\",\"position\":1,\"name\":\"Home\",\"item\":\"https:\/\/www.elpromaelectronics.com\/pl\/\"},{\"@type\":\"ListItem\",\"position\":2,\"name\":\"Sklep\",\"item\":\"https:\/\/www.elpromaelectronics.com\/pl\/sklep\/\"},{\"@type\":\"ListItem\",\"position\":3,\"name\":\"RBMTX-VIPER\"}]},{\"@type\":\"WebSite\",\"@id\":\"https:\/\/www.elpromaelectronics.com\/pl\/#website\",\"url\":\"https:\/\/www.elpromaelectronics.com\/pl\/\",\"name\":\"Elproma\",\"description\":\"\",\"publisher\":{\"@id\":\"https:\/\/www.elpromaelectronics.com\/pl\/#organization\"},\"potentialAction\":[{\"@type\":\"SearchAction\",\"target\":{\"@type\":\"EntryPoint\",\"urlTemplate\":\"https:\/\/www.elpromaelectronics.com\/pl\/?s={search_term_string}\"},\"query-input\":{\"@type\":\"PropertyValueSpecification\",\"valueRequired\":true,\"valueName\":\"search_term_string\"}}],\"inLanguage\":\"pl-PL\"},{\"@type\":\"Organization\",\"@id\":\"https:\/\/www.elpromaelectronics.com\/pl\/#organization\",\"name\":\"Elproma Elektronika Sp. z o.o.\",\"url\":\"https:\/\/www.elpromaelectronics.com\/pl\/\",\"logo\":{\"@type\":\"ImageObject\",\"inLanguage\":\"pl-PL\",\"@id\":\"https:\/\/www.elpromaelectronics.com\/pl\/#\/schema\/logo\/image\/\",\"url\":\"https:\/\/www.elpromaelectronics.com\/wp-content\/uploads\/2021\/09\/Elproma_logo.jpg\",\"contentUrl\":\"https:\/\/www.elpromaelectronics.com\/wp-content\/uploads\/2021\/09\/Elproma_logo.jpg\",\"width\":1024,\"height\":229,\"caption\":\"Elproma Elektronika Sp. z o.o.\"},\"image\":{\"@id\":\"https:\/\/www.elpromaelectronics.com\/pl\/#\/schema\/logo\/image\/\"},\"sameAs\":[\"https:\/\/www.linkedin.com\/company\/elproma-electronics\/\"]}]}<\/script>\n<!-- \/ Yoast SEO Premium plugin. -->","yoast_head_json":{"title":"Router RBMTX-VIPER - Elproma","description":"Router RBMTX-VIPER router przemys\u0142owy, interfejsy Gigabit Ethernet, Worldwide LTE Cat. 4 modu\u0142y, oprogramowanie Linux OS z SDK, pasywne PoE, WiFi\/Bluetooth","robots":{"index":"index","follow":"follow","max-snippet":"max-snippet:-1","max-image-preview":"max-image-preview:large","max-video-preview":"max-video-preview:-1"},"canonical":"https:\/\/www.elpromaelectronics.com\/pl\/produkt\/rbmtx-viper\/","og_locale":"pl_PL","og_type":"article","og_title":"RBMTX-VIPER","og_description":"Router RBMTX-VIPER router przemys\u0142owy, interfejsy Gigabit Ethernet, Worldwide LTE Cat. 4 modu\u0142y, oprogramowanie Linux OS z SDK, pasywne PoE, WiFi\/Bluetooth","og_url":"https:\/\/www.elpromaelectronics.com\/pl\/produkt\/rbmtx-viper\/","og_site_name":"Elproma","article_modified_time":"2024-02-16T14:31:11+00:00","og_image":[{"width":2000,"height":2000,"url":"https:\/\/www.elpromaelectronics.com\/wp-content\/uploads\/2021\/09\/RBMTX-Viper_2000.png","type":"image\/png"}],"twitter_card":"summary_large_image","twitter_misc":{"Szacowany czas czytania":"1 minuta"},"schema":{"@context":"https:\/\/schema.org","@graph":[{"@type":"WebPage","@id":"https:\/\/www.elpromaelectronics.com\/pl\/produkt\/rbmtx-viper\/","url":"https:\/\/www.elpromaelectronics.com\/pl\/produkt\/rbmtx-viper\/","name":"Router RBMTX-VIPER - Elproma","isPartOf":{"@id":"https:\/\/www.elpromaelectronics.com\/pl\/#website"},"primaryImageOfPage":{"@id":"https:\/\/www.elpromaelectronics.com\/pl\/produkt\/rbmtx-viper\/#primaryimage"},"image":{"@id":"https:\/\/www.elpromaelectronics.com\/pl\/produkt\/rbmtx-viper\/#primaryimage"},"thumbnailUrl":"https:\/\/www.elpromaelectronics.com\/wp-content\/uploads\/2021\/09\/RBMTX-Viper_2000.png","datePublished":"2023-05-23T11:17:46+00:00","dateModified":"2024-02-16T14:31:11+00:00","description":"Router RBMTX-VIPER router przemys\u0142owy, interfejsy Gigabit Ethernet, Worldwide LTE Cat. 4 modu\u0142y, oprogramowanie Linux OS z SDK, pasywne PoE, WiFi\/Bluetooth","breadcrumb":{"@id":"https:\/\/www.elpromaelectronics.com\/pl\/produkt\/rbmtx-viper\/#breadcrumb"},"inLanguage":"pl-PL","potentialAction":[{"@type":"ReadAction","target":["https:\/\/www.elpromaelectronics.com\/pl\/produkt\/rbmtx-viper\/"]}]},{"@type":"ImageObject","inLanguage":"pl-PL","@id":"https:\/\/www.elpromaelectronics.com\/pl\/produkt\/rbmtx-viper\/#primaryimage","url":"https:\/\/www.elpromaelectronics.com\/wp-content\/uploads\/2021\/09\/RBMTX-Viper_2000.png","contentUrl":"https:\/\/www.elpromaelectronics.com\/wp-content\/uploads\/2021\/09\/RBMTX-Viper_2000.png","width":2000,"height":2000,"caption":"rbmtx-viper - router with gigabit"},{"@type":"BreadcrumbList","@id":"https:\/\/www.elpromaelectronics.com\/pl\/produkt\/rbmtx-viper\/#breadcrumb","itemListElement":[{"@type":"ListItem","position":1,"name":"Home","item":"https:\/\/www.elpromaelectronics.com\/pl\/"},{"@type":"ListItem","position":2,"name":"Sklep","item":"https:\/\/www.elpromaelectronics.com\/pl\/sklep\/"},{"@type":"ListItem","position":3,"name":"RBMTX-VIPER"}]},{"@type":"WebSite","@id":"https:\/\/www.elpromaelectronics.com\/pl\/#website","url":"https:\/\/www.elpromaelectronics.com\/pl\/","name":"Elproma","description":"","publisher":{"@id":"https:\/\/www.elpromaelectronics.com\/pl\/#organization"},"potentialAction":[{"@type":"SearchAction","target":{"@type":"EntryPoint","urlTemplate":"https:\/\/www.elpromaelectronics.com\/pl\/?s={search_term_string}"},"query-input":{"@type":"PropertyValueSpecification","valueRequired":true,"valueName":"search_term_string"}}],"inLanguage":"pl-PL"},{"@type":"Organization","@id":"https:\/\/www.elpromaelectronics.com\/pl\/#organization","name":"Elproma Elektronika Sp. z o.o.","url":"https:\/\/www.elpromaelectronics.com\/pl\/","logo":{"@type":"ImageObject","inLanguage":"pl-PL","@id":"https:\/\/www.elpromaelectronics.com\/pl\/#\/schema\/logo\/image\/","url":"https:\/\/www.elpromaelectronics.com\/wp-content\/uploads\/2021\/09\/Elproma_logo.jpg","contentUrl":"https:\/\/www.elpromaelectronics.com\/wp-content\/uploads\/2021\/09\/Elproma_logo.jpg","width":1024,"height":229,"caption":"Elproma Elektronika Sp. z o.o."},"image":{"@id":"https:\/\/www.elpromaelectronics.com\/pl\/#\/schema\/logo\/image\/"},"sameAs":["https:\/\/www.linkedin.com\/company\/elproma-electronics\/"]}]}},"_links":{"self":[{"href":"https:\/\/www.elpromaelectronics.com\/pl\/wp-json\/wp\/v2\/product\/4229","targetHints":{"allow":["GET"]}}],"collection":[{"href":"https:\/\/www.elpromaelectronics.com\/pl\/wp-json\/wp\/v2\/product"}],"about":[{"href":"https:\/\/www.elpromaelectronics.com\/pl\/wp-json\/wp\/v2\/types\/product"}],"version-history":[{"count":2,"href":"https:\/\/www.elpromaelectronics.com\/pl\/wp-json\/wp\/v2\/product\/4229\/revisions"}],"predecessor-version":[{"id":4441,"href":"https:\/\/www.elpromaelectronics.com\/pl\/wp-json\/wp\/v2\/product\/4229\/revisions\/4441"}],"wp:featuredmedia":[{"embeddable":true,"href":"https:\/\/www.elpromaelectronics.com\/pl\/wp-json\/wp\/v2\/media\/4347"}],"wp:attachment":[{"href":"https:\/\/www.elpromaelectronics.com\/pl\/wp-json\/wp\/v2\/media?parent=4229"}],"wp:term":[{"taxonomy":"component","embeddable":true,"href":"https:\/\/www.elpromaelectronics.com\/pl\/wp-json\/wp\/v2\/component?post=4229"},{"taxonomy":"product_brand","embeddable":true,"href":"https:\/\/www.elpromaelectronics.com\/pl\/wp-json\/wp\/v2\/product_brand?post=4229"},{"taxonomy":"product_cat","embeddable":true,"href":"https:\/\/www.elpromaelectronics.com\/pl\/wp-json\/wp\/v2\/product_cat?post=4229"},{"taxonomy":"product_tag","embeddable":true,"href":"https:\/\/www.elpromaelectronics.com\/pl\/wp-json\/wp\/v2\/product_tag?post=4229"}],"curies":[{"name":"wp","href":"https:\/\/api.w.org\/{rel}","templated":true}]}}