{"id":5539,"date":"2025-01-09T14:18:44","date_gmt":"2025-01-09T13:18:44","guid":{"rendered":"https:\/\/www.elpromaelectronics.com\/?post_type=product&#038;p=5539"},"modified":"2025-01-24T13:37:31","modified_gmt":"2025-01-24T12:37:31","slug":"fosrem-copy","status":"publish","type":"product","link":"https:\/\/www.elpromaelectronics.com\/pl\/produkt\/fosrem-copy\/","title":{"rendered":"FOM-MEM"},"content":{"rendered":"<p><strong>FOM-MEM<\/strong> jest projektem ukierunkowanym na opracowanie unikalnego w globalnej skali systemu roz\u0142o\u017conych czujnik\u00f3w punktowych umo\u017cliwiaj\u0105cych wiarygodne mapowanie miejsc wyst\u0119powania zaburze\u0144 mechanicznych typu rotacyjnego zar\u00f3wno w gruncie jak i w strukturach in\u017cynieryjnych wraz z wyszkoleniem zespo\u0142u jego wytw\u00f3rc\u00f3w oraz dokonaniem internacjonalizacji wynik\u00f3w projektu. Jako podstawowe rozwi\u0105zanie zostanie wykorzystany odpowiedni zesp\u00f3l \u015bwiat\u0142owodowych sejsmograf\u00f3w rotacyjny typu FOS6 (Fiber-Optic Seismograph) o parametrach u\u017cytkowych zdefiniowanych przez sejsmologi\u0119 rotacyjn\u0105.<\/p>\n<p>Poprzez wykorzystanie Zg\u0142oszenia Patentowego do UP RP (P.450532 z dnia 11.12.2024) rozwi\u0105zanie ma umo\u017cliwi\u0107 lokalizacj\u0119 miejsca wyst\u0105pienia \u017ar\u00f3d\u0142a zaburzenia rotacyjnego jak i na bazie Zg\u0142oszenia Patentowego do UP RP (P.450531 z dnia 11.12.2024) jego rozpoznania (naturalne, sztuczne\u00a0 w tym detonacje, etc).<\/p>\n<p>Wi\u0119cej szczeg\u00f3\u0142\u00f3w na temat tego urz\u0105dzenia mo\u017cna znale\u017a\u0107 na stronie internetowej:<\/p>\n<p><a href=\"https:\/\/fommem.eu\"><strong>https:\/\/fommem.eu<\/strong><\/a><\/p>\n","protected":false},"excerpt":{"rendered":"<p><a href=\"https:\/\/www.elpromaelectronics.com\/pl\/macierz-czujnikow-swiatlowodowych-do-mapowania-skretnych-drgan-mechanicznych-w-obiektach-skupionych-i-rozleglych-fom-mem-fiber-optic-matrix-for-mechanical-events-mapping\/\"><img fetchpriority=\"high\" decoding=\"async\" class=\"alignnone wp-image-5630\" src=\"https:\/\/www.elpromaelectronics.com\/wp-content\/uploads\/2025\/01\/fom-mem-eu.png\" alt=\"\" width=\"1500\" height=\"140\" srcset=\"https:\/\/www.elpromaelectronics.com\/wp-content\/uploads\/2025\/01\/fom-mem-eu.png 2225w, https:\/\/www.elpromaelectronics.com\/wp-content\/uploads\/2025\/01\/fom-mem-eu-700x65.png 700w, https:\/\/www.elpromaelectronics.com\/wp-content\/uploads\/2025\/01\/fom-mem-eu-1000x93.png 1000w, https:\/\/www.elpromaelectronics.com\/wp-content\/uploads\/2025\/01\/fom-mem-eu-300x28.png 300w, https:\/\/www.elpromaelectronics.com\/wp-content\/uploads\/2025\/01\/fom-mem-eu-1024x95.png 1024w, https:\/\/www.elpromaelectronics.com\/wp-content\/uploads\/2025\/01\/fom-mem-eu-768x71.png 768w, https:\/\/www.elpromaelectronics.com\/wp-content\/uploads\/2025\/01\/fom-mem-eu-1536x143.png 1536w, https:\/\/www.elpromaelectronics.com\/wp-content\/uploads\/2025\/01\/fom-mem-eu-2048x191.png 2048w\" sizes=\"(max-width: 1500px) 100vw, 1500px\" \/><\/a><\/p>\n","protected":false},"featured_media":5560,"template":"","meta":{"_acf_changed":false,"_themeisle_gutenberg_block_has_review":false},"component":[],"product_brand":[],"product_cat":[364],"product_tag":[],"class_list":{"0":"post-5539","1":"product","2":"type-product","3":"status-publish","4":"has-post-thumbnail","6":"product_cat-photonical-systems-pl","8":"first","9":"instock","10":"downloadable","11":"shipping-taxable","12":"product-type-simple"},"acf":[],"yoast_head":"<!-- This site is optimized with the Yoast SEO Premium plugin v23.0 (Yoast SEO v24.5) - https:\/\/yoast.com\/wordpress\/plugins\/seo\/ -->\n<title>FOM-MEM - Elproma<\/title>\n<meta name=\"robots\" content=\"index, follow, max-snippet:-1, max-image-preview:large, max-video-preview:-1\" \/>\n<link rel=\"canonical\" href=\"https:\/\/www.elpromaelectronics.com\/pl\/produkt\/fosrem-copy\/\" \/>\n<meta property=\"og:locale\" content=\"pl_PL\" \/>\n<meta property=\"og:type\" content=\"article\" \/>\n<meta property=\"og:title\" content=\"FOM-MEM\" \/>\n<meta property=\"og:url\" content=\"https:\/\/www.elpromaelectronics.com\/pl\/produkt\/fosrem-copy\/\" \/>\n<meta property=\"og:site_name\" content=\"Elproma\" \/>\n<meta property=\"article:modified_time\" content=\"2025-01-24T12:37:31+00:00\" \/>\n<meta property=\"og:image\" content=\"https:\/\/www.elpromaelectronics.com\/wp-content\/uploads\/2025\/01\/FOM-MEM-870x1024.jpg\" \/>\n\t<meta property=\"og:image:width\" content=\"870\" \/>\n\t<meta property=\"og:image:height\" content=\"1024\" \/>\n\t<meta property=\"og:image:type\" content=\"image\/jpeg\" \/>\n<meta name=\"twitter:card\" content=\"summary_large_image\" \/>\n<meta name=\"twitter:label1\" content=\"Szacowany czas czytania\" \/>\n\t<meta name=\"twitter:data1\" content=\"1 minuta\" \/>\n<script type=\"application\/ld+json\" class=\"yoast-schema-graph\">{\"@context\":\"https:\/\/schema.org\",\"@graph\":[{\"@type\":\"WebPage\",\"@id\":\"https:\/\/www.elpromaelectronics.com\/pl\/produkt\/fosrem-copy\/\",\"url\":\"https:\/\/www.elpromaelectronics.com\/pl\/produkt\/fosrem-copy\/\",\"name\":\"FOM-MEM - Elproma\",\"isPartOf\":{\"@id\":\"https:\/\/www.elpromaelectronics.com\/pl\/#website\"},\"primaryImageOfPage\":{\"@id\":\"https:\/\/www.elpromaelectronics.com\/pl\/produkt\/fosrem-copy\/#primaryimage\"},\"image\":{\"@id\":\"https:\/\/www.elpromaelectronics.com\/pl\/produkt\/fosrem-copy\/#primaryimage\"},\"thumbnailUrl\":\"https:\/\/www.elpromaelectronics.com\/wp-content\/uploads\/2025\/01\/FOM-MEM.jpg\",\"datePublished\":\"2025-01-09T13:18:44+00:00\",\"dateModified\":\"2025-01-24T12:37:31+00:00\",\"breadcrumb\":{\"@id\":\"https:\/\/www.elpromaelectronics.com\/pl\/produkt\/fosrem-copy\/#breadcrumb\"},\"inLanguage\":\"pl-PL\",\"potentialAction\":[{\"@type\":\"ReadAction\",\"target\":[\"https:\/\/www.elpromaelectronics.com\/pl\/produkt\/fosrem-copy\/\"]}]},{\"@type\":\"ImageObject\",\"inLanguage\":\"pl-PL\",\"@id\":\"https:\/\/www.elpromaelectronics.com\/pl\/produkt\/fosrem-copy\/#primaryimage\",\"url\":\"https:\/\/www.elpromaelectronics.com\/wp-content\/uploads\/2025\/01\/FOM-MEM.jpg\",\"contentUrl\":\"https:\/\/www.elpromaelectronics.com\/wp-content\/uploads\/2025\/01\/FOM-MEM.jpg\",\"width\":1117,\"height\":1315},{\"@type\":\"BreadcrumbList\",\"@id\":\"https:\/\/www.elpromaelectronics.com\/pl\/produkt\/fosrem-copy\/#breadcrumb\",\"itemListElement\":[{\"@type\":\"ListItem\",\"position\":1,\"name\":\"Home\",\"item\":\"https:\/\/www.elpromaelectronics.com\/pl\/\"},{\"@type\":\"ListItem\",\"position\":2,\"name\":\"Sklep\",\"item\":\"https:\/\/www.elpromaelectronics.com\/pl\/sklep\/\"},{\"@type\":\"ListItem\",\"position\":3,\"name\":\"FOM-MEM\"}]},{\"@type\":\"WebSite\",\"@id\":\"https:\/\/www.elpromaelectronics.com\/pl\/#website\",\"url\":\"https:\/\/www.elpromaelectronics.com\/pl\/\",\"name\":\"Elproma\",\"description\":\"\",\"publisher\":{\"@id\":\"https:\/\/www.elpromaelectronics.com\/pl\/#organization\"},\"potentialAction\":[{\"@type\":\"SearchAction\",\"target\":{\"@type\":\"EntryPoint\",\"urlTemplate\":\"https:\/\/www.elpromaelectronics.com\/pl\/?s={search_term_string}\"},\"query-input\":{\"@type\":\"PropertyValueSpecification\",\"valueRequired\":true,\"valueName\":\"search_term_string\"}}],\"inLanguage\":\"pl-PL\"},{\"@type\":\"Organization\",\"@id\":\"https:\/\/www.elpromaelectronics.com\/pl\/#organization\",\"name\":\"Elproma Elektronika Sp. z o.o.\",\"url\":\"https:\/\/www.elpromaelectronics.com\/pl\/\",\"logo\":{\"@type\":\"ImageObject\",\"inLanguage\":\"pl-PL\",\"@id\":\"https:\/\/www.elpromaelectronics.com\/pl\/#\/schema\/logo\/image\/\",\"url\":\"https:\/\/www.elpromaelectronics.com\/wp-content\/uploads\/2021\/09\/Elproma_logo.jpg\",\"contentUrl\":\"https:\/\/www.elpromaelectronics.com\/wp-content\/uploads\/2021\/09\/Elproma_logo.jpg\",\"width\":1024,\"height\":229,\"caption\":\"Elproma Elektronika Sp. z o.o.\"},\"image\":{\"@id\":\"https:\/\/www.elpromaelectronics.com\/pl\/#\/schema\/logo\/image\/\"},\"sameAs\":[\"https:\/\/www.linkedin.com\/company\/elproma-electronics\/\"]}]}<\/script>\n<!-- \/ Yoast SEO Premium plugin. -->","yoast_head_json":{"title":"FOM-MEM - Elproma","robots":{"index":"index","follow":"follow","max-snippet":"max-snippet:-1","max-image-preview":"max-image-preview:large","max-video-preview":"max-video-preview:-1"},"canonical":"https:\/\/www.elpromaelectronics.com\/pl\/produkt\/fosrem-copy\/","og_locale":"pl_PL","og_type":"article","og_title":"FOM-MEM","og_url":"https:\/\/www.elpromaelectronics.com\/pl\/produkt\/fosrem-copy\/","og_site_name":"Elproma","article_modified_time":"2025-01-24T12:37:31+00:00","og_image":[{"width":870,"height":1024,"url":"https:\/\/www.elpromaelectronics.com\/wp-content\/uploads\/2025\/01\/FOM-MEM-870x1024.jpg","type":"image\/jpeg"}],"twitter_card":"summary_large_image","twitter_misc":{"Szacowany czas czytania":"1 minuta"},"schema":{"@context":"https:\/\/schema.org","@graph":[{"@type":"WebPage","@id":"https:\/\/www.elpromaelectronics.com\/pl\/produkt\/fosrem-copy\/","url":"https:\/\/www.elpromaelectronics.com\/pl\/produkt\/fosrem-copy\/","name":"FOM-MEM - Elproma","isPartOf":{"@id":"https:\/\/www.elpromaelectronics.com\/pl\/#website"},"primaryImageOfPage":{"@id":"https:\/\/www.elpromaelectronics.com\/pl\/produkt\/fosrem-copy\/#primaryimage"},"image":{"@id":"https:\/\/www.elpromaelectronics.com\/pl\/produkt\/fosrem-copy\/#primaryimage"},"thumbnailUrl":"https:\/\/www.elpromaelectronics.com\/wp-content\/uploads\/2025\/01\/FOM-MEM.jpg","datePublished":"2025-01-09T13:18:44+00:00","dateModified":"2025-01-24T12:37:31+00:00","breadcrumb":{"@id":"https:\/\/www.elpromaelectronics.com\/pl\/produkt\/fosrem-copy\/#breadcrumb"},"inLanguage":"pl-PL","potentialAction":[{"@type":"ReadAction","target":["https:\/\/www.elpromaelectronics.com\/pl\/produkt\/fosrem-copy\/"]}]},{"@type":"ImageObject","inLanguage":"pl-PL","@id":"https:\/\/www.elpromaelectronics.com\/pl\/produkt\/fosrem-copy\/#primaryimage","url":"https:\/\/www.elpromaelectronics.com\/wp-content\/uploads\/2025\/01\/FOM-MEM.jpg","contentUrl":"https:\/\/www.elpromaelectronics.com\/wp-content\/uploads\/2025\/01\/FOM-MEM.jpg","width":1117,"height":1315},{"@type":"BreadcrumbList","@id":"https:\/\/www.elpromaelectronics.com\/pl\/produkt\/fosrem-copy\/#breadcrumb","itemListElement":[{"@type":"ListItem","position":1,"name":"Home","item":"https:\/\/www.elpromaelectronics.com\/pl\/"},{"@type":"ListItem","position":2,"name":"Sklep","item":"https:\/\/www.elpromaelectronics.com\/pl\/sklep\/"},{"@type":"ListItem","position":3,"name":"FOM-MEM"}]},{"@type":"WebSite","@id":"https:\/\/www.elpromaelectronics.com\/pl\/#website","url":"https:\/\/www.elpromaelectronics.com\/pl\/","name":"Elproma","description":"","publisher":{"@id":"https:\/\/www.elpromaelectronics.com\/pl\/#organization"},"potentialAction":[{"@type":"SearchAction","target":{"@type":"EntryPoint","urlTemplate":"https:\/\/www.elpromaelectronics.com\/pl\/?s={search_term_string}"},"query-input":{"@type":"PropertyValueSpecification","valueRequired":true,"valueName":"search_term_string"}}],"inLanguage":"pl-PL"},{"@type":"Organization","@id":"https:\/\/www.elpromaelectronics.com\/pl\/#organization","name":"Elproma Elektronika Sp. z o.o.","url":"https:\/\/www.elpromaelectronics.com\/pl\/","logo":{"@type":"ImageObject","inLanguage":"pl-PL","@id":"https:\/\/www.elpromaelectronics.com\/pl\/#\/schema\/logo\/image\/","url":"https:\/\/www.elpromaelectronics.com\/wp-content\/uploads\/2021\/09\/Elproma_logo.jpg","contentUrl":"https:\/\/www.elpromaelectronics.com\/wp-content\/uploads\/2021\/09\/Elproma_logo.jpg","width":1024,"height":229,"caption":"Elproma Elektronika Sp. z o.o."},"image":{"@id":"https:\/\/www.elpromaelectronics.com\/pl\/#\/schema\/logo\/image\/"},"sameAs":["https:\/\/www.linkedin.com\/company\/elproma-electronics\/"]}]}},"_links":{"self":[{"href":"https:\/\/www.elpromaelectronics.com\/pl\/wp-json\/wp\/v2\/product\/5539","targetHints":{"allow":["GET"]}}],"collection":[{"href":"https:\/\/www.elpromaelectronics.com\/pl\/wp-json\/wp\/v2\/product"}],"about":[{"href":"https:\/\/www.elpromaelectronics.com\/pl\/wp-json\/wp\/v2\/types\/product"}],"version-history":[{"count":10,"href":"https:\/\/www.elpromaelectronics.com\/pl\/wp-json\/wp\/v2\/product\/5539\/revisions"}],"predecessor-version":[{"id":5823,"href":"https:\/\/www.elpromaelectronics.com\/pl\/wp-json\/wp\/v2\/product\/5539\/revisions\/5823"}],"wp:featuredmedia":[{"embeddable":true,"href":"https:\/\/www.elpromaelectronics.com\/pl\/wp-json\/wp\/v2\/media\/5560"}],"wp:attachment":[{"href":"https:\/\/www.elpromaelectronics.com\/pl\/wp-json\/wp\/v2\/media?parent=5539"}],"wp:term":[{"taxonomy":"component","embeddable":true,"href":"https:\/\/www.elpromaelectronics.com\/pl\/wp-json\/wp\/v2\/component?post=5539"},{"taxonomy":"product_brand","embeddable":true,"href":"https:\/\/www.elpromaelectronics.com\/pl\/wp-json\/wp\/v2\/product_brand?post=5539"},{"taxonomy":"product_cat","embeddable":true,"href":"https:\/\/www.elpromaelectronics.com\/pl\/wp-json\/wp\/v2\/product_cat?post=5539"},{"taxonomy":"product_tag","embeddable":true,"href":"https:\/\/www.elpromaelectronics.com\/pl\/wp-json\/wp\/v2\/product_tag?post=5539"}],"curies":[{"name":"wp","href":"https:\/\/api.w.org\/{rel}","templated":true}]}}