{"id":5571,"date":"2025-01-10T09:33:18","date_gmt":"2025-01-10T08:33:18","guid":{"rendered":"https:\/\/www.elpromaelectronics.com\/?post_type=product&#038;p=5571"},"modified":"2025-01-24T13:09:05","modified_gmt":"2025-01-24T12:09:05","slug":"fog-ins-pl","status":"publish","type":"product","link":"https:\/\/www.elpromaelectronics.com\/pl\/produkt\/fog-ins-pl\/","title":{"rendered":"FOG-INS"},"content":{"rendered":"<p align=\"justify\"><strong>FOG-INS<\/strong> jest projektem ukierunkowanym na opracowanie pierwszego w kraju 3-osiowego \u017cyroskopu \u015bwiat\u0142owodowego \u2013 FOG (ang. Fiber-Optic Gyroscope) przeznaczonego do kr\u00f3tko-okresowych inercyjnych system\u00f3w nawigacyjnych (INS) klasy intermediate stosowanych w pojazdach autonomicznych. Przy zapewnieniu czu\u0142o\u015bci rz\u0119du 0,01 deg\/Sqrt(h), stabilno\u015bci \u015brodowiskowej okre\u015blanej przez dryft rz\u0119du 0,05 deg\/h, zakresu pomiarowego od 0,01 deg\/h do 100 deg\/s z liniowo\u015bci\u0105 50 ppm, urz\u0105dzenie b\u0119dzie spe\u0142nia\u0142o tak\u017ce wyg\u00f3rowane wymagania co do gabaryt\u00f3w, masy, zasilania, odporno\u015bci \u015brodowiskowej w tym na zmiany temperatury, wibracje, przeci\u0105\u017cenia. Osi\u0105gniecie powy\u017cszych wymaga\u0144 jest mo\u017cliwe poprzez realizacj\u0119 prac B+R na trzech wzajemnie powi\u0105zanych kierunkach b\u0119d\u0105cych domen\u0105 poszczeg\u00f3lnych konsorcjant\u00f3w.<\/p>\n<p>Wi\u0119cej szczeg\u00f3\u0142\u00f3w na temat tego urz\u0105dzenia mo\u017cna znale\u017a\u0107 na stronie internetowej: \u00a0<a href=\"https:\/\/fogins.eu\"><strong>https:\/\/fogins.eu<\/strong><\/a><\/p>\n","protected":false},"excerpt":{"rendered":"<p><a href=\"https:\/\/www.elpromaelectronics.com\/pl\/projekt-fog-ins\/\"><img fetchpriority=\"high\" decoding=\"async\" class=\"alignnone wp-image-5634\" src=\"https:\/\/www.elpromaelectronics.com\/wp-content\/uploads\/2025\/01\/fog-ins-eu-1.png\" alt=\"\" width=\"1500\" height=\"155\" srcset=\"https:\/\/www.elpromaelectronics.com\/wp-content\/uploads\/2025\/01\/fog-ins-eu-1-700x73.png 700w, https:\/\/www.elpromaelectronics.com\/wp-content\/uploads\/2025\/01\/fog-ins-eu-1-300x31.png 300w, https:\/\/www.elpromaelectronics.com\/wp-content\/uploads\/2025\/01\/fog-ins-eu-1-1024x107.png 1024w\" sizes=\"(max-width: 1500px) 100vw, 1500px\" \/><\/a><\/p>\n","protected":false},"featured_media":5575,"template":"","meta":{"_acf_changed":false,"_themeisle_gutenberg_block_has_review":false},"component":[],"product_brand":[],"product_cat":[364],"product_tag":[],"class_list":{"0":"post-5571","1":"product","2":"type-product","3":"status-publish","4":"has-post-thumbnail","6":"product_cat-photonical-systems-pl","8":"first","9":"instock","10":"downloadable","11":"shipping-taxable","12":"product-type-simple"},"acf":[],"yoast_head":"<!-- This site is optimized with the Yoast SEO Premium plugin v23.0 (Yoast SEO v24.5) - https:\/\/yoast.com\/wordpress\/plugins\/seo\/ -->\n<title>FOG-INS - Elproma<\/title>\n<meta name=\"robots\" content=\"index, follow, max-snippet:-1, max-image-preview:large, max-video-preview:-1\" \/>\n<link rel=\"canonical\" href=\"https:\/\/www.elpromaelectronics.com\/pl\/produkt\/fog-ins-pl\/\" \/>\n<meta property=\"og:locale\" content=\"pl_PL\" \/>\n<meta property=\"og:type\" content=\"article\" \/>\n<meta property=\"og:title\" content=\"FOG-INS\" \/>\n<meta property=\"og:url\" content=\"https:\/\/www.elpromaelectronics.com\/pl\/produkt\/fog-ins-pl\/\" \/>\n<meta property=\"og:site_name\" content=\"Elproma\" \/>\n<meta property=\"article:modified_time\" content=\"2025-01-24T12:09:05+00:00\" \/>\n<meta property=\"og:image\" content=\"https:\/\/www.elpromaelectronics.com\/wp-content\/uploads\/2025\/01\/FOG-INS_2.jpg\" \/>\n\t<meta property=\"og:image:width\" content=\"938\" \/>\n\t<meta property=\"og:image:height\" content=\"852\" \/>\n\t<meta property=\"og:image:type\" content=\"image\/jpeg\" \/>\n<meta name=\"twitter:card\" content=\"summary_large_image\" \/>\n<script type=\"application\/ld+json\" class=\"yoast-schema-graph\">{\"@context\":\"https:\/\/schema.org\",\"@graph\":[{\"@type\":\"WebPage\",\"@id\":\"https:\/\/www.elpromaelectronics.com\/pl\/produkt\/fog-ins-pl\/\",\"url\":\"https:\/\/www.elpromaelectronics.com\/pl\/produkt\/fog-ins-pl\/\",\"name\":\"FOG-INS - Elproma\",\"isPartOf\":{\"@id\":\"https:\/\/www.elpromaelectronics.com\/pl\/#website\"},\"primaryImageOfPage\":{\"@id\":\"https:\/\/www.elpromaelectronics.com\/pl\/produkt\/fog-ins-pl\/#primaryimage\"},\"image\":{\"@id\":\"https:\/\/www.elpromaelectronics.com\/pl\/produkt\/fog-ins-pl\/#primaryimage\"},\"thumbnailUrl\":\"https:\/\/www.elpromaelectronics.com\/wp-content\/uploads\/2025\/01\/FOG-INS_2.jpg\",\"datePublished\":\"2025-01-10T08:33:18+00:00\",\"dateModified\":\"2025-01-24T12:09:05+00:00\",\"breadcrumb\":{\"@id\":\"https:\/\/www.elpromaelectronics.com\/pl\/produkt\/fog-ins-pl\/#breadcrumb\"},\"inLanguage\":\"pl-PL\",\"potentialAction\":[{\"@type\":\"ReadAction\",\"target\":[\"https:\/\/www.elpromaelectronics.com\/pl\/produkt\/fog-ins-pl\/\"]}]},{\"@type\":\"ImageObject\",\"inLanguage\":\"pl-PL\",\"@id\":\"https:\/\/www.elpromaelectronics.com\/pl\/produkt\/fog-ins-pl\/#primaryimage\",\"url\":\"https:\/\/www.elpromaelectronics.com\/wp-content\/uploads\/2025\/01\/FOG-INS_2.jpg\",\"contentUrl\":\"https:\/\/www.elpromaelectronics.com\/wp-content\/uploads\/2025\/01\/FOG-INS_2.jpg\",\"width\":938,\"height\":852},{\"@type\":\"BreadcrumbList\",\"@id\":\"https:\/\/www.elpromaelectronics.com\/pl\/produkt\/fog-ins-pl\/#breadcrumb\",\"itemListElement\":[{\"@type\":\"ListItem\",\"position\":1,\"name\":\"Home\",\"item\":\"https:\/\/www.elpromaelectronics.com\/pl\/\"},{\"@type\":\"ListItem\",\"position\":2,\"name\":\"Sklep\",\"item\":\"https:\/\/www.elpromaelectronics.com\/pl\/sklep\/\"},{\"@type\":\"ListItem\",\"position\":3,\"name\":\"FOG-INS\"}]},{\"@type\":\"WebSite\",\"@id\":\"https:\/\/www.elpromaelectronics.com\/pl\/#website\",\"url\":\"https:\/\/www.elpromaelectronics.com\/pl\/\",\"name\":\"Elproma\",\"description\":\"\",\"publisher\":{\"@id\":\"https:\/\/www.elpromaelectronics.com\/pl\/#organization\"},\"potentialAction\":[{\"@type\":\"SearchAction\",\"target\":{\"@type\":\"EntryPoint\",\"urlTemplate\":\"https:\/\/www.elpromaelectronics.com\/pl\/?s={search_term_string}\"},\"query-input\":{\"@type\":\"PropertyValueSpecification\",\"valueRequired\":true,\"valueName\":\"search_term_string\"}}],\"inLanguage\":\"pl-PL\"},{\"@type\":\"Organization\",\"@id\":\"https:\/\/www.elpromaelectronics.com\/pl\/#organization\",\"name\":\"Elproma Elektronika Sp. z o.o.\",\"url\":\"https:\/\/www.elpromaelectronics.com\/pl\/\",\"logo\":{\"@type\":\"ImageObject\",\"inLanguage\":\"pl-PL\",\"@id\":\"https:\/\/www.elpromaelectronics.com\/pl\/#\/schema\/logo\/image\/\",\"url\":\"https:\/\/www.elpromaelectronics.com\/wp-content\/uploads\/2021\/09\/Elproma_logo.jpg\",\"contentUrl\":\"https:\/\/www.elpromaelectronics.com\/wp-content\/uploads\/2021\/09\/Elproma_logo.jpg\",\"width\":1024,\"height\":229,\"caption\":\"Elproma Elektronika Sp. z o.o.\"},\"image\":{\"@id\":\"https:\/\/www.elpromaelectronics.com\/pl\/#\/schema\/logo\/image\/\"},\"sameAs\":[\"https:\/\/www.linkedin.com\/company\/elproma-electronics\/\"]}]}<\/script>\n<!-- \/ Yoast SEO Premium plugin. -->","yoast_head_json":{"title":"FOG-INS - Elproma","robots":{"index":"index","follow":"follow","max-snippet":"max-snippet:-1","max-image-preview":"max-image-preview:large","max-video-preview":"max-video-preview:-1"},"canonical":"https:\/\/www.elpromaelectronics.com\/pl\/produkt\/fog-ins-pl\/","og_locale":"pl_PL","og_type":"article","og_title":"FOG-INS","og_url":"https:\/\/www.elpromaelectronics.com\/pl\/produkt\/fog-ins-pl\/","og_site_name":"Elproma","article_modified_time":"2025-01-24T12:09:05+00:00","og_image":[{"width":938,"height":852,"url":"https:\/\/www.elpromaelectronics.com\/wp-content\/uploads\/2025\/01\/FOG-INS_2.jpg","type":"image\/jpeg"}],"twitter_card":"summary_large_image","schema":{"@context":"https:\/\/schema.org","@graph":[{"@type":"WebPage","@id":"https:\/\/www.elpromaelectronics.com\/pl\/produkt\/fog-ins-pl\/","url":"https:\/\/www.elpromaelectronics.com\/pl\/produkt\/fog-ins-pl\/","name":"FOG-INS - Elproma","isPartOf":{"@id":"https:\/\/www.elpromaelectronics.com\/pl\/#website"},"primaryImageOfPage":{"@id":"https:\/\/www.elpromaelectronics.com\/pl\/produkt\/fog-ins-pl\/#primaryimage"},"image":{"@id":"https:\/\/www.elpromaelectronics.com\/pl\/produkt\/fog-ins-pl\/#primaryimage"},"thumbnailUrl":"https:\/\/www.elpromaelectronics.com\/wp-content\/uploads\/2025\/01\/FOG-INS_2.jpg","datePublished":"2025-01-10T08:33:18+00:00","dateModified":"2025-01-24T12:09:05+00:00","breadcrumb":{"@id":"https:\/\/www.elpromaelectronics.com\/pl\/produkt\/fog-ins-pl\/#breadcrumb"},"inLanguage":"pl-PL","potentialAction":[{"@type":"ReadAction","target":["https:\/\/www.elpromaelectronics.com\/pl\/produkt\/fog-ins-pl\/"]}]},{"@type":"ImageObject","inLanguage":"pl-PL","@id":"https:\/\/www.elpromaelectronics.com\/pl\/produkt\/fog-ins-pl\/#primaryimage","url":"https:\/\/www.elpromaelectronics.com\/wp-content\/uploads\/2025\/01\/FOG-INS_2.jpg","contentUrl":"https:\/\/www.elpromaelectronics.com\/wp-content\/uploads\/2025\/01\/FOG-INS_2.jpg","width":938,"height":852},{"@type":"BreadcrumbList","@id":"https:\/\/www.elpromaelectronics.com\/pl\/produkt\/fog-ins-pl\/#breadcrumb","itemListElement":[{"@type":"ListItem","position":1,"name":"Home","item":"https:\/\/www.elpromaelectronics.com\/pl\/"},{"@type":"ListItem","position":2,"name":"Sklep","item":"https:\/\/www.elpromaelectronics.com\/pl\/sklep\/"},{"@type":"ListItem","position":3,"name":"FOG-INS"}]},{"@type":"WebSite","@id":"https:\/\/www.elpromaelectronics.com\/pl\/#website","url":"https:\/\/www.elpromaelectronics.com\/pl\/","name":"Elproma","description":"","publisher":{"@id":"https:\/\/www.elpromaelectronics.com\/pl\/#organization"},"potentialAction":[{"@type":"SearchAction","target":{"@type":"EntryPoint","urlTemplate":"https:\/\/www.elpromaelectronics.com\/pl\/?s={search_term_string}"},"query-input":{"@type":"PropertyValueSpecification","valueRequired":true,"valueName":"search_term_string"}}],"inLanguage":"pl-PL"},{"@type":"Organization","@id":"https:\/\/www.elpromaelectronics.com\/pl\/#organization","name":"Elproma Elektronika Sp. z o.o.","url":"https:\/\/www.elpromaelectronics.com\/pl\/","logo":{"@type":"ImageObject","inLanguage":"pl-PL","@id":"https:\/\/www.elpromaelectronics.com\/pl\/#\/schema\/logo\/image\/","url":"https:\/\/www.elpromaelectronics.com\/wp-content\/uploads\/2021\/09\/Elproma_logo.jpg","contentUrl":"https:\/\/www.elpromaelectronics.com\/wp-content\/uploads\/2021\/09\/Elproma_logo.jpg","width":1024,"height":229,"caption":"Elproma Elektronika Sp. z o.o."},"image":{"@id":"https:\/\/www.elpromaelectronics.com\/pl\/#\/schema\/logo\/image\/"},"sameAs":["https:\/\/www.linkedin.com\/company\/elproma-electronics\/"]}]}},"_links":{"self":[{"href":"https:\/\/www.elpromaelectronics.com\/pl\/wp-json\/wp\/v2\/product\/5571","targetHints":{"allow":["GET"]}}],"collection":[{"href":"https:\/\/www.elpromaelectronics.com\/pl\/wp-json\/wp\/v2\/product"}],"about":[{"href":"https:\/\/www.elpromaelectronics.com\/pl\/wp-json\/wp\/v2\/types\/product"}],"version-history":[{"count":7,"href":"https:\/\/www.elpromaelectronics.com\/pl\/wp-json\/wp\/v2\/product\/5571\/revisions"}],"predecessor-version":[{"id":5820,"href":"https:\/\/www.elpromaelectronics.com\/pl\/wp-json\/wp\/v2\/product\/5571\/revisions\/5820"}],"wp:featuredmedia":[{"embeddable":true,"href":"https:\/\/www.elpromaelectronics.com\/pl\/wp-json\/wp\/v2\/media\/5575"}],"wp:attachment":[{"href":"https:\/\/www.elpromaelectronics.com\/pl\/wp-json\/wp\/v2\/media?parent=5571"}],"wp:term":[{"taxonomy":"component","embeddable":true,"href":"https:\/\/www.elpromaelectronics.com\/pl\/wp-json\/wp\/v2\/component?post=5571"},{"taxonomy":"product_brand","embeddable":true,"href":"https:\/\/www.elpromaelectronics.com\/pl\/wp-json\/wp\/v2\/product_brand?post=5571"},{"taxonomy":"product_cat","embeddable":true,"href":"https:\/\/www.elpromaelectronics.com\/pl\/wp-json\/wp\/v2\/product_cat?post=5571"},{"taxonomy":"product_tag","embeddable":true,"href":"https:\/\/www.elpromaelectronics.com\/pl\/wp-json\/wp\/v2\/product_tag?post=5571"}],"curies":[{"name":"wp","href":"https:\/\/api.w.org\/{rel}","templated":true}]}}