{"id":6085,"date":"2025-05-16T14:09:53","date_gmt":"2025-05-16T12:09:53","guid":{"rendered":"https:\/\/www.elpromaelectronics.com\/?post_type=product&#038;p=6085"},"modified":"2025-06-03T14:56:33","modified_gmt":"2025-06-03T12:56:33","slug":"smartdock","status":"publish","type":"product","link":"https:\/\/www.elpromaelectronics.com\/pl\/produkt\/smartdock\/","title":{"rendered":"SmartDock"},"content":{"rendered":"<p><strong>SmartDock<\/strong> to element <a href=\"https:\/\/en.wikipedia.org\/wiki\/Smart_meter\">systemu zdalnego odczytu licznik\u00f3w<\/a> wody, gazu itp. Jest to emulator obrot\u00f3w licznika (metalowego elementu), umo\u017cliwia przekazywanie ruchu obrotowego licznika. Urz\u0105dzenie jest przydatne, gdy wodomierz lub inny licznik jest zainstalowany w miejscu trudno dost\u0119pnym lub takim, w kt\u00f3rym komunikacja radiowa jest ograniczona z powodu du\u017cego t\u0142umienia fal radiowych lub niewystarczaj\u0105cego zasi\u0119gu.<\/p>\n<p><a href=\"https:\/\/www.elpromaelectronics.com\/pl\/produkt\/smartdock\">SmartDock<\/a> jest zasilany przez wbudowan\u0105 bateri\u0119, kt\u00f3ra wystarcza na minimum 10 lat. Obudowa spe\u0142nia norm\u0119 IP68 (mo\u017cliwy monta\u017c m.in. w studzienkach kanalizacyjnych) i mo\u017cemy dopasowa\u0107 j\u0105 mechanicznie do dedykowanych rozwi\u0105za\u0144.<\/p>\n","protected":false},"excerpt":{"rendered":"<p>SmartDock to element systemu zdalnego odczytu licznik\u00f3w wody, gazu itp. Jest to emulator obrot\u00f3w licznika (metalowego elementu), umo\u017cliwia przekazywanie ruchu obrotowego licznika. Urz\u0105dzenie jest przydatne, gdy wodomierz lub inny licznik jest zainstalowany w miejscu trudno dost\u0119pnym lub takim, w kt\u00f3rym komunikacja radiowa jest ograniczona z powodu du\u017cego t\u0142umienia fal radiowych lub niewystarczaj\u0105cego zasi\u0119gu. SmartDock jest zasilany przez wbudowan\u0105 bateri\u0119, kt\u00f3ra\u2026<\/p>\n","protected":false},"featured_media":6197,"template":"","meta":{"_acf_changed":false,"_themeisle_gutenberg_block_has_review":false},"component":[],"product_brand":[],"product_cat":[223],"product_tag":[375,373,374],"class_list":{"0":"post-6085","1":"product","2":"type-product","3":"status-publish","4":"has-post-thumbnail","6":"product_cat-telemetry-pl","7":"product_tag-meter-pl","8":"product_tag-system-pl","9":"product_tag-water-pl","11":"first","12":"instock","13":"downloadable","14":"shipping-taxable","15":"product-type-simple"},"acf":[],"yoast_head":"<!-- This site is optimized with the Yoast SEO Premium plugin v23.0 (Yoast SEO v24.5) - https:\/\/yoast.com\/wordpress\/plugins\/seo\/ -->\n<title>SmartDock to komponent systemu zdalnego odczytu licznik\u00f3w<\/title>\n<meta name=\"description\" content=\"SmartDock - komponent systemu zdalnego odczytu licznik\u00f3w, odtwarzaj\u0105cy ruch obrot\u00f3w licznik\u00f3w (wodomierzy, gazomierzy i innych)\" \/>\n<meta name=\"robots\" content=\"index, follow, max-snippet:-1, max-image-preview:large, max-video-preview:-1\" \/>\n<link rel=\"canonical\" href=\"https:\/\/www.elpromaelectronics.com\/pl\/produkt\/smartdock\/\" \/>\n<meta property=\"og:locale\" content=\"pl_PL\" \/>\n<meta property=\"og:type\" content=\"article\" \/>\n<meta property=\"og:title\" content=\"SmartDock\" \/>\n<meta property=\"og:description\" content=\"SmartDock - komponent systemu zdalnego odczytu licznik\u00f3w, odtwarzaj\u0105cy ruch obrot\u00f3w licznik\u00f3w (wodomierzy, gazomierzy i innych)\" \/>\n<meta property=\"og:url\" content=\"https:\/\/www.elpromaelectronics.com\/pl\/produkt\/smartdock\/\" \/>\n<meta property=\"og:site_name\" content=\"Elproma\" \/>\n<meta property=\"article:modified_time\" content=\"2025-06-03T12:56:33+00:00\" \/>\n<meta property=\"og:image\" content=\"https:\/\/www.elpromaelectronics.com\/wp-content\/uploads\/2025\/05\/SmartDock_przer2-1.jpg\" \/>\n\t<meta property=\"og:image:width\" content=\"1396\" \/>\n\t<meta property=\"og:image:height\" content=\"1118\" \/>\n\t<meta property=\"og:image:type\" content=\"image\/jpeg\" \/>\n<meta name=\"twitter:card\" content=\"summary_large_image\" \/>\n<meta name=\"twitter:label1\" content=\"Szacowany czas czytania\" \/>\n\t<meta name=\"twitter:data1\" content=\"1 minuta\" \/>\n<script type=\"application\/ld+json\" class=\"yoast-schema-graph\">{\"@context\":\"https:\/\/schema.org\",\"@graph\":[{\"@type\":\"WebPage\",\"@id\":\"https:\/\/www.elpromaelectronics.com\/pl\/produkt\/smartdock\/\",\"url\":\"https:\/\/www.elpromaelectronics.com\/pl\/produkt\/smartdock\/\",\"name\":\"SmartDock to komponent systemu zdalnego odczytu licznik\u00f3w\",\"isPartOf\":{\"@id\":\"https:\/\/www.elpromaelectronics.com\/pl\/#website\"},\"primaryImageOfPage\":{\"@id\":\"https:\/\/www.elpromaelectronics.com\/pl\/produkt\/smartdock\/#primaryimage\"},\"image\":{\"@id\":\"https:\/\/www.elpromaelectronics.com\/pl\/produkt\/smartdock\/#primaryimage\"},\"thumbnailUrl\":\"https:\/\/www.elpromaelectronics.com\/wp-content\/uploads\/2025\/05\/SmartDock_przer2-1.jpg\",\"datePublished\":\"2025-05-16T12:09:53+00:00\",\"dateModified\":\"2025-06-03T12:56:33+00:00\",\"description\":\"SmartDock - komponent systemu zdalnego odczytu licznik\u00f3w, odtwarzaj\u0105cy ruch obrot\u00f3w licznik\u00f3w (wodomierzy, gazomierzy i innych)\",\"breadcrumb\":{\"@id\":\"https:\/\/www.elpromaelectronics.com\/pl\/produkt\/smartdock\/#breadcrumb\"},\"inLanguage\":\"pl-PL\",\"potentialAction\":[{\"@type\":\"ReadAction\",\"target\":[\"https:\/\/www.elpromaelectronics.com\/pl\/produkt\/smartdock\/\"]}]},{\"@type\":\"ImageObject\",\"inLanguage\":\"pl-PL\",\"@id\":\"https:\/\/www.elpromaelectronics.com\/pl\/produkt\/smartdock\/#primaryimage\",\"url\":\"https:\/\/www.elpromaelectronics.com\/wp-content\/uploads\/2025\/05\/SmartDock_przer2-1.jpg\",\"contentUrl\":\"https:\/\/www.elpromaelectronics.com\/wp-content\/uploads\/2025\/05\/SmartDock_przer2-1.jpg\",\"width\":1396,\"height\":1118,\"caption\":\"SmartDock component of Smart Water Meter readout system SmartDock to komponent systemu zdalnego odczytu licznik\u00f3w\"},{\"@type\":\"BreadcrumbList\",\"@id\":\"https:\/\/www.elpromaelectronics.com\/pl\/produkt\/smartdock\/#breadcrumb\",\"itemListElement\":[{\"@type\":\"ListItem\",\"position\":1,\"name\":\"Home\",\"item\":\"https:\/\/www.elpromaelectronics.com\/pl\/\"},{\"@type\":\"ListItem\",\"position\":2,\"name\":\"Sklep\",\"item\":\"https:\/\/www.elpromaelectronics.com\/pl\/sklep\/\"},{\"@type\":\"ListItem\",\"position\":3,\"name\":\"SmartDock\"}]},{\"@type\":\"WebSite\",\"@id\":\"https:\/\/www.elpromaelectronics.com\/pl\/#website\",\"url\":\"https:\/\/www.elpromaelectronics.com\/pl\/\",\"name\":\"Elproma\",\"description\":\"\",\"publisher\":{\"@id\":\"https:\/\/www.elpromaelectronics.com\/pl\/#organization\"},\"potentialAction\":[{\"@type\":\"SearchAction\",\"target\":{\"@type\":\"EntryPoint\",\"urlTemplate\":\"https:\/\/www.elpromaelectronics.com\/pl\/?s={search_term_string}\"},\"query-input\":{\"@type\":\"PropertyValueSpecification\",\"valueRequired\":true,\"valueName\":\"search_term_string\"}}],\"inLanguage\":\"pl-PL\"},{\"@type\":\"Organization\",\"@id\":\"https:\/\/www.elpromaelectronics.com\/pl\/#organization\",\"name\":\"Elproma Elektronika Sp. z o.o.\",\"url\":\"https:\/\/www.elpromaelectronics.com\/pl\/\",\"logo\":{\"@type\":\"ImageObject\",\"inLanguage\":\"pl-PL\",\"@id\":\"https:\/\/www.elpromaelectronics.com\/pl\/#\/schema\/logo\/image\/\",\"url\":\"https:\/\/www.elpromaelectronics.com\/wp-content\/uploads\/2021\/09\/Elproma_logo.jpg\",\"contentUrl\":\"https:\/\/www.elpromaelectronics.com\/wp-content\/uploads\/2021\/09\/Elproma_logo.jpg\",\"width\":1024,\"height\":229,\"caption\":\"Elproma Elektronika Sp. z o.o.\"},\"image\":{\"@id\":\"https:\/\/www.elpromaelectronics.com\/pl\/#\/schema\/logo\/image\/\"},\"sameAs\":[\"https:\/\/www.linkedin.com\/company\/elproma-electronics\/\"]}]}<\/script>\n<!-- \/ Yoast SEO Premium plugin. -->","yoast_head_json":{"title":"SmartDock to komponent systemu zdalnego odczytu licznik\u00f3w","description":"SmartDock - komponent systemu zdalnego odczytu licznik\u00f3w, odtwarzaj\u0105cy ruch obrot\u00f3w licznik\u00f3w (wodomierzy, gazomierzy i innych)","robots":{"index":"index","follow":"follow","max-snippet":"max-snippet:-1","max-image-preview":"max-image-preview:large","max-video-preview":"max-video-preview:-1"},"canonical":"https:\/\/www.elpromaelectronics.com\/pl\/produkt\/smartdock\/","og_locale":"pl_PL","og_type":"article","og_title":"SmartDock","og_description":"SmartDock - komponent systemu zdalnego odczytu licznik\u00f3w, odtwarzaj\u0105cy ruch obrot\u00f3w licznik\u00f3w (wodomierzy, gazomierzy i innych)","og_url":"https:\/\/www.elpromaelectronics.com\/pl\/produkt\/smartdock\/","og_site_name":"Elproma","article_modified_time":"2025-06-03T12:56:33+00:00","og_image":[{"width":1396,"height":1118,"url":"https:\/\/www.elpromaelectronics.com\/wp-content\/uploads\/2025\/05\/SmartDock_przer2-1.jpg","type":"image\/jpeg"}],"twitter_card":"summary_large_image","twitter_misc":{"Szacowany czas czytania":"1 minuta"},"schema":{"@context":"https:\/\/schema.org","@graph":[{"@type":"WebPage","@id":"https:\/\/www.elpromaelectronics.com\/pl\/produkt\/smartdock\/","url":"https:\/\/www.elpromaelectronics.com\/pl\/produkt\/smartdock\/","name":"SmartDock to komponent systemu zdalnego odczytu licznik\u00f3w","isPartOf":{"@id":"https:\/\/www.elpromaelectronics.com\/pl\/#website"},"primaryImageOfPage":{"@id":"https:\/\/www.elpromaelectronics.com\/pl\/produkt\/smartdock\/#primaryimage"},"image":{"@id":"https:\/\/www.elpromaelectronics.com\/pl\/produkt\/smartdock\/#primaryimage"},"thumbnailUrl":"https:\/\/www.elpromaelectronics.com\/wp-content\/uploads\/2025\/05\/SmartDock_przer2-1.jpg","datePublished":"2025-05-16T12:09:53+00:00","dateModified":"2025-06-03T12:56:33+00:00","description":"SmartDock - komponent systemu zdalnego odczytu licznik\u00f3w, odtwarzaj\u0105cy ruch obrot\u00f3w licznik\u00f3w (wodomierzy, gazomierzy i innych)","breadcrumb":{"@id":"https:\/\/www.elpromaelectronics.com\/pl\/produkt\/smartdock\/#breadcrumb"},"inLanguage":"pl-PL","potentialAction":[{"@type":"ReadAction","target":["https:\/\/www.elpromaelectronics.com\/pl\/produkt\/smartdock\/"]}]},{"@type":"ImageObject","inLanguage":"pl-PL","@id":"https:\/\/www.elpromaelectronics.com\/pl\/produkt\/smartdock\/#primaryimage","url":"https:\/\/www.elpromaelectronics.com\/wp-content\/uploads\/2025\/05\/SmartDock_przer2-1.jpg","contentUrl":"https:\/\/www.elpromaelectronics.com\/wp-content\/uploads\/2025\/05\/SmartDock_przer2-1.jpg","width":1396,"height":1118,"caption":"SmartDock component of Smart Water Meter readout system SmartDock to komponent systemu zdalnego odczytu licznik\u00f3w"},{"@type":"BreadcrumbList","@id":"https:\/\/www.elpromaelectronics.com\/pl\/produkt\/smartdock\/#breadcrumb","itemListElement":[{"@type":"ListItem","position":1,"name":"Home","item":"https:\/\/www.elpromaelectronics.com\/pl\/"},{"@type":"ListItem","position":2,"name":"Sklep","item":"https:\/\/www.elpromaelectronics.com\/pl\/sklep\/"},{"@type":"ListItem","position":3,"name":"SmartDock"}]},{"@type":"WebSite","@id":"https:\/\/www.elpromaelectronics.com\/pl\/#website","url":"https:\/\/www.elpromaelectronics.com\/pl\/","name":"Elproma","description":"","publisher":{"@id":"https:\/\/www.elpromaelectronics.com\/pl\/#organization"},"potentialAction":[{"@type":"SearchAction","target":{"@type":"EntryPoint","urlTemplate":"https:\/\/www.elpromaelectronics.com\/pl\/?s={search_term_string}"},"query-input":{"@type":"PropertyValueSpecification","valueRequired":true,"valueName":"search_term_string"}}],"inLanguage":"pl-PL"},{"@type":"Organization","@id":"https:\/\/www.elpromaelectronics.com\/pl\/#organization","name":"Elproma Elektronika Sp. z o.o.","url":"https:\/\/www.elpromaelectronics.com\/pl\/","logo":{"@type":"ImageObject","inLanguage":"pl-PL","@id":"https:\/\/www.elpromaelectronics.com\/pl\/#\/schema\/logo\/image\/","url":"https:\/\/www.elpromaelectronics.com\/wp-content\/uploads\/2021\/09\/Elproma_logo.jpg","contentUrl":"https:\/\/www.elpromaelectronics.com\/wp-content\/uploads\/2021\/09\/Elproma_logo.jpg","width":1024,"height":229,"caption":"Elproma Elektronika Sp. z o.o."},"image":{"@id":"https:\/\/www.elpromaelectronics.com\/pl\/#\/schema\/logo\/image\/"},"sameAs":["https:\/\/www.linkedin.com\/company\/elproma-electronics\/"]}]}},"_links":{"self":[{"href":"https:\/\/www.elpromaelectronics.com\/pl\/wp-json\/wp\/v2\/product\/6085","targetHints":{"allow":["GET"]}}],"collection":[{"href":"https:\/\/www.elpromaelectronics.com\/pl\/wp-json\/wp\/v2\/product"}],"about":[{"href":"https:\/\/www.elpromaelectronics.com\/pl\/wp-json\/wp\/v2\/types\/product"}],"version-history":[{"count":17,"href":"https:\/\/www.elpromaelectronics.com\/pl\/wp-json\/wp\/v2\/product\/6085\/revisions"}],"predecessor-version":[{"id":6236,"href":"https:\/\/www.elpromaelectronics.com\/pl\/wp-json\/wp\/v2\/product\/6085\/revisions\/6236"}],"wp:featuredmedia":[{"embeddable":true,"href":"https:\/\/www.elpromaelectronics.com\/pl\/wp-json\/wp\/v2\/media\/6197"}],"wp:attachment":[{"href":"https:\/\/www.elpromaelectronics.com\/pl\/wp-json\/wp\/v2\/media?parent=6085"}],"wp:term":[{"taxonomy":"component","embeddable":true,"href":"https:\/\/www.elpromaelectronics.com\/pl\/wp-json\/wp\/v2\/component?post=6085"},{"taxonomy":"product_brand","embeddable":true,"href":"https:\/\/www.elpromaelectronics.com\/pl\/wp-json\/wp\/v2\/product_brand?post=6085"},{"taxonomy":"product_cat","embeddable":true,"href":"https:\/\/www.elpromaelectronics.com\/pl\/wp-json\/wp\/v2\/product_cat?post=6085"},{"taxonomy":"product_tag","embeddable":true,"href":"https:\/\/www.elpromaelectronics.com\/pl\/wp-json\/wp\/v2\/product_tag?post=6085"}],"curies":[{"name":"wp","href":"https:\/\/api.w.org\/{rel}","templated":true}]}}