{"id":6658,"date":"2026-01-22T10:51:58","date_gmt":"2026-01-22T09:51:58","guid":{"rendered":"https:\/\/www.elpromaelectronics.com\/?post_type=product&#038;p=6658"},"modified":"2026-03-13T12:37:32","modified_gmt":"2026-03-13T11:37:32","slug":"rb800l-io","status":"publish","type":"product","link":"https:\/\/www.elpromaelectronics.com\/pl\/produkt\/rb800l-io\/","title":{"rendered":"RB800L-IO"},"content":{"rendered":"<div style=\"text-align: justify;\"><span class=\"css-1jxf684 r-bcqeeo r-1ttztb7 r-qvutc0 r-poiln3 r-1adg3ll r-1g7jtus r-1x3r274\"><span class=\"css-1jxf684 r-bcqeeo r-1ttztb7 r-qvutc0 r-poiln3\"><span class=\"css-1jxf684 r-bcqeeo r-1ttztb7 r-qvutc0 r-poiln3 r-1x3r274\">RB800L-IO to kompaktowy, przemys\u0142owy modem zaprojektowany z my\u015bl\u0105 o niezawodnej \u0142\u0105czno\u015bci w najbardziej wymagaj\u0105cych aplikacjach IoT i M2M. Oferuje solidne pr\u0119dko\u015bci LTE Cat.1 z fallbackiem do 2G, co gwarantuje stabiln\u0105 transmisj\u0119 danych nawet w obszarach o trudnym zasi\u0119gu. Zamkni\u0119ty w wytrzyma\u0142ej obudowie, zapewnia szeroki zakres napi\u0119cia zasilania, interfejsy RS232 i USB oraz programowalne wyprowadzenia <a href=\"https:\/\/en.wikipedia.org\/wiki\/General-purpose_input\/output\">GPIO<\/a> \u2014 dzi\u0119ki czemu integracja z dowolnym systemem jest wyj\u0105tkowo prosta i szybka.  <\/span><\/span><\/span><\/div>\n<div>\u00ad<\/div>\n<div><\/div>\n<div><\/div>\n<div style=\"text-align: justify;\">To, co naprawd\u0119 wyr\u00f3\u017cnia <a href=\"https:\/\/www.elpromaelectronics.com\/category\/elproma-telemetry\/\">modem<\/a> RB800L-IO, to wbudowany interpreter j\u0119zyka Python, kt\u00f3ry daje deweloperom swobod\u0119 tworzenia inteligentnej, niestandardowej logiki bezpo\u015brednio na urz\u0105dzeniu \u2014 od edge processing, akcji wyzwalanych zdarzeniami, po zaawansowane sterowanie przez SMS \u2014 bez konieczno\u015bci polegania na zewn\u0119trznych serwerach. Niezale\u017cnie od tego, czy wdra\u017casz inteligentne liczniki, \u015bledzenie floty pojazd\u00f3w w czasie rzeczywistym, systemy zarz\u0105dzania ruchem, alarmy bezpiecze\u0144stwa czy automatyzacj\u0119 obiekt\u00f3w, RB800L-IO \u0142\u0105czy w sobie niezawodn\u0105 wydajno\u015b\u0107, niskie zu\u017cycie energii i d\u0142ugoterminow\u0105 stabilno\u015b\u0107 dzia\u0142ania, co skraca czas wdro\u017cenia, minimalizuje koszty i zapewnia wieloletni\u0105 bezproblemow\u0105 prac\u0119. <\/div>\n","protected":false},"excerpt":{"rendered":"<p>RB800L-IO to kompaktowy, przemys\u0142owy modem zaprojektowany z my\u015bl\u0105 o niezawodnej \u0142\u0105czno\u015bci w najbardziej wymagaj\u0105cych aplikacjach IoT i M2M. Oferuje solidne pr\u0119dko\u015bci LTE Cat.1 z fallbackiem do 2G, co gwarantuje stabiln\u0105 transmisj\u0119 danych nawet w obszarach o trudnym zasi\u0119gu. Zamkni\u0119ty w wytrzyma\u0142ej obudowie, zapewnia szeroki zakres napi\u0119cia zasilania, interfejsy RS232 i USB oraz programowalne wyprowadzenia GPIO \u2014 dzi\u0119ki czemu integracja z\u2026<\/p>\n","protected":false},"featured_media":6660,"template":"","meta":{"_acf_changed":false,"_themeisle_gutenberg_block_has_review":false},"component":[],"product_brand":[],"product_cat":[223],"product_tag":[237,265,259,260,263,238,261,264,262],"class_list":{"0":"post-6658","1":"product","2":"type-product","3":"status-publish","4":"has-post-thumbnail","6":"product_cat-telemetry-pl","7":"product_tag-automatyzacja-przemyslu","8":"product_tag-elektromechanika","9":"product_tag-informacje-drogowe","10":"product_tag-inteligentne-miasto","11":"product_tag-rolnictwo","12":"product_tag-stacje-pogodowe","13":"product_tag-systemy-fotowoltaiczne","14":"product_tag-teleinformatyka","15":"product_tag-telekomunikacja","17":"first","18":"instock","19":"downloadable","20":"shipping-taxable","21":"product-type-simple"},"acf":[],"yoast_head":"<!-- This site is optimized with the Yoast SEO Premium plugin v23.0 (Yoast SEO v24.5) - https:\/\/yoast.com\/wordpress\/plugins\/seo\/ -->\n<title>RB800L-IO modem - Elproma<\/title>\n<meta name=\"description\" content=\"RB800L-IO compact industrial LTE Cat.1 modem with 2G fallback, Python programmable, RS232\/USB\/GPIO. Ideal for smart metering, logistics, security and IoT.\" \/>\n<meta name=\"robots\" content=\"index, follow, max-snippet:-1, max-image-preview:large, max-video-preview:-1\" \/>\n<link rel=\"canonical\" href=\"https:\/\/www.elpromaelectronics.com\/pl\/produkt\/rb800l-io\/\" \/>\n<meta property=\"og:locale\" content=\"pl_PL\" \/>\n<meta property=\"og:type\" content=\"article\" \/>\n<meta property=\"og:title\" content=\"RB800L-IO\" \/>\n<meta property=\"og:description\" content=\"RB800L-IO compact industrial LTE Cat.1 modem with 2G fallback, Python programmable, RS232\/USB\/GPIO. Ideal for smart metering, logistics, security and IoT.\" \/>\n<meta property=\"og:url\" content=\"https:\/\/www.elpromaelectronics.com\/pl\/produkt\/rb800l-io\/\" \/>\n<meta property=\"og:site_name\" content=\"Elproma\" \/>\n<meta property=\"article:modified_time\" content=\"2026-03-13T11:37:32+00:00\" \/>\n<meta property=\"og:image\" content=\"https:\/\/www.elpromaelectronics.com\/wp-content\/uploads\/2026\/01\/RB800L-IO.png\" \/>\n\t<meta property=\"og:image:width\" content=\"1500\" \/>\n\t<meta property=\"og:image:height\" content=\"1500\" \/>\n\t<meta property=\"og:image:type\" content=\"image\/png\" \/>\n<meta name=\"twitter:card\" content=\"summary_large_image\" \/>\n<meta name=\"twitter:label1\" content=\"Szacowany czas czytania\" \/>\n\t<meta name=\"twitter:data1\" content=\"1 minuta\" \/>\n<script type=\"application\/ld+json\" class=\"yoast-schema-graph\">{\"@context\":\"https:\/\/schema.org\",\"@graph\":[{\"@type\":\"WebPage\",\"@id\":\"https:\/\/www.elpromaelectronics.com\/pl\/produkt\/rb800l-io\/\",\"url\":\"https:\/\/www.elpromaelectronics.com\/pl\/produkt\/rb800l-io\/\",\"name\":\"RB800L-IO modem - Elproma\",\"isPartOf\":{\"@id\":\"https:\/\/www.elpromaelectronics.com\/pl\/#website\"},\"primaryImageOfPage\":{\"@id\":\"https:\/\/www.elpromaelectronics.com\/pl\/produkt\/rb800l-io\/#primaryimage\"},\"image\":{\"@id\":\"https:\/\/www.elpromaelectronics.com\/pl\/produkt\/rb800l-io\/#primaryimage\"},\"thumbnailUrl\":\"https:\/\/www.elpromaelectronics.com\/wp-content\/uploads\/2026\/01\/RB800L-IO.png\",\"datePublished\":\"2026-01-22T09:51:58+00:00\",\"dateModified\":\"2026-03-13T11:37:32+00:00\",\"description\":\"RB800L-IO compact industrial LTE Cat.1 modem with 2G fallback, Python programmable, RS232\/USB\/GPIO. Ideal for smart metering, logistics, security and IoT.\",\"breadcrumb\":{\"@id\":\"https:\/\/www.elpromaelectronics.com\/pl\/produkt\/rb800l-io\/#breadcrumb\"},\"inLanguage\":\"pl-PL\",\"potentialAction\":[{\"@type\":\"ReadAction\",\"target\":[\"https:\/\/www.elpromaelectronics.com\/pl\/produkt\/rb800l-io\/\"]}]},{\"@type\":\"ImageObject\",\"inLanguage\":\"pl-PL\",\"@id\":\"https:\/\/www.elpromaelectronics.com\/pl\/produkt\/rb800l-io\/#primaryimage\",\"url\":\"https:\/\/www.elpromaelectronics.com\/wp-content\/uploads\/2026\/01\/RB800L-IO.png\",\"contentUrl\":\"https:\/\/www.elpromaelectronics.com\/wp-content\/uploads\/2026\/01\/RB800L-IO.png\",\"width\":1500,\"height\":1500,\"caption\":\"RB800L-IO modem\"},{\"@type\":\"BreadcrumbList\",\"@id\":\"https:\/\/www.elpromaelectronics.com\/pl\/produkt\/rb800l-io\/#breadcrumb\",\"itemListElement\":[{\"@type\":\"ListItem\",\"position\":1,\"name\":\"Home\",\"item\":\"https:\/\/www.elpromaelectronics.com\/pl\/\"},{\"@type\":\"ListItem\",\"position\":2,\"name\":\"Sklep\",\"item\":\"https:\/\/www.elpromaelectronics.com\/pl\/sklep\/\"},{\"@type\":\"ListItem\",\"position\":3,\"name\":\"RB800L-IO\"}]},{\"@type\":\"WebSite\",\"@id\":\"https:\/\/www.elpromaelectronics.com\/pl\/#website\",\"url\":\"https:\/\/www.elpromaelectronics.com\/pl\/\",\"name\":\"Elproma\",\"description\":\"\",\"publisher\":{\"@id\":\"https:\/\/www.elpromaelectronics.com\/pl\/#organization\"},\"potentialAction\":[{\"@type\":\"SearchAction\",\"target\":{\"@type\":\"EntryPoint\",\"urlTemplate\":\"https:\/\/www.elpromaelectronics.com\/pl\/?s={search_term_string}\"},\"query-input\":{\"@type\":\"PropertyValueSpecification\",\"valueRequired\":true,\"valueName\":\"search_term_string\"}}],\"inLanguage\":\"pl-PL\"},{\"@type\":\"Organization\",\"@id\":\"https:\/\/www.elpromaelectronics.com\/pl\/#organization\",\"name\":\"Elproma Elektronika Sp. z o.o.\",\"url\":\"https:\/\/www.elpromaelectronics.com\/pl\/\",\"logo\":{\"@type\":\"ImageObject\",\"inLanguage\":\"pl-PL\",\"@id\":\"https:\/\/www.elpromaelectronics.com\/pl\/#\/schema\/logo\/image\/\",\"url\":\"https:\/\/www.elpromaelectronics.com\/wp-content\/uploads\/2021\/09\/Elproma_logo.jpg\",\"contentUrl\":\"https:\/\/www.elpromaelectronics.com\/wp-content\/uploads\/2021\/09\/Elproma_logo.jpg\",\"width\":1024,\"height\":229,\"caption\":\"Elproma Elektronika Sp. z o.o.\"},\"image\":{\"@id\":\"https:\/\/www.elpromaelectronics.com\/pl\/#\/schema\/logo\/image\/\"},\"sameAs\":[\"https:\/\/www.linkedin.com\/company\/elproma-electronics\/\"]}]}<\/script>\n<!-- \/ Yoast SEO Premium plugin. -->","yoast_head_json":{"title":"RB800L-IO modem - Elproma","description":"RB800L-IO compact industrial LTE Cat.1 modem with 2G fallback, Python programmable, RS232\/USB\/GPIO. Ideal for smart metering, logistics, security and IoT.","robots":{"index":"index","follow":"follow","max-snippet":"max-snippet:-1","max-image-preview":"max-image-preview:large","max-video-preview":"max-video-preview:-1"},"canonical":"https:\/\/www.elpromaelectronics.com\/pl\/produkt\/rb800l-io\/","og_locale":"pl_PL","og_type":"article","og_title":"RB800L-IO","og_description":"RB800L-IO compact industrial LTE Cat.1 modem with 2G fallback, Python programmable, RS232\/USB\/GPIO. Ideal for smart metering, logistics, security and IoT.","og_url":"https:\/\/www.elpromaelectronics.com\/pl\/produkt\/rb800l-io\/","og_site_name":"Elproma","article_modified_time":"2026-03-13T11:37:32+00:00","og_image":[{"width":1500,"height":1500,"url":"https:\/\/www.elpromaelectronics.com\/wp-content\/uploads\/2026\/01\/RB800L-IO.png","type":"image\/png"}],"twitter_card":"summary_large_image","twitter_misc":{"Szacowany czas czytania":"1 minuta"},"schema":{"@context":"https:\/\/schema.org","@graph":[{"@type":"WebPage","@id":"https:\/\/www.elpromaelectronics.com\/pl\/produkt\/rb800l-io\/","url":"https:\/\/www.elpromaelectronics.com\/pl\/produkt\/rb800l-io\/","name":"RB800L-IO modem - Elproma","isPartOf":{"@id":"https:\/\/www.elpromaelectronics.com\/pl\/#website"},"primaryImageOfPage":{"@id":"https:\/\/www.elpromaelectronics.com\/pl\/produkt\/rb800l-io\/#primaryimage"},"image":{"@id":"https:\/\/www.elpromaelectronics.com\/pl\/produkt\/rb800l-io\/#primaryimage"},"thumbnailUrl":"https:\/\/www.elpromaelectronics.com\/wp-content\/uploads\/2026\/01\/RB800L-IO.png","datePublished":"2026-01-22T09:51:58+00:00","dateModified":"2026-03-13T11:37:32+00:00","description":"RB800L-IO compact industrial LTE Cat.1 modem with 2G fallback, Python programmable, RS232\/USB\/GPIO. Ideal for smart metering, logistics, security and IoT.","breadcrumb":{"@id":"https:\/\/www.elpromaelectronics.com\/pl\/produkt\/rb800l-io\/#breadcrumb"},"inLanguage":"pl-PL","potentialAction":[{"@type":"ReadAction","target":["https:\/\/www.elpromaelectronics.com\/pl\/produkt\/rb800l-io\/"]}]},{"@type":"ImageObject","inLanguage":"pl-PL","@id":"https:\/\/www.elpromaelectronics.com\/pl\/produkt\/rb800l-io\/#primaryimage","url":"https:\/\/www.elpromaelectronics.com\/wp-content\/uploads\/2026\/01\/RB800L-IO.png","contentUrl":"https:\/\/www.elpromaelectronics.com\/wp-content\/uploads\/2026\/01\/RB800L-IO.png","width":1500,"height":1500,"caption":"RB800L-IO modem"},{"@type":"BreadcrumbList","@id":"https:\/\/www.elpromaelectronics.com\/pl\/produkt\/rb800l-io\/#breadcrumb","itemListElement":[{"@type":"ListItem","position":1,"name":"Home","item":"https:\/\/www.elpromaelectronics.com\/pl\/"},{"@type":"ListItem","position":2,"name":"Sklep","item":"https:\/\/www.elpromaelectronics.com\/pl\/sklep\/"},{"@type":"ListItem","position":3,"name":"RB800L-IO"}]},{"@type":"WebSite","@id":"https:\/\/www.elpromaelectronics.com\/pl\/#website","url":"https:\/\/www.elpromaelectronics.com\/pl\/","name":"Elproma","description":"","publisher":{"@id":"https:\/\/www.elpromaelectronics.com\/pl\/#organization"},"potentialAction":[{"@type":"SearchAction","target":{"@type":"EntryPoint","urlTemplate":"https:\/\/www.elpromaelectronics.com\/pl\/?s={search_term_string}"},"query-input":{"@type":"PropertyValueSpecification","valueRequired":true,"valueName":"search_term_string"}}],"inLanguage":"pl-PL"},{"@type":"Organization","@id":"https:\/\/www.elpromaelectronics.com\/pl\/#organization","name":"Elproma Elektronika Sp. z o.o.","url":"https:\/\/www.elpromaelectronics.com\/pl\/","logo":{"@type":"ImageObject","inLanguage":"pl-PL","@id":"https:\/\/www.elpromaelectronics.com\/pl\/#\/schema\/logo\/image\/","url":"https:\/\/www.elpromaelectronics.com\/wp-content\/uploads\/2021\/09\/Elproma_logo.jpg","contentUrl":"https:\/\/www.elpromaelectronics.com\/wp-content\/uploads\/2021\/09\/Elproma_logo.jpg","width":1024,"height":229,"caption":"Elproma Elektronika Sp. z o.o."},"image":{"@id":"https:\/\/www.elpromaelectronics.com\/pl\/#\/schema\/logo\/image\/"},"sameAs":["https:\/\/www.linkedin.com\/company\/elproma-electronics\/"]}]}},"_links":{"self":[{"href":"https:\/\/www.elpromaelectronics.com\/pl\/wp-json\/wp\/v2\/product\/6658","targetHints":{"allow":["GET"]}}],"collection":[{"href":"https:\/\/www.elpromaelectronics.com\/pl\/wp-json\/wp\/v2\/product"}],"about":[{"href":"https:\/\/www.elpromaelectronics.com\/pl\/wp-json\/wp\/v2\/types\/product"}],"version-history":[{"count":11,"href":"https:\/\/www.elpromaelectronics.com\/pl\/wp-json\/wp\/v2\/product\/6658\/revisions"}],"predecessor-version":[{"id":6744,"href":"https:\/\/www.elpromaelectronics.com\/pl\/wp-json\/wp\/v2\/product\/6658\/revisions\/6744"}],"wp:featuredmedia":[{"embeddable":true,"href":"https:\/\/www.elpromaelectronics.com\/pl\/wp-json\/wp\/v2\/media\/6660"}],"wp:attachment":[{"href":"https:\/\/www.elpromaelectronics.com\/pl\/wp-json\/wp\/v2\/media?parent=6658"}],"wp:term":[{"taxonomy":"component","embeddable":true,"href":"https:\/\/www.elpromaelectronics.com\/pl\/wp-json\/wp\/v2\/component?post=6658"},{"taxonomy":"product_brand","embeddable":true,"href":"https:\/\/www.elpromaelectronics.com\/pl\/wp-json\/wp\/v2\/product_brand?post=6658"},{"taxonomy":"product_cat","embeddable":true,"href":"https:\/\/www.elpromaelectronics.com\/pl\/wp-json\/wp\/v2\/product_cat?post=6658"},{"taxonomy":"product_tag","embeddable":true,"href":"https:\/\/www.elpromaelectronics.com\/pl\/wp-json\/wp\/v2\/product_tag?post=6658"}],"curies":[{"name":"wp","href":"https:\/\/api.w.org\/{rel}","templated":true}]}}